{"id":8801,"date":"2016-06-30T15:44:47","date_gmt":"2016-06-30T15:44:47","guid":{"rendered":"https:\/\/www.scopserv.com\/?page_id=8801"},"modified":"2019-12-16T13:07:29","modified_gmt":"2019-12-16T18:07:29","slug":"scopgate","status":"publish","type":"page","link":"https:\/\/www-old.scopserv.com\/fr\/produits\/logiciel\/scopgate\/","title":{"rendered":"ScopGate"},"content":{"rendered":"<p>[vc_row el_class=\u00a0\u00bbscopgate_top general-width\u00a0\u00bb css=\u00a0\u00bb.vc_custom_1473706431361{padding-top: 25px !important;}\u00a0\u00bb][vc_column width=\u00a0\u00bb1\/3&Prime; css=\u00a0\u00bb.vc_custom_1473706500735{padding-top: 75px !important;}\u00a0\u00bb][vc_column_text]<img loading=\"lazy\" class=\"alignnone size-full wp-image-8808\" src=\"https:\/\/www.scopserv.com\/wp-content\/uploads\/2016\/06\/scopgate_icon.png\" alt=\"scopgate_icon\" width=\"292\" height=\"292\" srcset=\"https:\/\/www-old.scopserv.com\/wp-content\/uploads\/2016\/06\/scopgate_icon.png 292w, https:\/\/www-old.scopserv.com\/wp-content\/uploads\/2016\/06\/scopgate_icon-150x150.png 150w, https:\/\/www-old.scopserv.com\/wp-content\/uploads\/2016\/06\/scopgate_icon-45x45.png 45w\" sizes=\"(max-width: 292px) 100vw, 292px\" \/>[\/vc_column_text][\/vc_column][vc_column width=\u00a0\u00bb2\/3&Prime; css=\u00a0\u00bb.vc_custom_1473706372126{padding-top: 25px !important;}\u00a0\u00bb][vc_column_text]<\/p>\n<div class=\"notes_version\">\n<div class=\"notes_version_inner\">SCOPGATE est en phase de d\u00e9veloppement et n&rsquo;est donc pas disponible pour le moment. Abonnez-vous \u00e0 notre infolettre pour suivre son \u00e9volution et conna\u00eetre tous les d\u00e9tails.<\/div>\n<\/div>\n<p>L\u2019environnement \u00e9volutif de ScopServ<\/p>\n<p>Passerelle entre syst\u00e8mes \u00e0 serveur unique et les environnements multiserveurs.[\/vc_column_text][\/vc_column][\/vc_row][vc_row][vc_column][vc_column_text]<\/p>\n<p>[\/vc_column_text][\/vc_column][\/vc_row][vc_row][vc_column][vc_column_text]<\/p>\n<p>[\/vc_column_text][\/vc_column][\/vc_row]<\/p>\n","protected":false},"excerpt":{"rendered":"<p>[vc_row el_class=\u00a0\u00bbscopgate_top general-width\u00a0\u00bb css=\u00a0\u00bb.vc_custom_1473706431361{padding-top: 25px !important;}\u00a0\u00bb][vc_column width=\u00a0\u00bb1\/3&Prime; css=\u00a0\u00bb.vc_custom_1473706500735{padding-top: 75px !important;}\u00a0\u00bb][vc_column_text][\/vc_column_text][\/vc_column][vc_column width=\u00a0\u00bb2\/3&Prime; css=\u00a0\u00bb.vc_custom_1473706372126{padding-top: 25px !important;}\u00a0\u00bb][vc_column_text] SCOPGATE est en phase de d\u00e9veloppement et n&rsquo;est donc pas disponible pour le moment. Abonnez-vous \u00e0 notre infolettre pour suivre son \u00e9volution et conna\u00eetre tous les d\u00e9tails. L\u2019environnement \u00e9volutif de ScopServ Passerelle entre syst\u00e8mes \u00e0 serveur unique et les environnements multiserveurs.[\/vc_column_text][\/vc_column][\/vc_row][vc_row][vc_column][vc_column_text] [&#8230;]<\/p>\n","protected":false},"author":1,"featured_media":0,"parent":134,"menu_order":0,"comment_status":"closed","ping_status":"closed","template":"page-front-page-revolution-fullwidth.php","meta":[],"aioseo_notices":[],"_links":{"self":[{"href":"https:\/\/www-old.scopserv.com\/fr\/wp-json\/wp\/v2\/pages\/8801"}],"collection":[{"href":"https:\/\/www-old.scopserv.com\/fr\/wp-json\/wp\/v2\/pages"}],"about":[{"href":"https:\/\/www-old.scopserv.com\/fr\/wp-json\/wp\/v2\/types\/page"}],"author":[{"embeddable":true,"href":"https:\/\/www-old.scopserv.com\/fr\/wp-json\/wp\/v2\/users\/1"}],"replies":[{"embeddable":true,"href":"https:\/\/www-old.scopserv.com\/fr\/wp-json\/wp\/v2\/comments?post=8801"}],"version-history":[{"count":20,"href":"https:\/\/www-old.scopserv.com\/fr\/wp-json\/wp\/v2\/pages\/8801\/revisions"}],"predecessor-version":[{"id":11762,"href":"https:\/\/www-old.scopserv.com\/fr\/wp-json\/wp\/v2\/pages\/8801\/revisions\/11762"}],"up":[{"embeddable":true,"href":"https:\/\/www-old.scopserv.com\/fr\/wp-json\/wp\/v2\/pages\/134"}],"wp:attachment":[{"href":"https:\/\/www-old.scopserv.com\/fr\/wp-json\/wp\/v2\/media?parent=8801"}],"curies":[{"name":"wp","href":"https:\/\/api.w.org\/{rel}","templated":true}]}}