{"id":8451,"date":"2016-06-23T20:50:28","date_gmt":"2016-06-23T20:50:28","guid":{"rendered":"https:\/\/www.scopserv.com\/?page_id=8451"},"modified":"2021-03-13T15:31:29","modified_gmt":"2021-03-13T20:31:29","slug":"documentations","status":"publish","type":"page","link":"https:\/\/www-old.scopserv.com\/fr\/produits\/documentations\/","title":{"rendered":"Brochures de produits"},"content":{"rendered":"<p>[vc_row el_class=\u00a0\u00bbgeneral-width pdfs\u00a0\u00bb css=\u00a0\u00bb.vc_custom_1466715106287{margin-top: 50px !important;}\u00a0\u00bb][vc_column width=\u00a0\u00bb1\/3&Prime;][vc_single_image image=\u00a0\u00bb9835&Prime; img_size=\u00a0\u00bb270X229&Prime; style=\u00a0\u00bbvc_box_border\u00a0\u00bb onclick=\u00a0\u00bbcustom_link\u00a0\u00bb img_link_target=\u00a0\u00bb_blank\u00a0\u00bb link=\u00a0\u00bbhttps:\/\/www.scopserv.com\/wp-content\/uploads\/2019\/11\/SCOPSERV_FR_versionfinale.pdf\u00a0\u00bb][\/vc_column][vc_column width=\u00a0\u00bb1\/3&Prime;][vc_single_image image=\u00a0\u00bb8733&Prime; img_size=\u00a0\u00bb270X229&Prime; style=\u00a0\u00bbvc_box_border\u00a0\u00bb onclick=\u00a0\u00bbcustom_link\u00a0\u00bb img_link_target=\u00a0\u00bb_blank\u00a0\u00bb link=\u00a0\u00bbhttps:\/\/www.scopserv.com\/wp-content\/uploads\/2019\/06\/SCOPTEL_Licences_Brochure_2019_FR.pdf\u00a0\u00bb][\/vc_column][vc_column width=\u00a0\u00bb1\/3&Prime;][vc_single_image image=\u00a0\u00bb12556&Prime; img_size=\u00a0\u00bb270X229&Prime; style=\u00a0\u00bbvc_box_border\u00a0\u00bb onclick=\u00a0\u00bbcustom_link\u00a0\u00bb img_link_target=\u00a0\u00bb_blank\u00a0\u00bb link=\u00a0\u00bbhttps:\/\/www.scopserv.com\/wp-content\/uploads\/2019\/11\/SCOPTEL_FR_versionfinale.pdf\u00a0\u00bb][\/vc_column][vc_column][\/vc_column][\/vc_row][vc_row el_class=\u00a0\u00bbgeneral-width pdfs\u00a0\u00bb css=\u00a0\u00bb.vc_custom_1466715106287{margin-top: 50px !important;}\u00a0\u00bb][vc_column width=\u00a0\u00bb1\/3&Prime;][vc_single_image image=\u00a0\u00bb12507&Prime; img_size=\u00a0\u00bb270&#215;229&Prime; add_caption=\u00a0\u00bbyes\u00a0\u00bb style=\u00a0\u00bbvc_box_border\u00a0\u00bb onclick=\u00a0\u00bbcustom_link\u00a0\u00bb img_link_target=\u00a0\u00bb_blank\u00a0\u00bb link=\u00a0\u00bbhttps:\/\/www.scopserv.com\/wp-content\/uploads\/2020\/03\/SCOPDEV_FR_versionfinale-1.pdf\u00a0\u00bb][vc_single_image image=\u00a0\u00bb12514&Prime; img_size=\u00a0\u00bb270&#215;229&Prime; style=\u00a0\u00bbvc_box_border\u00a0\u00bb onclick=\u00a0\u00bbcustom_link\u00a0\u00bb img_link_target=\u00a0\u00bb_blank\u00a0\u00bb link=\u00a0\u00bbhttps:\/\/www.scopserv.com\/wp-content\/uploads\/2019\/11\/SCOPCLOUD_FR_versionfinale.pdf\u00a0\u00bb][\/vc_column][vc_column width=\u00a0\u00bb1\/3&Prime;][vc_single_image image=\u00a0\u00bb12366&Prime; img_size=\u00a0\u00bb270X229&Prime; style=\u00a0\u00bbvc_box_border\u00a0\u00bb onclick=\u00a0\u00bbcustom_link\u00a0\u00bb img_link_target=\u00a0\u00bb_blank\u00a0\u00bb link=\u00a0\u00bbhttps:\/\/www.scopserv.com\/wp-content\/uploads\/2020\/03\/SCOPSTATS_FR_versionfinale.pdf\u00a0\u00bb][vc_single_image image=\u00a0\u00bb12354&Prime; img_size=\u00a0\u00bb270X229&Prime; style=\u00a0\u00bbvc_box_border\u00a0\u00bb onclick=\u00a0\u00bbcustom_link\u00a0\u00bb img_link_target=\u00a0\u00bb_blank\u00a0\u00bb link=\u00a0\u00bbhttps:\/\/www.scopserv.com\/wp-content\/uploads\/2021\/03\/SCOPCOMM-FR.pdf\u00a0\u00bb][\/vc_column][vc_column width=\u00a0\u00bb1\/3&Prime;][vc_single_image image=\u00a0\u00bb12370&Prime; img_size=\u00a0\u00bb270X229&Prime; style=\u00a0\u00bbvc_box_border\u00a0\u00bb onclick=\u00a0\u00bbcustom_link\u00a0\u00bb img_link_target=\u00a0\u00bb_blank\u00a0\u00bb link=\u00a0\u00bbhttps:\/\/www.scopserv.com\/wp-content\/uploads\/2020\/03\/SCOPSWITCH_FR_versionfinale.pdf\u00a0\u00bb][vc_single_image image=\u00a0\u00bb12800&Prime; img_size=\u00a0\u00bb270X229&Prime; style=\u00a0\u00bbvc_box_border\u00a0\u00bb onclick=\u00a0\u00bbcustom_link\u00a0\u00bb img_link_target=\u00a0\u00bb_blank\u00a0\u00bb link=\u00a0\u00bbhttps:\/\/www.scopserv.com\/wp-content\/uploads\/2019\/11\/SCOPSERV_APA_FR_versionfinale.pdf\u00a0\u00bb][\/vc_column][\/vc_row][vc_row el_class=\u00a0\u00bbgeneral-width pdfs\u00a0\u00bb css=\u00a0\u00bb.vc_custom_1471465291195{margin-top: 50px !important;}\u00a0\u00bb][vc_column width=\u00a0\u00bb1\/3&Prime;][vc_single_image image=\u00a0\u00bb9903&Prime; img_size=\u00a0\u00bb270&#215;229&Prime; style=\u00a0\u00bbvc_box_border\u00a0\u00bb onclick=\u00a0\u00bbcustom_link\u00a0\u00bb img_link_target=\u00a0\u00bb_blank\u00a0\u00bb link=\u00a0\u00bbhttps:\/\/www.scopserv.com\/wp-content\/uploads\/2016\/08\/ScopSTATS-ScopSWITCH-base-documentation_2016-en.pdf\u00a0\u00bb][\/vc_column][vc_column width=\u00a0\u00bb1\/3&Prime;][vc_single_image image=\u00a0\u00bb11146&Prime; img_size=\u00a0\u00bb270&#215;229&Prime; style=\u00a0\u00bbvc_box_border\u00a0\u00bb onclick=\u00a0\u00bbcustom_link\u00a0\u00bb img_link_target=\u00a0\u00bb_blank\u00a0\u00bb link=\u00a0\u00bbhttps:\/\/www.scopserv.com\/wp-content\/uploads\/2017\/04\/ScopSTATS_Manuel_fr.pdf\u00a0\u00bb][\/vc_column][vc_column width=\u00a0\u00bb1\/3&Prime;][vc_single_image image=\u00a0\u00bb11145&Prime; img_size=\u00a0\u00bb270&#215;229&Prime; style=\u00a0\u00bbvc_box_border\u00a0\u00bb onclick=\u00a0\u00bbcustom_link\u00a0\u00bb img_link_target=\u00a0\u00bb_blank\u00a0\u00bb][\/vc_column][\/vc_row][vc_row el_class=\u00a0\u00bbgeneral-width pdfs\u00a0\u00bb css=\u00a0\u00bb.vc_custom_1466715106287{margin-top: 50px !important;}\u00a0\u00bb][vc_column width=\u00a0\u00bb1\/3&Prime;][vc_single_image image=\u00a0\u00bb9918&Prime; img_size=\u00a0\u00bb270&#215;229&Prime; style=\u00a0\u00bbvc_box_border\u00a0\u00bb onclick=\u00a0\u00bbcustom_link\u00a0\u00bb img_link_target=\u00a0\u00bb_blank\u00a0\u00bb link=\u00a0\u00bbhttps:\/\/www.scopserv.com\/wp-content\/uploads\/2016\/10\/ScopServ-ACD_Presentation_2016-fr.pdf\u00a0\u00bb][\/vc_column][vc_column width=\u00a0\u00bb1\/3&Prime;][vc_single_image image=\u00a0\u00bb9882&Prime; img_size=\u00a0\u00bb270&#215;229&Prime; style=\u00a0\u00bbvc_box_border\u00a0\u00bb onclick=\u00a0\u00bbcustom_link\u00a0\u00bb img_link_target=\u00a0\u00bb_blank\u00a0\u00bb link=\u00a0\u00bbhttps:\/\/www.scopserv.com\/wp-content\/uploads\/2016\/10\/ScopTEL-Pr\u00e9sentation-G\u00e9n\u00e9rale_2016_fr.pdf\u00a0\u00bb][\/vc_column][vc_column width=\u00a0\u00bb1\/3&Prime;][vc_single_image image=\u00a0\u00bb11024&Prime; img_size=\u00a0\u00bb270&#215;229&Prime; style=\u00a0\u00bbvc_box_border\u00a0\u00bb onclick=\u00a0\u00bbcustom_link\u00a0\u00bb img_link_target=\u00a0\u00bb_blank\u00a0\u00bb link=\u00a0\u00bbhttps:\/\/www.scopserv.com\/wp-content\/uploads\/2017\/09\/User-Web-Portal-Manuel-utilisateur-18.pdf\u00a0\u00bb][\/vc_column][\/vc_row][vc_row el_class=\u00a0\u00bbgeneral-width pdfs\u00a0\u00bb css=\u00a0\u00bb.vc_custom_1471465291195{margin-top: 50px !important;}\u00a0\u00bb][vc_column width=\u00a0\u00bb1\/3&Prime;][vc_single_image image=\u00a0\u00bb8751&Prime; img_size=\u00a0\u00bb270X229&Prime; style=\u00a0\u00bbvc_box_border\u00a0\u00bb onclick=\u00a0\u00bbcustom_link\u00a0\u00bb img_link_target=\u00a0\u00bb_blank\u00a0\u00bb link=\u00a0\u00bbhttps:\/\/www.scopserv.com\/wp-content\/uploads\/2019\/06\/SCOPBOX_brochure_FR_2019.pdf\u00a0\u00bb][\/vc_column][vc_column width=\u00a0\u00bb1\/3&Prime;][\/vc_column][\/vc_row][vc_row][vc_column][rev_slider_vc alias=\u00a0\u00bbsmall-contact-us\u00a0\u00bb][\/vc_column][vc_column][\/vc_column][\/vc_row]<\/p>\n","protected":false},"excerpt":{"rendered":"<p>[vc_row el_class=\u00a0\u00bbgeneral-width pdfs\u00a0\u00bb css=\u00a0\u00bb.vc_custom_1466715106287{margin-top: 50px !important;}\u00a0\u00bb][vc_column width=\u00a0\u00bb1\/3&Prime;][vc_single_image image=\u00a0\u00bb9835&Prime; img_size=\u00a0\u00bb270X229&Prime; style=\u00a0\u00bbvc_box_border\u00a0\u00bb onclick=\u00a0\u00bbcustom_link\u00a0\u00bb img_link_target=\u00a0\u00bb_blank\u00a0\u00bb link=\u00a0\u00bbhttps:\/\/www.scopserv.com\/wp-content\/uploads\/2019\/11\/SCOPSERV_FR_versionfinale.pdf\u00a0\u00bb][\/vc_column][vc_column width=\u00a0\u00bb1\/3&Prime;][vc_single_image image=\u00a0\u00bb8733&Prime; img_size=\u00a0\u00bb270X229&Prime; style=\u00a0\u00bbvc_box_border\u00a0\u00bb onclick=\u00a0\u00bbcustom_link\u00a0\u00bb img_link_target=\u00a0\u00bb_blank\u00a0\u00bb link=\u00a0\u00bbhttps:\/\/www.scopserv.com\/wp-content\/uploads\/2019\/06\/SCOPTEL_Licences_Brochure_2019_FR.pdf\u00a0\u00bb][\/vc_column][vc_column width=\u00a0\u00bb1\/3&Prime;][vc_single_image image=\u00a0\u00bb12556&Prime; img_size=\u00a0\u00bb270X229&Prime; style=\u00a0\u00bbvc_box_border\u00a0\u00bb onclick=\u00a0\u00bbcustom_link\u00a0\u00bb img_link_target=\u00a0\u00bb_blank\u00a0\u00bb link=\u00a0\u00bbhttps:\/\/www.scopserv.com\/wp-content\/uploads\/2019\/11\/SCOPTEL_FR_versionfinale.pdf\u00a0\u00bb][\/vc_column][vc_column][\/vc_column][\/vc_row][vc_row el_class=\u00a0\u00bbgeneral-width pdfs\u00a0\u00bb css=\u00a0\u00bb.vc_custom_1466715106287{margin-top: 50px !important;}\u00a0\u00bb][vc_column width=\u00a0\u00bb1\/3&Prime;][vc_single_image image=\u00a0\u00bb12507&Prime; img_size=\u00a0\u00bb270&#215;229&Prime; add_caption=\u00a0\u00bbyes\u00a0\u00bb style=\u00a0\u00bbvc_box_border\u00a0\u00bb onclick=\u00a0\u00bbcustom_link\u00a0\u00bb img_link_target=\u00a0\u00bb_blank\u00a0\u00bb link=\u00a0\u00bbhttps:\/\/www.scopserv.com\/wp-content\/uploads\/2020\/03\/SCOPDEV_FR_versionfinale-1.pdf\u00a0\u00bb][vc_single_image image=\u00a0\u00bb12514&Prime; img_size=\u00a0\u00bb270&#215;229&Prime; style=\u00a0\u00bbvc_box_border\u00a0\u00bb onclick=\u00a0\u00bbcustom_link\u00a0\u00bb img_link_target=\u00a0\u00bb_blank\u00a0\u00bb link=\u00a0\u00bbhttps:\/\/www.scopserv.com\/wp-content\/uploads\/2019\/11\/SCOPCLOUD_FR_versionfinale.pdf\u00a0\u00bb][\/vc_column][vc_column width=\u00a0\u00bb1\/3&Prime;][vc_single_image image=\u00a0\u00bb12366&Prime; img_size=\u00a0\u00bb270X229&Prime; style=\u00a0\u00bbvc_box_border\u00a0\u00bb onclick=\u00a0\u00bbcustom_link\u00a0\u00bb img_link_target=\u00a0\u00bb_blank\u00a0\u00bb link=\u00a0\u00bbhttps:\/\/www.scopserv.com\/wp-content\/uploads\/2020\/03\/SCOPSTATS_FR_versionfinale.pdf\u00a0\u00bb][vc_single_image image=\u00a0\u00bb12354&Prime; img_size=\u00a0\u00bb270X229&Prime; [&#8230;]<\/p>\n","protected":false},"author":1,"featured_media":0,"parent":9254,"menu_order":0,"comment_status":"closed","ping_status":"closed","template":"page-front-page-revolution-fullwidth.php","meta":[],"aioseo_notices":[],"_links":{"self":[{"href":"https:\/\/www-old.scopserv.com\/fr\/wp-json\/wp\/v2\/pages\/8451"}],"collection":[{"href":"https:\/\/www-old.scopserv.com\/fr\/wp-json\/wp\/v2\/pages"}],"about":[{"href":"https:\/\/www-old.scopserv.com\/fr\/wp-json\/wp\/v2\/types\/page"}],"author":[{"embeddable":true,"href":"https:\/\/www-old.scopserv.com\/fr\/wp-json\/wp\/v2\/users\/1"}],"replies":[{"embeddable":true,"href":"https:\/\/www-old.scopserv.com\/fr\/wp-json\/wp\/v2\/comments?post=8451"}],"version-history":[{"count":151,"href":"https:\/\/www-old.scopserv.com\/fr\/wp-json\/wp\/v2\/pages\/8451\/revisions"}],"predecessor-version":[{"id":16409,"href":"https:\/\/www-old.scopserv.com\/fr\/wp-json\/wp\/v2\/pages\/8451\/revisions\/16409"}],"up":[{"embeddable":true,"href":"https:\/\/www-old.scopserv.com\/fr\/wp-json\/wp\/v2\/pages\/9254"}],"wp:attachment":[{"href":"https:\/\/www-old.scopserv.com\/fr\/wp-json\/wp\/v2\/media?parent=8451"}],"curies":[{"name":"wp","href":"https:\/\/api.w.org\/{rel}","templated":true}]}}