{"id":8168,"date":"2016-06-17T16:57:56","date_gmt":"2016-06-17T16:57:56","guid":{"rendered":"https:\/\/www.scopserv.com\/?page_id=8168"},"modified":"2020-05-20T16:30:12","modified_gmt":"2020-05-20T20:30:12","slug":"usager","status":"publish","type":"page","link":"https:\/\/www-old.scopserv.com\/fr\/usager\/","title":{"rendered":"Entreprise"},"content":{"rendered":"<p>[vc_row full_width=\u00a0\u00bbstretch_row\u00a0\u00bb css=\u00a0\u00bb.vc_custom_1589997877255{padding-top: 100px !important;padding-bottom: 100px !important;background-image: url(https:\/\/www.scopserv.com\/wp-content\/uploads\/2016\/03\/pro-services.jpg?id=92) !important;background-position: center !important;background-repeat: no-repeat !important;background-size: cover !important;}\u00a0\u00bb][vc_column][vc_row_inner equal_height=\u00a0\u00bbyes\u00a0\u00bb content_placement=\u00a0\u00bbmiddle\u00a0\u00bb css=\u00a0\u00bb.vc_custom_1589997936584{padding-top: 50px !important;padding-right: 50px !important;padding-bottom: 50px !important;padding-left: 50px !important;background-color: rgba(28,28,55,0.5) !important;*background-color: rgb(28,28,55) !important;border-radius: 25px !important;}\u00a0\u00bb][vc_column_inner width=\u00a0\u00bb1\/3&Prime;][vc_icon type=\u00a0\u00bbmaterial\u00a0\u00bb icon_material=\u00a0\u00bbvc-material vc-material-business_center\u00a0\u00bb color=\u00a0\u00bbwhite\u00a0\u00bb size=\u00a0\u00bbxl\u00a0\u00bb align=\u00a0\u00bbcenter\u00a0\u00bb][vc_custom_heading text=\u00a0\u00bbENTREPRISE\u00a0\u00bb font_container=\u00a0\u00bbtag:h1|font_size:70|text_align:center|color:%23ffffff\u00a0\u00bb use_theme_fonts=\u00a0\u00bbyes\u00a0\u00bb][\/vc_column_inner][vc_column_inner width=\u00a0\u00bb2\/3&Prime;][vc_empty_space][vc_custom_heading text=\u00a0\u00bbVous avez besoin d\u2019un syst\u00e8me t\u00e9l\u00e9phonique de pointe ?\u00a0\u00bb font_container=\u00a0\u00bbtag:h1|text_align:center|color:%23ffffff\u00a0\u00bb use_theme_fonts=\u00a0\u00bbyes\u00a0\u00bb][vc_empty_space][vc_column_text]<span style=\"color: #ffffff;\">La suite logicielle SCOPTEL IPBX est un gestionnaire complet bas\u00e9 sur la technologie open source Asterisk.<\/span><\/p>\n<p><span style=\"color: #ffffff;\">Gr\u00e2ce \u00e0 son interface graphique intuitive, SCOPTEL IPBX augmente au maximum le potentiel de l\u2019ensemble des fonctionnalit\u00e9s \u00e9prouv\u00e9es de cette plateforme.<\/span><\/p>\n<p><span style=\"color: #ffffff;\">Solide et reconnue par tous les professionnels de la VoIP, SCOPTEL IPBX offre \u00e0 l\u2019usager une facilit\u00e9 d\u2019utilisation in\u00e9gal\u00e9e et mettre \u00e0 la disposition de toute entreprise un v\u00e9ritable syst\u00e8me de communication unifi\u00e9e.<\/span>[\/vc_column_text][\/vc_column_inner][\/vc_row_inner][\/vc_column][\/vc_row][vc_row][vc_column][\/vc_column][\/vc_row][vc_row el_class=\u00a0\u00bbusager_fonc general-width itsp_int_usa_list\u00a0\u00bb][vc_column][vc_column_text]<\/p>\n<p style=\"text-align: center;\"><span style=\"text-decoration: underline;\"><span style=\"font-family: helvetica, arial, sans-serif; font-size: 20px;\">SCOPTEL est une suite logicielle IPBX tout-en-un d\u2019une qualit\u00e9 exceptionnelle permettant la gestion compl\u00e8te des appels d\u2019entreprises de tout genre.<\/span><\/span><\/p>\n<p style=\"text-align: left;\"><span style=\"font-family: helvetica, arial, sans-serif;\">SCOPTEL IPBX allie trois avantages fondamentaux de la t\u00e9l\u00e9phonie IP: rentabilit\u00e9, fiabilit\u00e9 et \u00e9volutivit\u00e9. Elle permet <\/span><span style=\"font-family: helvetica, arial, sans-serif;\">de composer un syst\u00e8me complet et efficace de t\u00e9l\u00e9phonie d\u2019affaires, de communications unifi\u00e9es (UC) et de Centre de contact client (CCC).<\/span><\/p>\n<ul style=\"list-style-type: circle;\">\n<li style=\"text-align: left;\"><span style=\"font-family: helvetica, arial, sans-serif;\">Enti\u00e8rement d\u00e9mat\u00e9rialis\u00e9e, la suite logicielle SCOPTEL IPBX se t\u00e9l\u00e9charge sur la plate-forme de votre choix pour \u00eatre install\u00e9e sur n\u2019importe quel serveur physique du march\u00e9 ou machine virtuelle.<\/span><\/li>\n<li style=\"text-align: left;\"><span style=\"font-family: helvetica, arial, sans-serif;\">Grande vari\u00e9t\u00e9 de rapports texte et graphique avec donn\u00e9es historiques et en temps r\u00e9el pour analyser rapidement les serveurs, les extensions t\u00e9l\u00e9phoniques et les lignes d\u2019appels.<\/span><\/li>\n<li style=\"text-align: left;\"><span style=\"font-family: helvetica, arial, sans-serif;\">Dot\u00e9 d\u2019une interface graphique utilisateur (GUI) multilingue riche en fonctionnalit\u00e9s t\u00e9l\u00e9phoniques pour administrateur et d\u2019un portail Web pour usagers. <\/span><\/li>\n<li style=\"text-align: left;\"><span style=\"font-family: helvetica, arial, sans-serif;\">SCOPTEL IPBX procure \u00e9galement des acc\u00e8s contingent\u00e9s pour sous-administrateurs par entreprise et\/ou par multi-soci\u00e9t\u00e9s.<\/span><\/li>\n<\/ul>\n<p style=\"text-align: left;\"><span style=\"font-family: helvetica, arial, sans-serif;\"><a class=\"usager_func_btn\" href=\"https:\/\/www.scopserv.com\/fr\/produits\/logiciel\/\">D\u00e9couvrez ici toutes les fonctionnalit\u00e9s<\/a><\/span><\/p>\n<p>[\/vc_column_text][\/vc_column][\/vc_row][vc_row el_class=\u00a0\u00bbintegrateur_brochure\u00a0\u00bb][vc_column][vc_row_inner el_class=\u00a0\u00bbgeneral-width\u00a0\u00bb][vc_column_inner width=\u00a0\u00bb2\/3&Prime;][vc_column_text]La r\u00e9activit\u00e9 de SCOPSERV \u00e0 d\u00e9ployer de nouvelles fonctions est incomparable. T\u00e9l\u00e9charger nos brochures pour d\u00e9couvrir toutes les fonctionnalit\u00e9s et les nouvelles options disponibles.[\/vc_column_text][\/vc_column_inner][vc_column_inner width=\u00a0\u00bb1\/3&Prime;][vc_column_text]<a class=\"integrateur_brochures_btn\" href=\"https:\/\/www.scopserv.com\/fr\/produits\/documentations\/\"><img loading=\"lazy\" class=\"aligncenter size-full wp-image-8124\" src=\"https:\/\/www.scopserv.com\/wp-content\/uploads\/2016\/06\/brochures_icon_scopserv.png\" alt=\"brochures_icon_scopserv\" width=\"93\" height=\"75\" \/><br \/>\nT\u00e9l\u00e9charger<br \/>\nles brochures<br \/>\n<\/a>[\/vc_column_text][\/vc_column_inner][\/vc_row_inner][\/vc_column][\/vc_row][vc_row el_class=\u00a0\u00bbintegrateur_demo_gratuit\u00a0\u00bb][vc_column][vc_row_inner el_class=\u00a0\u00bbgeneral-width\u00a0\u00bb][vc_column_inner width=\u00a0\u00bb1\/2&Prime; css=\u00a0\u00bb.vc_custom_1589998655277{background-image: url(https:\/\/www.scopserv.com\/wp-content\/uploads\/2015\/09\/two-news-with-borders-3258.jpg?id=14074) !important;background-position: center !important;background-repeat: no-repeat !important;background-size: cover !important;}\u00a0\u00bb][vc_single_image image=\u00a0\u00bb2002&Prime; onclick=\u00a0\u00bbcustom_link\u00a0\u00bb img_link_target=\u00a0\u00bb_blank\u00a0\u00bb link=\u00a0\u00bbhttps:\/\/www.scopserv.com\/fr\/essayez-le\/\u00a0\u00bb][vc_custom_heading text=\u00a0\u00bbEssayer notre GUI\u00a0\u00bb font_container=\u00a0\u00bbtag:h2|text_align:right|color:%23ffffff\u00a0\u00bb google_fonts=\u00a0\u00bbfont_family:Lato%3A100%2C100italic%2C300%2C300italic%2Cregular%2Citalic%2C700%2C700italic%2C900%2C900italic|font_style:400%20regular%3A400%3Anormal\u00a0\u00bb][vc_custom_heading text=\u00a0\u00bbgratuit en ligne\u00a0\u00bb font_container=\u00a0\u00bbtag:h2|text_align:right|color:%23ffffff\u00a0\u00bb google_fonts=\u00a0\u00bbfont_family:Lato%3A100%2C100italic%2C300%2C300italic%2Cregular%2Citalic%2C700%2C700italic%2C900%2C900italic|font_style:400%20regular%3A400%3Anormal\u00a0\u00bb][\/vc_column_inner][vc_column_inner width=\u00a0\u00bb1\/2&Prime;][vc_column_text]<\/p>\n<p style=\"text-align: justify;\">SCOPTEL IPBX est offert sous diff\u00e9rents modes de licences afin de bien r\u00e9pondre aux besoins de tous les types et tailles des entreprises, des moins de 25 employ\u00e9s aux centaines d\u2019employ\u00e9s r\u00e9partis dans un ou plusieurs sites \u00e9loign\u00e9s.<\/p>\n<p style=\"text-align: justify;\">Contactez-nous pour connaitre les coordonn\u00e9es du distributeur \/ revendeur de votre r\u00e9gion.<\/p>\n<p>[\/vc_column_text][\/vc_column_inner][\/vc_row_inner][\/vc_column][\/vc_row][vc_row][vc_column][rev_slider_vc alias=\u00a0\u00bbsmall-contact-us\u00a0\u00bb][\/vc_column][\/vc_row]<\/p>\n","protected":false},"excerpt":{"rendered":"<p>[vc_row full_width=\u00a0\u00bbstretch_row\u00a0\u00bb css=\u00a0\u00bb.vc_custom_1589997877255{padding-top: 100px !important;padding-bottom: 100px !important;background-image: url(https:\/\/www.scopserv.com\/wp-content\/uploads\/2016\/03\/pro-services.jpg?id=92) !important;background-position: center !important;background-repeat: no-repeat !important;background-size: cover !important;}\u00a0\u00bb][vc_column][vc_row_inner equal_height=\u00a0\u00bbyes\u00a0\u00bb content_placement=\u00a0\u00bbmiddle\u00a0\u00bb css=\u00a0\u00bb.vc_custom_1589997936584{padding-top: 50px !important;padding-right: 50px !important;padding-bottom: 50px !important;padding-left: 50px !important;background-color: rgba(28,28,55,0.5) !important;*background-color: rgb(28,28,55) !important;border-radius: 25px !important;}\u00a0\u00bb][vc_column_inner width=\u00a0\u00bb1\/3&Prime;][vc_icon type=\u00a0\u00bbmaterial\u00a0\u00bb icon_material=\u00a0\u00bbvc-material vc-material-business_center\u00a0\u00bb color=\u00a0\u00bbwhite\u00a0\u00bb size=\u00a0\u00bbxl\u00a0\u00bb align=\u00a0\u00bbcenter\u00a0\u00bb][vc_custom_heading text=\u00a0\u00bbENTREPRISE\u00a0\u00bb font_container=\u00a0\u00bbtag:h1|font_size:70|text_align:center|color:%23ffffff\u00a0\u00bb use_theme_fonts=\u00a0\u00bbyes\u00a0\u00bb][\/vc_column_inner][vc_column_inner width=\u00a0\u00bb2\/3&Prime;][vc_empty_space][vc_custom_heading text=\u00a0\u00bbVous avez besoin d\u2019un syst\u00e8me t\u00e9l\u00e9phonique de pointe ?\u00a0\u00bb font_container=\u00a0\u00bbtag:h1|text_align:center|color:%23ffffff\u00a0\u00bb use_theme_fonts=\u00a0\u00bbyes\u00a0\u00bb][vc_empty_space][vc_column_text]La suite [&#8230;]<\/p>\n","protected":false},"author":1,"featured_media":0,"parent":0,"menu_order":0,"comment_status":"closed","ping_status":"closed","template":"page-front-page-revolution-fullwidth.php","meta":[],"aioseo_notices":[],"_links":{"self":[{"href":"https:\/\/www-old.scopserv.com\/fr\/wp-json\/wp\/v2\/pages\/8168"}],"collection":[{"href":"https:\/\/www-old.scopserv.com\/fr\/wp-json\/wp\/v2\/pages"}],"about":[{"href":"https:\/\/www-old.scopserv.com\/fr\/wp-json\/wp\/v2\/types\/page"}],"author":[{"embeddable":true,"href":"https:\/\/www-old.scopserv.com\/fr\/wp-json\/wp\/v2\/users\/1"}],"replies":[{"embeddable":true,"href":"https:\/\/www-old.scopserv.com\/fr\/wp-json\/wp\/v2\/comments?post=8168"}],"version-history":[{"count":37,"href":"https:\/\/www-old.scopserv.com\/fr\/wp-json\/wp\/v2\/pages\/8168\/revisions"}],"predecessor-version":[{"id":15703,"href":"https:\/\/www-old.scopserv.com\/fr\/wp-json\/wp\/v2\/pages\/8168\/revisions\/15703"}],"wp:attachment":[{"href":"https:\/\/www-old.scopserv.com\/fr\/wp-json\/wp\/v2\/media?parent=8168"}],"curies":[{"name":"wp","href":"https:\/\/api.w.org\/{rel}","templated":true}]}}