{"id":8116,"date":"2016-06-17T13:45:31","date_gmt":"2016-06-17T13:45:31","guid":{"rendered":"https:\/\/www.scopserv.com\/?page_id=8116"},"modified":"2020-05-21T11:24:29","modified_gmt":"2020-05-21T15:24:29","slug":"integrateur","status":"publish","type":"page","link":"https:\/\/www-old.scopserv.com\/fr\/integrateur\/","title":{"rendered":"Entrepreneur"},"content":{"rendered":"<p>[vc_row full_width=\u00a0\u00bbstretch_row\u00a0\u00bb css=\u00a0\u00bb.vc_custom_1589999458540{padding-top: 100px !important;padding-bottom: 100px !important;background-image: url(https:\/\/www.scopserv.com\/wp-content\/uploads\/2016\/03\/pro-services.jpg?id=92) !important;background-position: center !important;background-repeat: no-repeat !important;background-size: cover !important;}\u00a0\u00bb][vc_column][vc_row_inner equal_height=\u00a0\u00bbyes\u00a0\u00bb content_placement=\u00a0\u00bbmiddle\u00a0\u00bb css=\u00a0\u00bb.vc_custom_1589999488518{padding-top: 50px !important;padding-right: 50px !important;padding-bottom: 50px !important;padding-left: 50px !important;background-color: rgba(28,28,55,0.5) !important;*background-color: rgb(28,28,55) !important;border-radius: 25px !important;}\u00a0\u00bb][vc_column_inner width=\u00a0\u00bb1\/3&Prime;][vc_icon icon_fontawesome=\u00a0\u00bbfas fa-building\u00a0\u00bb color=\u00a0\u00bbwhite\u00a0\u00bb size=\u00a0\u00bbxl\u00a0\u00bb align=\u00a0\u00bbcenter\u00a0\u00bb][vc_custom_heading text=\u00a0\u00bbENTREPRENEUR\u00a0\u00bb font_container=\u00a0\u00bbtag:h2|font_size:50|text_align:center|color:%23ffffff\u00a0\u00bb use_theme_fonts=\u00a0\u00bbyes\u00a0\u00bb][\/vc_column_inner][vc_column_inner width=\u00a0\u00bb2\/3&Prime;][vc_custom_heading text=\u00a0\u00bbVous avez besoin d\u2019un syst\u00e8me t\u00e9l\u00e9phonique multi-soci\u00e9t\u00e9s de pointe pour effectuer de la revente de service infonuagique ?\u00a0\u00bb font_container=\u00a0\u00bbtag:h1|text_align:center|color:%23ffffff|line_height:1&Prime; use_theme_fonts=\u00a0\u00bbyes\u00a0\u00bb][vc_empty_space][vc_column_text]<\/p>\n<p style=\"text-align: justify;\"><span style=\"color: #ffffff; font-size: 20px; font-family: helvetica, arial, sans-serif;\">SCOPSERV offre une version de la suite logicielle SCOPTEL IPBX pour revendeurs de services \u00e0 valeur ajout\u00e9e en mode SaaS pour r\u00e9pondre soit aux besoins exprim\u00e9s par les usagers finaux, et surtout, soit qui est adapt\u00e9e \u00e0 ceux qui la g\u00e8rent et l\u2019exploitent.<\/span><\/p>\n<p><span style=\"color: #ffffff; font-size: 20px; font-family: helvetica, arial, sans-serif;\">Gr\u00e2ce \u00e0 une seule interface graphique, SCOPTEL IPBX multi-soci\u00e9t\u00e9s augmente au maximum le potentiel de l\u2019ensemble des fonctionnalit\u00e9s \u00e9prouv\u00e9es de cette plateforme.<\/span><\/p>\n<p style=\"text-align: justify;\"><span style=\"color: #ffffff; font-size: 20px; font-family: helvetica, arial, sans-serif;\">Solide et reconnue par tous les professionnels de la VoIP, SCOPTEL IPBX offre aux professionnels de l\u2019industrie des t\u00e9l\u00e9communications un ensemble logiciel en t\u00e9l\u00e9versement vers un serveur physique ou virtuel du centre de donn\u00e9es de votre choix.<\/span><\/p>\n<p>[\/vc_column_text][\/vc_column_inner][\/vc_row_inner][\/vc_column][\/vc_row][vc_row el_class=\u00a0\u00bbintegrateur_devenez_partenaire itsp_int_usa_list\u00a0\u00bb][vc_column][vc_row_inner el_class=\u00a0\u00bbgeneral-width\u00a0\u00bb][vc_column_inner][vc_column_text]<\/p>\n<h2>SCOPTEL IPBX multi-soci\u00e9t\u00e9s SaaS, la solution adapt\u00e9e \u00e0 la revente de services t\u00e9l\u00e9phoniques infonuagiques :<\/h2>\n<ul>\n<li>Programme de certification et de formation<\/li>\n<li>Programmeurs d\u00e9di\u00e9s<\/li>\n<li>Une \u00e9quipe professionnelle, une entreprise \u00e0 taille humaine<\/li>\n<li>Syst\u00e8me de billet pour support technique<\/li>\n<li>Acc\u00e8s \u00e0 une multitudes de documentations dans votre \u00ab\u00a0Portail client\u00a0\u00bb s\u00e9curis\u00e9\u00a0sur notre site<\/li>\n<li>Int\u00e9gration transparente, simple et adaptative<\/li>\n<li>Connectivit\u00e9 en temps r\u00e9el<\/li>\n<li>Gestion de l&rsquo;infrastructure consolid\u00e9e<\/li>\n<li>Supporte les t\u00e9l\u00e9phones IP qui respectent les standards SIP<\/li>\n<li>Et plus encore !<\/li>\n<\/ul>\n<p><span class=\"integrateur_une_solution\">SCOPTEL, une solution sur mesure pour vos clients !<\/span><\/p>\n<p><a class=\"partenaire_btn_integrateur\" href=\"https:\/\/www.scopserv.com\/fr\/partenaire\/programmes-de-formation\/\">Nos formations<\/a>[\/vc_column_text][\/vc_column_inner][\/vc_row_inner][\/vc_column][\/vc_row][vc_row el_class=\u00a0\u00bbintegrateur_brochure\u00a0\u00bb][vc_column width=\u00a0\u00bb1\/4&Prime;][vc_row_inner el_class=\u00a0\u00bbgeneral-width\u00a0\u00bb][vc_column_inner][\/vc_column_inner][\/vc_row_inner][\/vc_column][vc_column width=\u00a0\u00bb1\/2&Prime;][vc_icon icon_fontawesome=\u00a0\u00bbfab fa-stack-overflow\u00a0\u00bb color=\u00a0\u00bbwhite\u00a0\u00bb size=\u00a0\u00bbxl\u00a0\u00bb align=\u00a0\u00bbcenter\u00a0\u00bb link=\u00a0\u00bburl:https%3A%2F%2Fwww.scopserv.com%2Fwp-content%2Fuploads%2F2020%2F05%2FInfotelecom-article-ScopServ.pdf|||\u00a0\u00bb][vc_column_text]<\/p>\n<p style=\"text-align: justify;\"><a href=\"https:\/\/www.scopserv.com\/wp-content\/uploads\/2020\/05\/Infotelecom-article-ScopServ.pdf\" target=\"_blank\" rel=\"noopener noreferrer\"><span style=\"font-family: helvetica, arial, sans-serif; font-size: 20px; color: #ffffff;\"><strong>Qu\u2019est-ce qu\u2019une solution multi-soci\u00e9t\u00e9s ?<\/strong> <\/span><\/a><br \/>\n<a href=\"https:\/\/www.scopserv.com\/wp-content\/uploads\/2020\/05\/Infotelecom-article-ScopServ.pdf\" target=\"_blank\" rel=\"noopener noreferrer\"><span style=\"font-family: helvetica, arial, sans-serif; font-size: 20px; color: #ffffff;\">Elle permet d\u2019administrer toutes les soci\u00e9t\u00e9s par une interface web unique et locale, offrant \u00e0 chaque entit\u00e9 une console administrative, une gestion des communications et blocs de num\u00e9ros pour cr\u00e9er des identit\u00e9s distinctes int\u00e9gr\u00e9es \u00e0 un seul et m\u00eame IPBX. <\/span><\/a>[\/vc_column_text][\/vc_column][vc_column width=\u00a0\u00bb1\/4&Prime;][\/vc_column][\/vc_row][vc_row el_class=\u00a0\u00bbintegrateur_demo_gratuit\u00a0\u00bb][vc_column][vc_row_inner el_class=\u00a0\u00bbgeneral-width\u00a0\u00bb][vc_column_inner width=\u00a0\u00bb1\/2&Prime; css=\u00a0\u00bb.vc_custom_1590000773467{background-image: url(https:\/\/www.scopserv.com\/wp-content\/uploads\/2015\/09\/two-news-with-borders-3258.jpg?id=14074) !important;background-position: center !important;background-repeat: no-repeat !important;background-size: cover !important;}\u00a0\u00bb][vc_single_image image=\u00a0\u00bb2002&Prime; onclick=\u00a0\u00bbcustom_link\u00a0\u00bb img_link_target=\u00a0\u00bb_blank\u00a0\u00bb link=\u00a0\u00bbhttps:\/\/www.scopserv.com\/fr\/essayez-le\/\u00a0\u00bb][vc_empty_space][vc_custom_heading text=\u00a0\u00bbEssayer notre GUI\u00a0\u00bb font_container=\u00a0\u00bbtag:h2|text_align:right|color:%23ffffff\u00a0\u00bb google_fonts=\u00a0\u00bbfont_family:Lato%3A100%2C100italic%2C300%2C300italic%2Cregular%2Citalic%2C700%2C700italic%2C900%2C900italic|font_style:400%20regular%3A400%3Anormal\u00a0\u00bb][vc_custom_heading text=\u00a0\u00bbd\u00e9mo en ligne\u00a0\u00bb font_container=\u00a0\u00bbtag:h2|text_align:right|color:%23ffffff\u00a0\u00bb google_fonts=\u00a0\u00bbfont_family:Lato%3A100%2C100italic%2C300%2C300italic%2Cregular%2Citalic%2C700%2C700italic%2C900%2C900italic|font_style:400%20regular%3A400%3Anormal\u00a0\u00bb][\/vc_column_inner][vc_column_inner width=\u00a0\u00bb1\/2&Prime;][vc_column_text]<\/p>\n<p style=\"text-align: justify;\">SCOPTEL IPBX propose diff\u00e9rents types de licences afin de bien r\u00e9pondre aux besoins de tous les types d\u2019entreprises. Solution id\u00e9ale pour les entreprises poss\u00e9dant plusieurs sites, SCOPTEL IPBX multi-soci\u00e9t\u00e9s est leader sur le march\u00e9 pour les revendeurs.<\/p>\n<p style=\"text-align: justify;\">Contactez-nous pour connaitre les modalit\u00e9s de licences et recevoir une plateforme compl\u00e8te de d\u00e9monstration (CPaaS) SCOPCLOUD pour un essai gratuit.<\/p>\n<p>[\/vc_column_text][\/vc_column_inner][\/vc_row_inner][\/vc_column][\/vc_row][vc_row][vc_column][rev_slider_vc alias=\u00a0\u00bbsmall-contact-us\u00a0\u00bb][\/vc_column][\/vc_row]<\/p>\n","protected":false},"excerpt":{"rendered":"<p>[vc_row full_width=\u00a0\u00bbstretch_row\u00a0\u00bb css=\u00a0\u00bb.vc_custom_1589999458540{padding-top: 100px !important;padding-bottom: 100px !important;background-image: url(https:\/\/www.scopserv.com\/wp-content\/uploads\/2016\/03\/pro-services.jpg?id=92) !important;background-position: center !important;background-repeat: no-repeat !important;background-size: cover !important;}\u00a0\u00bb][vc_column][vc_row_inner equal_height=\u00a0\u00bbyes\u00a0\u00bb content_placement=\u00a0\u00bbmiddle\u00a0\u00bb css=\u00a0\u00bb.vc_custom_1589999488518{padding-top: 50px !important;padding-right: 50px !important;padding-bottom: 50px !important;padding-left: 50px !important;background-color: rgba(28,28,55,0.5) !important;*background-color: rgb(28,28,55) !important;border-radius: 25px !important;}\u00a0\u00bb][vc_column_inner width=\u00a0\u00bb1\/3&Prime;][vc_icon icon_fontawesome=\u00a0\u00bbfas fa-building\u00a0\u00bb color=\u00a0\u00bbwhite\u00a0\u00bb size=\u00a0\u00bbxl\u00a0\u00bb align=\u00a0\u00bbcenter\u00a0\u00bb][vc_custom_heading text=\u00a0\u00bbENTREPRENEUR\u00a0\u00bb font_container=\u00a0\u00bbtag:h2|font_size:50|text_align:center|color:%23ffffff\u00a0\u00bb use_theme_fonts=\u00a0\u00bbyes\u00a0\u00bb][\/vc_column_inner][vc_column_inner width=\u00a0\u00bb2\/3&Prime;][vc_custom_heading text=\u00a0\u00bbVous avez besoin d\u2019un syst\u00e8me t\u00e9l\u00e9phonique multi-soci\u00e9t\u00e9s de pointe pour effectuer de la [&#8230;]<\/p>\n","protected":false},"author":1,"featured_media":0,"parent":0,"menu_order":0,"comment_status":"closed","ping_status":"closed","template":"page-front-page-revolution-fullwidth.php","meta":[],"aioseo_notices":[],"_links":{"self":[{"href":"https:\/\/www-old.scopserv.com\/fr\/wp-json\/wp\/v2\/pages\/8116"}],"collection":[{"href":"https:\/\/www-old.scopserv.com\/fr\/wp-json\/wp\/v2\/pages"}],"about":[{"href":"https:\/\/www-old.scopserv.com\/fr\/wp-json\/wp\/v2\/types\/page"}],"author":[{"embeddable":true,"href":"https:\/\/www-old.scopserv.com\/fr\/wp-json\/wp\/v2\/users\/1"}],"replies":[{"embeddable":true,"href":"https:\/\/www-old.scopserv.com\/fr\/wp-json\/wp\/v2\/comments?post=8116"}],"version-history":[{"count":89,"href":"https:\/\/www-old.scopserv.com\/fr\/wp-json\/wp\/v2\/pages\/8116\/revisions"}],"predecessor-version":[{"id":15724,"href":"https:\/\/www-old.scopserv.com\/fr\/wp-json\/wp\/v2\/pages\/8116\/revisions\/15724"}],"wp:attachment":[{"href":"https:\/\/www-old.scopserv.com\/fr\/wp-json\/wp\/v2\/media?parent=8116"}],"curies":[{"name":"wp","href":"https:\/\/api.w.org\/{rel}","templated":true}]}}