{"id":7948,"date":"2016-06-15T15:39:07","date_gmt":"2016-06-15T15:39:07","guid":{"rendered":"https:\/\/www.scopserv.com\/?page_id=7948"},"modified":"2020-05-25T17:17:51","modified_gmt":"2020-05-25T21:17:51","slug":"soutien-technique","status":"publish","type":"page","link":"https:\/\/www-old.scopserv.com\/fr\/partenaire\/soutien-technique\/","title":{"rendered":"Section Technique"},"content":{"rendered":"<p>[vc_row el_class=\u00a0\u00bbgeneral-width\u00a0\u00bb css=\u00a0\u00bb.vc_custom_1466016571276{margin-bottom: 50px !important;padding-top: 70px !important;}\u00a0\u00bb][vc_column][vc_column_text]Bienvenue dans la section technique de notre site. Dans les sections suivantes, vous trouverez diverses publications \u00e0 propos de la suite logicielle SCOPTEL.[\/vc_column_text][\/vc_column][\/vc_row][vc_row el_class=\u00a0\u00bbgeneral-width\u00a0\u00bb css=\u00a0\u00bb.vc_custom_1473706862108{margin-bottom: 130px !important;border-radius: 3px !important;}\u00a0\u00bb][vc_column width=\u00a0\u00bb1\/3&Prime; css=\u00a0\u00bb.vc_custom_1466015392076{margin-right: 30px !important;margin-bottom: 0px !important;padding-top: 0px !important;padding-bottom: 0px !important;background-color: #1a658f !important;}\u00a0\u00bb el_class=\u00a0\u00bbtechnique_bloc\u00a0\u00bb][vc_column_text]<\/p>\n<h3 style=\"text-align: center;\">Comment \u00e7a marche<\/h3>\n<p>Documentations techniques sur la suite logicielle SCOPTEL. Nos programmeurs d\u00e9di\u00e9s expliquent ici comment r\u00e9soudre des probl\u00e8mes et comment mieux int\u00e9grer certaines fonctionnalit\u00e9s.[\/vc_column_text][vc_column_text el_class=\u00a0\u00bbtechnique_bloc_acceder\u00a0\u00bb]<\/p>\n<div class=\"button\"><a href=\"https:\/\/www.scopserv.com\/fr\/partenaire\/soutien-technique\/comment-ca-marche\/\">ACC\u00c9DER<\/a><\/div>\n<p>[\/vc_column_text][\/vc_column][vc_column width=\u00a0\u00bb1\/3&Prime; css=\u00a0\u00bb.vc_custom_1466012716289{border-right-width: 30px !important;padding-top: 0px !important;background-color: #1a658f !important;}\u00a0\u00bb el_class=\u00a0\u00bbtechnique_bloc\u00a0\u00bb][vc_column_text]<\/p>\n<h3 style=\"text-align: center;\">Saviez-vous que<\/h3>\n<p>Bulletins d\u2019informations p\u00e9riodiques au sujet de SCOPTEL et de ses applications. Apprenez-en rapidement sur le syst\u00e8me en parcourant cette section afin d\u2019en d\u00e9couvrir toutes les fonctionnalit\u00e9s.[\/vc_column_text][vc_column_text el_class=\u00a0\u00bbtechnique_bloc_acceder\u00a0\u00bb]<\/p>\n<div class=\"button\"><a href=\"https:\/\/www.scopserv.com\/fr\/partenaire\/soutien-technique\/le-saviez-vous\/\">ACC\u00c9DER<\/a><\/div>\n<p>[\/vc_column_text][\/vc_column][vc_column width=\u00a0\u00bb1\/3&Prime; css=\u00a0\u00bb.vc_custom_1466012554346{padding-top: 0px !important;background-color: #1a658f !important;}\u00a0\u00bb el_class=\u00a0\u00bbtechnique_bloc\u00a0\u00bb][vc_column_text css=\u00a0\u00bb.vc_custom_1513361830495{padding-bottom: 87px !important;}\u00a0\u00bb]<\/p>\n<h3 style=\"text-align: center;\">Base de connaissances<\/h3>\n<p>Parcourez la base de connaissance par sujet, vous y trouverez des dizaines d\u2019articles utiles sur les fonctionnalit\u00e9s de SCOPTEL.[\/vc_column_text][vc_column_text el_class=\u00a0\u00bbtechnique_bloc_acceder\u00a0\u00bb]<\/p>\n<div class=\"button\"><a href=\"https:\/\/blog.scopserv.com\/\" target=\"_blank\" rel=\"noopener noreferrer\">ACC\u00c9DER<\/a><\/div>\n<p>[\/vc_column_text][\/vc_column][\/vc_row][vc_row][vc_column][rev_slider_vc alias=\u00a0\u00bbsmall-contact-us\u00a0\u00bb][\/vc_column][\/vc_row]<\/p>\n","protected":false},"excerpt":{"rendered":"<p>[vc_row el_class=\u00a0\u00bbgeneral-width\u00a0\u00bb css=\u00a0\u00bb.vc_custom_1466016571276{margin-bottom: 50px !important;padding-top: 70px !important;}\u00a0\u00bb][vc_column][vc_column_text]Bienvenue dans la section technique de notre site. Dans les sections suivantes, vous trouverez diverses publications \u00e0 propos de la suite logicielle SCOPTEL.[\/vc_column_text][\/vc_column][\/vc_row][vc_row el_class=\u00a0\u00bbgeneral-width\u00a0\u00bb css=\u00a0\u00bb.vc_custom_1473706862108{margin-bottom: 130px !important;border-radius: 3px !important;}\u00a0\u00bb][vc_column width=\u00a0\u00bb1\/3&Prime; css=\u00a0\u00bb.vc_custom_1466015392076{margin-right: 30px !important;margin-bottom: 0px !important;padding-top: 0px !important;padding-bottom: 0px !important;background-color: #1a658f !important;}\u00a0\u00bb el_class=\u00a0\u00bbtechnique_bloc\u00a0\u00bb][vc_column_text] Comment \u00e7a marche Documentations techniques sur la [&#8230;]<\/p>\n","protected":false},"author":1,"featured_media":0,"parent":1953,"menu_order":0,"comment_status":"closed","ping_status":"closed","template":"page-front-page-revolution-fullwidth.php","meta":[],"aioseo_notices":[],"_links":{"self":[{"href":"https:\/\/www-old.scopserv.com\/fr\/wp-json\/wp\/v2\/pages\/7948"}],"collection":[{"href":"https:\/\/www-old.scopserv.com\/fr\/wp-json\/wp\/v2\/pages"}],"about":[{"href":"https:\/\/www-old.scopserv.com\/fr\/wp-json\/wp\/v2\/types\/page"}],"author":[{"embeddable":true,"href":"https:\/\/www-old.scopserv.com\/fr\/wp-json\/wp\/v2\/users\/1"}],"replies":[{"embeddable":true,"href":"https:\/\/www-old.scopserv.com\/fr\/wp-json\/wp\/v2\/comments?post=7948"}],"version-history":[{"count":76,"href":"https:\/\/www-old.scopserv.com\/fr\/wp-json\/wp\/v2\/pages\/7948\/revisions"}],"predecessor-version":[{"id":15733,"href":"https:\/\/www-old.scopserv.com\/fr\/wp-json\/wp\/v2\/pages\/7948\/revisions\/15733"}],"up":[{"embeddable":true,"href":"https:\/\/www-old.scopserv.com\/fr\/wp-json\/wp\/v2\/pages\/1953"}],"wp:attachment":[{"href":"https:\/\/www-old.scopserv.com\/fr\/wp-json\/wp\/v2\/media?parent=7948"}],"curies":[{"name":"wp","href":"https:\/\/api.w.org\/{rel}","templated":true}]}}