{"id":7932,"date":"2016-06-15T14:26:44","date_gmt":"2016-06-15T14:26:44","guid":{"rendered":"https:\/\/www.scopserv.com\/?page_id=7932"},"modified":"2020-05-20T17:21:14","modified_gmt":"2020-05-20T21:21:14","slug":"itsp","status":"publish","type":"page","link":"https:\/\/www-old.scopserv.com\/fr\/itsp\/","title":{"rendered":"SCOPTEL IPBX VERSION CLOUD"},"content":{"rendered":"<p>[vc_row full_width=\u00a0\u00bbstretch_row\u00a0\u00bb css=\u00a0\u00bb.vc_custom_1590001540740{padding-top: 100px !important;padding-bottom: 100px !important;background-image: url(https:\/\/www.scopserv.com\/wp-content\/uploads\/2016\/03\/pro-services.jpg?id=92) !important;background-position: center !important;background-repeat: no-repeat !important;background-size: cover !important;}\u00a0\u00bb][vc_column][vc_row_inner equal_height=\u00a0\u00bbyes\u00a0\u00bb content_placement=\u00a0\u00bbmiddle\u00a0\u00bb css=\u00a0\u00bb.vc_custom_1590001559859{padding-top: 50px !important;padding-right: 50px !important;padding-bottom: 50px !important;padding-left: 50px !important;background-color: rgba(28,28,55,0.5) !important;*background-color: rgb(28,28,55) !important;border-radius: 25px !important;}\u00a0\u00bb][vc_column_inner width=\u00a0\u00bb1\/3&Prime;][vc_single_image image=\u00a0\u00bb15677&Prime; img_size=\u00a0\u00bbmedium\u00a0\u00bb alignment=\u00a0\u00bbcenter\u00a0\u00bb][\/vc_column_inner][vc_column_inner width=\u00a0\u00bb2\/3&Prime;][vc_custom_heading text=\u00a0\u00bbDestin\u00e9 aux revendeurs qui d\u00e9sirent r\u00e9pondre aux besoins actuels des march\u00e9s en mati\u00e8re de fourniture infonuagique &#8211; Communication Platform as a Service (CPaaS) -, SCOPSERV propose SCOPCLOUD, un service de t\u00e9l\u00e9phonie d\u2019affaires en mode h\u00e9berg\u00e9.\u00a0\u00bb font_container=\u00a0\u00bbtag:h3|text_align:center|color:%23ffffff|line_height:1%2C5&Prime; google_fonts=\u00a0\u00bbfont_family:Lato%3A100%2C100italic%2C300%2C300italic%2Cregular%2Citalic%2C700%2C700italic%2C900%2C900italic|font_style:400%20regular%3A400%3Anormal\u00a0\u00bb][\/vc_column_inner][\/vc_row_inner][vc_empty_space][vc_btn title=\u00a0\u00bbD\u00c9COUVRIR LE SERVICE SCOPCLOUD\u00a0\u00bb style=\u00a0\u00bboutline\u00a0\u00bb color=\u00a0\u00bbwhite\u00a0\u00bb align=\u00a0\u00bbcenter\u00a0\u00bb link=\u00a0\u00bburl:https%3A%2F%2Fwww.scopserv.com%2Ffr%2Fproduits%2Flogiciel%2Fscopcloud%2F|||\u00a0\u00bb][\/vc_column][\/vc_row][vc_row full_width=\u00a0\u00bbstretch_row_content\u00a0\u00bb gap=\u00a0\u00bb35&Prime; css=\u00a0\u00bb.vc_custom_1590002681116{background-color: #ffffff !important;}\u00a0\u00bb][vc_column width=\u00a0\u00bb1\/3&Prime;][vc_custom_heading text=\u00a0\u00bbCl\u00e9 en main\u00a0\u00bb font_container=\u00a0\u00bbtag:h2|text_align:center\u00a0\u00bb use_theme_fonts=\u00a0\u00bbyes\u00a0\u00bb][vc_column_text css=\u00a0\u00bb.vc_custom_1590002288800{margin-bottom: 15px !important;}\u00a0\u00bb]<\/p>\n<p style=\"text-align: justify;\"><span style=\"color: #000000;\">Dans le but d\u2019offrir \u00e0 sa client\u00e8le des solutions haut de gamme cl\u00e9 en main, SCOPSERV d\u00e9tient le statut d\u2019op\u00e9rateur canadien de t\u00e9l\u00e9phonie, soit Entreprise de Services Locaux Concurrentiels (ESLC), enregistr\u00e9 au Conseil de la radiodiffusion et des t\u00e9l\u00e9communications canadiennes (CRTC).<\/span><\/p>\n<p>[\/vc_column_text][\/vc_column][vc_column width=\u00a0\u00bb1\/3&Prime;][vc_custom_heading text=\u00a0\u00bbMarch\u00e9 nord-am\u00e9ricain\u00a0\u00bb font_container=\u00a0\u00bbtag:h2|text_align:center\u00a0\u00bb use_theme_fonts=\u00a0\u00bbyes\u00a0\u00bb][vc_column_text css=\u00a0\u00bb.vc_custom_1590002380878{margin-bottom: 15px !important;}\u00a0\u00bb]<\/p>\n<p style=\"text-align: justify;\">SCOPSERV propose aux revendeurs un service de t\u00e9l\u00e9phonie IP flexibles et hautement \u00e9volutif, SCOPCLOUD, qui procure une interconnexion robuste, fiable et s\u00e9curis\u00e9e au r\u00e9seau public t\u00e9l\u00e9phonique commut\u00e9 (RTPC) permettant de faire circuler des appels locaux sur toute l\u2019Am\u00e9rique du nord.<\/p>\n<p>[\/vc_column_text][\/vc_column][vc_column width=\u00a0\u00bb1\/3&Prime;][vc_custom_heading text=\u00a0\u00bbService complet\u00a0\u00bb font_container=\u00a0\u00bbtag:h2|text_align:center\u00a0\u00bb use_theme_fonts=\u00a0\u00bbyes\u00a0\u00bb][vc_column_text css=\u00a0\u00bb.vc_custom_1590002354842{margin-bottom: 15px !important;}\u00a0\u00bb]SCOPCLOUD dispose de toutes les fonctionnalit\u00e9s offertes de SCOPTEL IPBX en mati\u00e8re de t\u00e9l\u00e9phonie d\u2019affaires et inclus le service de liens SIP, le service d\u2019acheminement au moindre co\u00fbt (LCR), de d\u00e9tection de la fraude, les API d\u2019int\u00e9gration, le commutateur de classe 4\/5, le moteur CDR et plus encore.[\/vc_column_text][\/vc_column][\/vc_row][vc_row full_width=\u00a0\u00bbstretch_row_content\u00a0\u00bb gap=\u00a0\u00bb35&Prime; css=\u00a0\u00bb.vc_custom_1590002691224{background-color: #ffffff !important;}\u00a0\u00bb][vc_column css=\u00a0\u00bb.vc_custom_1590002491942{background-image: url(https:\/\/www.scopserv.com\/wp-content\/uploads\/2020\/05\/c-dustin-K-Iog-Bqf8E-unsplash-scaled.jpg?id=15417) !important;background-position: center !important;background-repeat: no-repeat !important;background-size: cover !important;}\u00a0\u00bb][vc_custom_heading text=\u00a0\u00bb\u00ab\u00a0 SCOPCLOUD, un service complet qui supporte les communications unifi\u00e9es, les Vid\u00e9oconf\u00e9rences, le WebRTC, la messagerie et la collaboration. \u00ab\u00a0\u00a0\u00bb font_container=\u00a0\u00bbtag:h1|font_size:50|text_align:center|color:%23ffffff|line_height:1&Prime; google_fonts=\u00a0\u00bbfont_family:Montserrat%3Aregular%2C700|font_style:400%20regular%3A400%3Anormal\u00a0\u00bb link=\u00a0\u00bburl:https%3A%2F%2Fwww.scopserv.com%2Ffr%2Fproduits%2Flogiciel%2Fscopcloud%2F|||\u00a0\u00bb][vc_single_image image=\u00a0\u00bb13557&Prime; img_size=\u00a0\u00bbmedium\u00a0\u00bb alignment=\u00a0\u00bbcenter\u00a0\u00bb onclick=\u00a0\u00bbcustom_link\u00a0\u00bb img_link_target=\u00a0\u00bb_blank\u00a0\u00bb link=\u00a0\u00bbhttps:\/\/www.scopserv.com\/fr\/produits\/logiciel\/scopcloud\/\u00a0\u00bb][\/vc_column][\/vc_row][vc_row css=\u00a0\u00bb.vc_custom_1590002711323{background-color: #ffffff !important;}\u00a0\u00bb][vc_column][rev_slider_vc alias=\u00a0\u00bbsmall-contact-us\u00a0\u00bb][\/vc_column][\/vc_row]<\/p>\n","protected":false},"excerpt":{"rendered":"<p>[vc_row full_width=\u00a0\u00bbstretch_row\u00a0\u00bb css=\u00a0\u00bb.vc_custom_1590001540740{padding-top: 100px !important;padding-bottom: 100px !important;background-image: url(https:\/\/www.scopserv.com\/wp-content\/uploads\/2016\/03\/pro-services.jpg?id=92) !important;background-position: center !important;background-repeat: no-repeat !important;background-size: cover !important;}\u00a0\u00bb][vc_column][vc_row_inner equal_height=\u00a0\u00bbyes\u00a0\u00bb content_placement=\u00a0\u00bbmiddle\u00a0\u00bb css=\u00a0\u00bb.vc_custom_1590001559859{padding-top: 50px !important;padding-right: 50px !important;padding-bottom: 50px !important;padding-left: 50px !important;background-color: rgba(28,28,55,0.5) !important;*background-color: rgb(28,28,55) !important;border-radius: 25px !important;}\u00a0\u00bb][vc_column_inner width=\u00a0\u00bb1\/3&Prime;][vc_single_image image=\u00a0\u00bb15677&Prime; img_size=\u00a0\u00bbmedium\u00a0\u00bb alignment=\u00a0\u00bbcenter\u00a0\u00bb][\/vc_column_inner][vc_column_inner width=\u00a0\u00bb2\/3&Prime;][vc_custom_heading text=\u00a0\u00bbDestin\u00e9 aux revendeurs qui d\u00e9sirent r\u00e9pondre aux besoins actuels des march\u00e9s en mati\u00e8re de fourniture infonuagique &#8211; Communication [&#8230;]<\/p>\n","protected":false},"author":1,"featured_media":0,"parent":0,"menu_order":0,"comment_status":"closed","ping_status":"closed","template":"page-front-page-revolution-fullwidth.php","meta":[],"aioseo_notices":[],"_links":{"self":[{"href":"https:\/\/www-old.scopserv.com\/fr\/wp-json\/wp\/v2\/pages\/7932"}],"collection":[{"href":"https:\/\/www-old.scopserv.com\/fr\/wp-json\/wp\/v2\/pages"}],"about":[{"href":"https:\/\/www-old.scopserv.com\/fr\/wp-json\/wp\/v2\/types\/page"}],"author":[{"embeddable":true,"href":"https:\/\/www-old.scopserv.com\/fr\/wp-json\/wp\/v2\/users\/1"}],"replies":[{"embeddable":true,"href":"https:\/\/www-old.scopserv.com\/fr\/wp-json\/wp\/v2\/comments?post=7932"}],"version-history":[{"count":43,"href":"https:\/\/www-old.scopserv.com\/fr\/wp-json\/wp\/v2\/pages\/7932\/revisions"}],"predecessor-version":[{"id":15713,"href":"https:\/\/www-old.scopserv.com\/fr\/wp-json\/wp\/v2\/pages\/7932\/revisions\/15713"}],"wp:attachment":[{"href":"https:\/\/www-old.scopserv.com\/fr\/wp-json\/wp\/v2\/media?parent=7932"}],"curies":[{"name":"wp","href":"https:\/\/api.w.org\/{rel}","templated":true}]}}