{"id":7721,"date":"2016-05-20T23:36:33","date_gmt":"2016-05-20T23:36:33","guid":{"rendered":"https:\/\/www.scopserv.com\/scopshield\/"},"modified":"2019-12-16T14:35:50","modified_gmt":"2019-12-16T19:35:50","slug":"scopshield","status":"publish","type":"page","link":"https:\/\/www-old.scopserv.com\/fr\/produits\/logiciel\/scopshield\/","title":{"rendered":"ScopShield"},"content":{"rendered":"<p>[vc_row][vc_column][vc_column_text]<\/p>\n<div class=\"scopshield_slider_replacement\">\n<div class=\"scopshield_slider_replacement_inner\">\n<p><img loading=\"lazy\" class=\"alignnone size-full wp-image-13397\" src=\"https:\/\/www.scopserv.com\/wp-content\/uploads\/2019\/12\/ScopSHIELD-AMS-white.png\" alt=\"\" width=\"793\" height=\"163\" srcset=\"https:\/\/www-old.scopserv.com\/wp-content\/uploads\/2019\/12\/ScopSHIELD-AMS-white.png 793w, https:\/\/www-old.scopserv.com\/wp-content\/uploads\/2019\/12\/ScopSHIELD-AMS-white-300x62.png 300w\" sizes=\"(max-width: 793px) 100vw, 793px\" \/><\/p>\n<\/div>\n<\/div>\n<p>[\/vc_column_text][\/vc_column][\/vc_row][vc_row el_class=\u00a0\u00bbgeneral-width scopshield_top scopshield_list\u00a0\u00bb][vc_column width=\u00a0\u00bb1\/3&Prime;][vc_column_text]<img loading=\"lazy\" class=\"alignnone size-full wp-image-8712\" src=\"https:\/\/www.scopserv.com\/wp-content\/uploads\/2016\/05\/scopshield_icon-1.png\" alt=\"scopshield_icon\" width=\"258\" height=\"295\" \/>[\/vc_column_text][\/vc_column][vc_column width=\u00a0\u00bb2\/3&Prime;][vc_column_text]<\/p>\n<div class=\"scopshield_top_p1\">\n<p>La veille technologique de s\u00e9curit\u00e9 ScopServ :<\/p>\n<ul class=\"liststyle\">\n<li>Surveillance des composantes de notre PBX<\/li>\n<li>\u00c9valuation et validit\u00e9 des r\u00e9seaux<\/li>\n<li>Approvisionnement automatis\u00e9 des t\u00e9l\u00e9phones<\/li>\n<li>Mise \u00e0 jour de syst\u00e8mes<\/li>\n<\/ul>\n<\/div>\n<div class=\"notes_version\">\n<div class=\"notes_version_inner\">Veuillez prendre note que SCOPSHIELD est une option compl\u00e9mentaire \u00e0 SCOPTEL&#x2122; IPBX.<\/div>\n<div><\/div>\n<div class=\"notes_version_inner\">Abonnez-vous \u00e0 notre infolettre pour en savoir plus.<\/div>\n<\/div>\n<p>[\/vc_column_text][\/vc_column][\/vc_row]<\/p>\n","protected":false},"excerpt":{"rendered":"<p>[vc_row][vc_column][vc_column_text] [\/vc_column_text][\/vc_column][\/vc_row][vc_row el_class=\u00a0\u00bbgeneral-width scopshield_top scopshield_list\u00a0\u00bb][vc_column width=\u00a0\u00bb1\/3&Prime;][vc_column_text][\/vc_column_text][\/vc_column][vc_column width=\u00a0\u00bb2\/3&Prime;][vc_column_text] La veille technologique de s\u00e9curit\u00e9 ScopServ : Surveillance des composantes de notre PBX \u00c9valuation et validit\u00e9 des r\u00e9seaux Approvisionnement automatis\u00e9 des t\u00e9l\u00e9phones Mise \u00e0 jour de syst\u00e8mes Veuillez prendre note que SCOPSHIELD est une option compl\u00e9mentaire \u00e0 SCOPTEL&#x2122; IPBX. Abonnez-vous \u00e0 notre infolettre pour en savoir plus. [\/vc_column_text][\/vc_column][\/vc_row]<\/p>\n","protected":false},"author":1,"featured_media":0,"parent":134,"menu_order":0,"comment_status":"closed","ping_status":"closed","template":"page-front-page-revolution-fullwidth.php","meta":[],"aioseo_notices":[],"_links":{"self":[{"href":"https:\/\/www-old.scopserv.com\/fr\/wp-json\/wp\/v2\/pages\/7721"}],"collection":[{"href":"https:\/\/www-old.scopserv.com\/fr\/wp-json\/wp\/v2\/pages"}],"about":[{"href":"https:\/\/www-old.scopserv.com\/fr\/wp-json\/wp\/v2\/types\/page"}],"author":[{"embeddable":true,"href":"https:\/\/www-old.scopserv.com\/fr\/wp-json\/wp\/v2\/users\/1"}],"replies":[{"embeddable":true,"href":"https:\/\/www-old.scopserv.com\/fr\/wp-json\/wp\/v2\/comments?post=7721"}],"version-history":[{"count":42,"href":"https:\/\/www-old.scopserv.com\/fr\/wp-json\/wp\/v2\/pages\/7721\/revisions"}],"predecessor-version":[{"id":13409,"href":"https:\/\/www-old.scopserv.com\/fr\/wp-json\/wp\/v2\/pages\/7721\/revisions\/13409"}],"up":[{"embeddable":true,"href":"https:\/\/www-old.scopserv.com\/fr\/wp-json\/wp\/v2\/pages\/134"}],"wp:attachment":[{"href":"https:\/\/www-old.scopserv.com\/fr\/wp-json\/wp\/v2\/media?parent=7721"}],"curies":[{"name":"wp","href":"https:\/\/api.w.org\/{rel}","templated":true}]}}