{"id":7482,"date":"2016-05-18T16:50:00","date_gmt":"2016-05-18T16:50:00","guid":{"rendered":"https:\/\/www.scopserv.com\/?page_id=7482"},"modified":"2020-02-06T15:28:02","modified_gmt":"2020-02-06T20:28:02","slug":"certifications","status":"publish","type":"page","link":"https:\/\/www-old.scopserv.com\/fr\/partenaire\/certifications\/","title":{"rendered":"Les certifications"},"content":{"rendered":"<p>[vc_row][vc_column][vc_column_text]<section class=\"tcvpb_section_tc general-width\" style=\"margin-top:40px;margin-bottom:0px;padding-top:0px;padding-bottom:0px;\">\r\n\t\t\r\n\t\t<div class=\"tcvpb_section_content\"><div class=\"tcvpb_container\"><div class=\"tcvpb_column_tc_span12\" style=\"padding-top:50px;padding-bottom:50px;\"><div  class=\"\" >\n<p class=\"p_tc\">Comme la plupart des manufacturier, ScopServ tient \u00e0 ce que les techniciens de ces partenaires soient&nbsp;qualifi\u00e9s. Il en va de m\u00eame pour les clients finaux qui veulent \u00eatre desservis par des int\u00e9grateurs professionnels et certifi\u00e9s sur les services et programmes offerts.&nbsp;Sur ce, ScopServ International s\u2019est fait un point d\u2019honneur d\u2019offrir \u00e0 ses partenaires des cours de formations ainsi qu\u2019un programme de certification qui procurera \u00e0 tous clients, l\u2019assurance d\u2019un service hors-pair.<\/p>\n<p class=\"p_tc\">Connectez-vous \u00e0 votre <a href=\"http:\/\/exam.scopserv.com\/\">Portail client<\/a>&nbsp;pour savoir comment commander votre examen de certification.<\/p>\n<p class=\"p_tc\">Nos int\u00e9grateurs et revendeurs doivent maintenir leur certification \u00e0 jour afin de conserver le droit de revente des produits ScopServ.&nbsp;\n<p class=\"p_tc\">Les laur\u00e9ats de cette certification sont officiellement enregistr\u00e9s aupr\u00e8s de ScopServ en tant que Professionnels Certifi\u00e9s ScopServ. Le fichier du certificat, envoy\u00e9 au format PDF, pourra \u00eatre imprim\u00e9 pour un affichage physique dans l\u2019entreprise, et int\u00e9gr\u00e9 dans le site Web officiel de la compagnie.<\/p>\n<p class=\"p_tc\">La priorit\u00e9 de ScopServ est de satisfaire les besoins de ses clients. Cette mission ne consiste pas seulement \u00e0 concevoir des solutions de t\u00e9l\u00e9phonie IP ing\u00e9nieuses et novatrices, mais aussi \u00e0 proposer un ensemble de services concernant la vente, l\u2019installation, la configuration, la maintenance, la formation et le soutien de ces produits.&nbsp;\n<p>[vc_row][vc_column width=\u00a0\u00bb1\/1&Prime;][vc_column_text]<\/div><\/div><\/div><\/div>\r\n\t\t\r\n\t\t\r\n\t<\/section>[\/vc_column_text][\/vc_column][\/vc_row][vc_row][vc_column][rev_slider_vc alias=\u00a0\u00bbsmall-contact-us\u00a0\u00bb][\/vc_column][\/vc_row]<\/p>\n","protected":false},"excerpt":{"rendered":"<p>[vc_row][vc_column][vc_column_text] Comme la plupart des manufacturier, ScopServ tient \u00e0 ce que les techniciens de ces partenaires soient&nbsp;qualifi\u00e9s. Il en va de m\u00eame pour les clients finaux qui veulent \u00eatre desservis par des int\u00e9grateurs professionnels et certifi\u00e9s sur les services et programmes offerts.&nbsp;Sur ce, ScopServ International s\u2019est fait un point d\u2019honneur d\u2019offrir \u00e0 ses partenaires des [&#8230;]<\/p>\n","protected":false},"author":1,"featured_media":0,"parent":1953,"menu_order":0,"comment_status":"closed","ping_status":"closed","template":"page-front-page-revolution-fullwidth.php","meta":[],"aioseo_notices":[],"_links":{"self":[{"href":"https:\/\/www-old.scopserv.com\/fr\/wp-json\/wp\/v2\/pages\/7482"}],"collection":[{"href":"https:\/\/www-old.scopserv.com\/fr\/wp-json\/wp\/v2\/pages"}],"about":[{"href":"https:\/\/www-old.scopserv.com\/fr\/wp-json\/wp\/v2\/types\/page"}],"author":[{"embeddable":true,"href":"https:\/\/www-old.scopserv.com\/fr\/wp-json\/wp\/v2\/users\/1"}],"replies":[{"embeddable":true,"href":"https:\/\/www-old.scopserv.com\/fr\/wp-json\/wp\/v2\/comments?post=7482"}],"version-history":[{"count":45,"href":"https:\/\/www-old.scopserv.com\/fr\/wp-json\/wp\/v2\/pages\/7482\/revisions"}],"predecessor-version":[{"id":14470,"href":"https:\/\/www-old.scopserv.com\/fr\/wp-json\/wp\/v2\/pages\/7482\/revisions\/14470"}],"up":[{"embeddable":true,"href":"https:\/\/www-old.scopserv.com\/fr\/wp-json\/wp\/v2\/pages\/1953"}],"wp:attachment":[{"href":"https:\/\/www-old.scopserv.com\/fr\/wp-json\/wp\/v2\/media?parent=7482"}],"curies":[{"name":"wp","href":"https:\/\/api.w.org\/{rel}","templated":true}]}}