{"id":1953,"date":"2016-05-10T19:14:57","date_gmt":"2016-05-10T19:14:57","guid":{"rendered":"https:\/\/www.scopserv.com\/?page_id=1953"},"modified":"2019-12-16T10:19:52","modified_gmt":"2019-12-16T15:19:52","slug":"partenaire","status":"publish","type":"page","link":"https:\/\/www-old.scopserv.com\/fr\/partenaire\/","title":{"rendered":"Partenariat"},"content":{"rendered":"<section class=\"tcvpb_section_tc partenaire-avantage\" style=\"margin-bottom:0px;padding-right:20px;padding-bottom:0px;padding-left:20px;background-color:rgb(7, 43, 80);\">\r\n\t\t\r\n\t\t<div class=\"tcvpb_section_content\"><div class=\"tcvpb_container\"><div class=\"tcvpb_column_tc_span6\"><div  class=\"tcvpb-image \" ><img src=\"https:\/\/www.scopserv.com\/wp-content\/uploads\/2016\/05\/hands.png\"><\/div><div  class=\"\" >\n<p class=\"p_tc\">Le programme de revendeurs&nbsp;ScopServ&nbsp;offre diff\u00e9rents niveaux de partenariat<\/p>\n<p class=\"p_tc\"><a href=\"https:\/\/www.scopserv.com\/fr\/partenaire\/devenez-un-partenaire\/\">Devenez Partenaire<\/a><\/p>\n<\/div><\/div><div class=\"tcvpb_column_tc_span6\"><div  class=\"tcvpb-image \" ><img src=\"https:\/\/www.scopserv.com\/wp-content\/uploads\/2016\/05\/revendeur.png\"><\/div><div  class=\"\" >\n<p class=\"p_tc\">ScopServ met \u00e0 la disposition de tous ses revendeurs et clients des programmes de formation de base et de formation avanc\u00e9e<\/p>\n<p class=\"p_tc\"><a href=\"https:\/\/www.scopserv.com\/fr\/partenaire\/programmes-de-formation\/\">Nos formations<\/a><\/p>\n<\/div><\/div><\/div><\/div>\r\n\t\t\r\n\t\t\r\n\t<\/section><section class=\"tcvpb_section_tc partenaire-avantage\" style=\"margin-top:0px;padding-top:0px;padding-right:20px;padding-bottom:0px;padding-left:20px;\">\r\n\t\t\r\n\t\t<div class=\"tcvpb_section_content\"><div class=\"tcvpb_container\"><div class=\"tcvpb_column_tc_span6\"><div  class=\"tcvpb-image \" ><img src=\"https:\/\/www.scopserv.com\/wp-content\/uploads\/2016\/05\/vector-smart-object.png\"><\/div><div  class=\"\" >\n<p class=\"p_tc\">De nombreux revendeurs tiennent \u00e0 ce que leur client\u00e8le soit servie par des techniciens qualifi\u00e9s<\/p>\n<p class=\"p_tc\"><a href=\"https:\/\/www.scopserv.com\/fr\/partenaire\/devenez-un-partenaire\/certifications\/\">Nos certifications<\/a><\/p>\n<\/div><\/div><div class=\"tcvpb_column_tc_span6\"><div  class=\"tcvpb-image \" ><img src=\"https:\/\/www.scopserv.com\/wp-content\/uploads\/2016\/05\/cinq-niveau.png\"><\/div><div  class=\"\" >\n<p class=\"p_tc\">D\u00e9couvrez nos 3 niveaux de revendeurs<\/p>\n<p class=\"p_tc\"><a href=\"https:\/\/www.scopserv.com\/fr\/partenaire\/devenez-un-partenaire\/\">Niveaux de revendeurs<\/a><\/p>\n<\/div><\/div><\/div><\/div>\r\n\t\t\r\n\t\t\r\n\t<\/section><section id=\"devenez-partenaire-txt\" class=\"tcvpb_section_tc\" style=\"margin-top:50px;\">\r\n\t\t\r\n\t\t<div class=\"tcvpb_section_content\"><div class=\"tcvpb_container\"><div class=\"tcvpb_column_tc_span12\"><div id=partenaire-revendeur-distributeur-titre class=\"\" >\n<p class=\"p_tc\">Les partenaires de ScopServ forment un r\u00e9seau de revendeurs et de distributeurs en expansion !<\/p>\n<\/div><div  class=\"\" >\n<p class=\"p_tc\">La qualit\u00e9 de nos produits est reconnue par un r\u00e9seau sans cesse croissant de revendeurs. Ceux-ci reconnaissent l&rsquo;adaptabilit\u00e9&nbsp;et la fiabilit\u00e9 de la suite logicielle <strong>SCOPTEL<\/strong> et y voient une solution comp\u00e9titive et innovatrice qu\u2019ils n\u2019h\u00e9sitent pas \u00e0 recommander \u00e0 leurs clients.<\/p>\n<p class=\"p_tc\">Nos revendeurs offrent des solutions t\u00e9l\u00e9phoniques et un service de maintenance sur mesure pour chaque installation, depuis la planification, la configuration et le d\u00e9ploiement&nbsp;du r\u00e9seau, l&rsquo;int\u00e9gration, la formation et le support.<\/p>\n<p class=\"p_tc\">Certains de nos revendeurs ont obtenu la certification de <strong>ScopServ<\/strong> pour devenir des centres de formation et de soutien secondaires, ce qui leur permet d\u2019assurer le respect des plus hauts standards de qualit\u00e9 dans la formation et le soutien de nos clients.<br> <br>Les distributeurs des produits <strong>ScopServ<\/strong> sont des entreprises reconnues et bien implant\u00e9es dans leur r\u00e9gion. Ils permettent ainsi le d\u00e9ploiement de solutions adapt\u00e9es aux besoins de nos clients. Tous nos distributeurs agissent comme centre de soutien et de formation certifi\u00e9 primaire, c\u2019est-\u00e0-dire qu\u2019ils ont obtenu la certification <strong>ScopServ<\/strong> leur permettant d\u2019offrir soutien et formation aux revendeurs comme aux clients.<\/p>\n<p class=\"p_tc\">&nbsp;\n<\/div><\/div><\/div><\/div>\r\n\t\t\r\n\t\t\r\n\t<\/section><section id=\"trouver-un-distributeur\" class=\"tcvpb_section_tc tcvpb-centered section_body_fullwidth\" data-background_image=\"https:\/\/www.scopserv.com\/wp-content\/uploads\/2016\/05\/layer-22.jpg\" style=\"background-color:rgb(201, 201, 201);background-image:url(https:\/\/www.scopserv.com\/wp-content\/uploads\/2016\/05\/layer-22.jpg);background-repeat:no-repeat;background-size:cover;\">\r\n\t\t\r\n\t\t<div class=\"tcvpb_section_content\"><div class=\"tcvpb_container\"><div class=\"tcvpb_column_tc_span12\"><div  class=\"\" >\n<p class=\"p_tc\"><a href=\"https:\/\/www.scopserv.com\/fr\/contactez-nous\/#contact_revendeur\">TROUVEZ UN DISTRIBUTEUR DANS VOTRE R\u00c9GION<\/a><\/p>\n<\/div><\/div><\/div><\/div>\r\n\t\t\r\n\t\t\r\n\t<\/section><section class=\"tcvpb_section_tc\">\r\n\t\t\r\n\t\t<div class=\"tcvpb_section_content\"><div class=\"tcvpb_container\"><div class=\"tcvpb_column_tc_span12\"><div  class=\"\" >\n<p class=\"p_tc\">[vc_row][vc_column][vc_column_text] [\/vc_column_text][\/vc_column][\/vc_row][vc_row][vc_column][rev_slider_vc alias=\u00a0\u00bbsmall-contact-us\u00a0\u00bb][\/vc_column][\/vc_row]<\/p>\n<\/div><\/div><\/div><\/div>\r\n\t\t\r\n\t\t\r\n\t<\/section>\n","protected":false},"excerpt":{"rendered":"<p>Le programme de revendeurs&nbsp;ScopServ&nbsp;offre diff\u00e9rents niveaux de partenariat Devenez Partenaire ScopServ met \u00e0 la disposition de tous ses revendeurs et clients des programmes de formation de base et de formation avanc\u00e9e Nos formations De nombreux revendeurs tiennent \u00e0 ce que leur client\u00e8le soit servie par des techniciens qualifi\u00e9s Nos certifications D\u00e9couvrez nos 3 niveaux de [&#8230;]<\/p>\n","protected":false},"author":1,"featured_media":0,"parent":0,"menu_order":0,"comment_status":"closed","ping_status":"closed","template":"page-front-page-revolution-fullwidth.php","meta":[],"aioseo_notices":[],"_links":{"self":[{"href":"https:\/\/www-old.scopserv.com\/fr\/wp-json\/wp\/v2\/pages\/1953"}],"collection":[{"href":"https:\/\/www-old.scopserv.com\/fr\/wp-json\/wp\/v2\/pages"}],"about":[{"href":"https:\/\/www-old.scopserv.com\/fr\/wp-json\/wp\/v2\/types\/page"}],"author":[{"embeddable":true,"href":"https:\/\/www-old.scopserv.com\/fr\/wp-json\/wp\/v2\/users\/1"}],"replies":[{"embeddable":true,"href":"https:\/\/www-old.scopserv.com\/fr\/wp-json\/wp\/v2\/comments?post=1953"}],"version-history":[{"count":49,"href":"https:\/\/www-old.scopserv.com\/fr\/wp-json\/wp\/v2\/pages\/1953\/revisions"}],"predecessor-version":[{"id":11764,"href":"https:\/\/www-old.scopserv.com\/fr\/wp-json\/wp\/v2\/pages\/1953\/revisions\/11764"}],"wp:attachment":[{"href":"https:\/\/www-old.scopserv.com\/fr\/wp-json\/wp\/v2\/media?parent=1953"}],"curies":[{"name":"wp","href":"https:\/\/api.w.org\/{rel}","templated":true}]}}