{"id":1915,"date":"2016-05-05T18:32:16","date_gmt":"2016-05-05T18:32:16","guid":{"rendered":"https:\/\/www.scopserv.com\/?page_id=1915"},"modified":"2021-03-13T11:56:32","modified_gmt":"2021-03-13T16:56:32","slug":"scopswitch","status":"publish","type":"page","link":"https:\/\/www-old.scopserv.com\/fr\/produits\/logiciel\/scopswitch\/","title":{"rendered":"ScopSwitch"},"content":{"rendered":"<p>[vc_row css=\u00a0\u00bb.vc_custom_1615301211679{background-color: #ffffff !important;}\u00a0\u00bb][vc_column][vc_single_image image=\u00a0\u00bb13533&Prime; img_size=\u00a0\u00bblarge\u00a0\u00bb alignment=\u00a0\u00bbcenter\u00a0\u00bb][\/vc_column][\/vc_row][vc_row gap=\u00a0\u00bb35&Prime; equal_height=\u00a0\u00bbyes\u00a0\u00bb content_placement=\u00a0\u00bbmiddle\u00a0\u00bb css=\u00a0\u00bb.vc_custom_1615301258466{margin-right: 120px !important;margin-bottom: 25px !important;margin-left: 120px !important;background-color: #ffffff !important;}\u00a0\u00bb][vc_column css_animation=\u00a0\u00bbfadeInLeft\u00a0\u00bb width=\u00a0\u00bb1\/2&Prime; css=\u00a0\u00bb.vc_custom_1615315162377{padding-top: 100px !important;padding-right: 50px !important;padding-bottom: 100px !important;padding-left: 50px !important;background-color: #1c1c37 !important;}\u00a0\u00bb][vc_custom_heading text=\u00a0\u00bbL\u2019EXPERT EN INFORMATION EN TEMPS R\u00c9EL\u00a0\u00bb font_container=\u00a0\u00bbtag:h1|font_size:40|text_align:center|color:%23ffffff\u00a0\u00bb use_theme_fonts=\u00a0\u00bbyes\u00a0\u00bb css=\u00a0\u00bb.vc_custom_1615301419750{padding-bottom: 10px !important;}\u00a0\u00bb][\/vc_column][vc_column width=\u00a0\u00bb1\/2&Prime; css=\u00a0\u00bb.vc_custom_1615302712305{background-image: url(https:\/\/cdn.statically.io\/img\/www.scopserv.com\/f=auto\/wp-content\/uploads\/2021\/03\/1.png?id=16295) !important;background-position: center !important;background-repeat: no-repeat !important;background-size: cover !important;}\u00a0\u00bb][\/vc_column][\/vc_row][vc_row gap=\u00a0\u00bb25&Prime; equal_height=\u00a0\u00bbyes\u00a0\u00bb css=\u00a0\u00bb.vc_custom_1615301320991{margin-right: 120px !important;margin-left: 120px !important;background-color: #ffffff !important;}\u00a0\u00bb][vc_column width=\u00a0\u00bb1\/2&Prime; css=\u00a0\u00bb.vc_custom_1615302891340{background-image: url(https:\/\/cdn.statically.io\/img\/www.scopserv.com\/f=auto\/wp-content\/uploads\/2021\/03\/CENTRES-DAPPELS.png?id=16299) !important;background-position: center !important;background-repeat: no-repeat !important;background-size: cover !important;}\u00a0\u00bb][\/vc_column][vc_column css_animation=\u00a0\u00bbfadeInRight\u00a0\u00bb width=\u00a0\u00bb1\/2&Prime; css=\u00a0\u00bb.vc_custom_1615315186690{padding-top: 100px !important;padding-right: 50px !important;padding-bottom: 100px !important;padding-left: 50px !important;background-color: #1c1c37 !important;}\u00a0\u00bb][vc_custom_heading text=\u00a0\u00bbSUPERVISION\u00a0\u00bb font_container=\u00a0\u00bbtag:h1|font_size:40|text_align:center|color:%23ffffff\u00a0\u00bb use_theme_fonts=\u00a0\u00bbyes\u00a0\u00bb css=\u00a0\u00bb.vc_custom_1615302112393{padding-bottom: 10px !important;}\u00a0\u00bb][\/vc_column][\/vc_row][vc_row css=\u00a0\u00bb.vc_custom_1615314589676{background-color: #ffffff !important;background-position: center !important;background-repeat: no-repeat !important;background-size: cover !important;}\u00a0\u00bb][vc_column css=\u00a0\u00bb.vc_custom_1615314560195{background-position: center !important;background-repeat: no-repeat !important;background-size: contain !important;}\u00a0\u00bb][vc_btn title=\u00a0\u00bb\u00c9CRIVEZ-NOUS\u00a0\u00bb style=\u00a0\u00bbflat\u00a0\u00bb color=\u00a0\u00bbsky\u00a0\u00bb size=\u00a0\u00bblg\u00a0\u00bb align=\u00a0\u00bbcenter\u00a0\u00bb link=\u00a0\u00bburl:https%3A%2F%2Fwww.scopserv.com%2Ffr%2Fcontactez-nous%2F\u00a0\u00bb][vc_single_image image=\u00a0\u00bb16308&Prime; img_size=\u00a0\u00bbfull\u00a0\u00bb alignment=\u00a0\u00bbcenter\u00a0\u00bb][\/vc_column][\/vc_row][vc_row full_width=\u00a0\u00bbstretch_row\u00a0\u00bb css=\u00a0\u00bb.vc_custom_1615652630386{margin-right: 120px !important;margin-bottom: 0px !important;margin-left: 120px !important;background-color: #ffffff !important;}\u00a0\u00bb][vc_column width=\u00a0\u00bb1\/3&Prime;][vc_custom_heading text=\u00a0\u00bbSERVICE COMPLET\u00a0\u00bb font_container=\u00a0\u00bbtag:h2|text_align:center\u00a0\u00bb use_theme_fonts=\u00a0\u00bbyes\u00a0\u00bb][vc_empty_space][vc_column_text]<\/p>\n<p style=\"text-align: center;\"><span style=\"font-family: tahoma, arial, helvetica, sans-serif;\"><strong>POSTES T\u00c9L\u00c9PHONIQUES<\/strong> : Affiche l\u2019\u00e9tat des postes<\/span><br \/>\n<span style=\"font-family: tahoma, arial, helvetica, sans-serif;\">t\u00e9l\u00e9phoniques, les appels en cours, l\u2019\u00e9tat du renvoi<\/span><br \/>\n<span style=\"font-family: tahoma, arial, helvetica, sans-serif;\">d\u2019appels<\/span><br \/>\n<span style=\"font-family: tahoma, arial, helvetica, sans-serif;\"><strong>BUREAU VIRTUEL<\/strong> : Affiche l\u2019\u00e9tat du bureau, le num\u00e9ro<\/span><br \/>\n<span style=\"font-family: tahoma, arial, helvetica, sans-serif;\">du poste de l\u2019utilisateur connect\u00e9, ainsi que les<\/span><br \/>\n<span style=\"font-family: tahoma, arial, helvetica, sans-serif;\">appels en cours<\/span><br \/>\n<span style=\"font-family: tahoma, arial, helvetica, sans-serif;\"><strong>AGENTS<\/strong> : Affiche l\u2019\u00e9tat des agents, le num\u00e9ro du<\/span><br \/>\n<span style=\"font-family: tahoma, arial, helvetica, sans-serif;\">poste de l\u2019utilisateur connect\u00e9, ainsi que les appels<\/span><br \/>\n<span style=\"font-family: tahoma, arial, helvetica, sans-serif;\">en cours<\/span><br \/>\n<span style=\"font-family: tahoma, arial, helvetica, sans-serif;\"><strong>FILE D&rsquo;ATTENTE<\/strong> : Affiche l\u2019\u00e9tat de la file ainsi que les<\/span><br \/>\n<span style=\"font-family: tahoma, arial, helvetica, sans-serif;\">appels en attente<\/span><\/p>\n<p>[\/vc_column_text][\/vc_column][vc_column width=\u00a0\u00bb1\/3&Prime;][vc_single_image image=\u00a0\u00bb16317&Prime; img_size=\u00a0\u00bblarge\u00a0\u00bb alignment=\u00a0\u00bbcenter\u00a0\u00bb css=\u00a0\u00bb.vc_custom_1615652476340{padding-top: 15px !important;}\u00a0\u00bb][\/vc_column][vc_column width=\u00a0\u00bb1\/3&Prime;][vc_custom_heading text=\u00a0\u00bbFONCTIONNALIT\u00c9S MULTIPLES\u00a0\u00bb font_container=\u00a0\u00bbtag:h2|text_align:center\u00a0\u00bb use_theme_fonts=\u00a0\u00bbyes\u00a0\u00bb][vc_empty_space][vc_column_text]<\/p>\n<p style=\"text-align: center;\"><span style=\"font-family: tahoma, arial, helvetica, sans-serif;\"><strong>MESSAGERIE VOCALE :<\/strong> Affichage du statut<\/span><br \/>\n<span style=\"font-family: tahoma, arial, helvetica, sans-serif;\">des bo\u00eetes, affichage des messages, lecture des<\/span><br \/>\n<span style=\"font-family: tahoma, arial, helvetica, sans-serif;\">messages vocaux et transfert des messages<\/span><br \/>\n<span style=\"font-family: tahoma, arial, helvetica, sans-serif;\"><strong>COMPTES VOIP :<\/strong> Affiche l\u2019\u00e9tat des comptes VoIP<\/span><br \/>\n<span style=\"font-family: tahoma, arial, helvetica, sans-serif;\">ainsi que les appels en cours<\/span><br \/>\n<span style=\"font-family: tahoma, arial, helvetica, sans-serif;\"><strong>CONF\u00c9RENCES :<\/strong> Affiche l\u2019\u00e9tat des conf\u00e9rences, la<\/span><br \/>\n<span style=\"font-family: tahoma, arial, helvetica, sans-serif;\">liste des membres et leur statut (mode muet actif ou<\/span><br \/>\n<span style=\"font-family: tahoma, arial, helvetica, sans-serif;\">non)<\/span><br \/>\n<span style=\"font-family: tahoma, arial, helvetica, sans-serif;\"><strong>INTERFACE MODULABLE :<\/strong> \u00c9diteur de panneaux <\/span><span style=\"font-family: tahoma, arial, helvetica, sans-serif;\">afin de faciliter leur gestion (cr\u00e9ation,<\/span><br \/>\n<span style=\"font-family: tahoma, arial, helvetica, sans-serif;\">modification ou suppression)<\/span><\/p>\n<p>[\/vc_column_text][\/vc_column][\/vc_row][vc_row css=\u00a0\u00bb.vc_custom_1615652618305{background-color: #ffffff !important;}\u00a0\u00bb][vc_column][vc_btn title=\u00a0\u00bbEN SAVOIR +\u00a0\u00bb style=\u00a0\u00bbflat\u00a0\u00bb color=\u00a0\u00bbsky\u00a0\u00bb size=\u00a0\u00bblg\u00a0\u00bb align=\u00a0\u00bbcenter\u00a0\u00bb link=\u00a0\u00bburl:https%3A%2F%2Fwww.scopserv.com%2Fwp-content%2Fuploads%2F2020%2F03%2FSCOPSWITCH_FR_versionfinale-1.pdf\u00a0\u00bb][\/vc_column][\/vc_row][vc_row full_width=\u00a0\u00bbstretch_row\u00a0\u00bb css=\u00a0\u00bb.vc_custom_1615652645855{margin-right: 120px !important;margin-left: 120px !important;background-color: #ffffff !important;}\u00a0\u00bb][vc_column width=\u00a0\u00bb1\/3&Prime;][vc_single_image image=\u00a0\u00bb16319&Prime; img_size=\u00a0\u00bblarge\u00a0\u00bb alignment=\u00a0\u00bbcenter\u00a0\u00bb css=\u00a0\u00bb.vc_custom_1615652487387{padding-top: 15px !important;}\u00a0\u00bb][\/vc_column][vc_column width=\u00a0\u00bb1\/3&Prime;][vc_custom_heading text=\u00a0\u00bbS&rsquo;ADAPTE \u00c0 VOS BESOINS\u00a0\u00bb font_container=\u00a0\u00bbtag:h2|text_align:center\u00a0\u00bb use_theme_fonts=\u00a0\u00bbyes\u00a0\u00bb][vc_empty_space][vc_column_text]<\/p>\n<p style=\"text-align: center;\"><span style=\"font-family: tahoma, arial, helvetica, sans-serif;\"><strong>SCOPTEL IPBX :<\/strong> Ajout d\u2019un t\u00e9l\u00e9phone virtuel, pour le contr\u00f4le \u00e0<\/span><br \/>\n<span style=\"font-family: tahoma, arial, helvetica, sans-serif;\">distance d\u2019un t\u00e9l\u00e9phone connect\u00e9 au SCOPTEL<\/span><br \/>\n<span style=\"font-family: tahoma, arial, helvetica, sans-serif;\">IPBX ainsi que ses appels<\/span><br \/>\n<strong><span style=\"font-family: tahoma, arial, helvetica, sans-serif;\">VERSION R\u00c9CEPTIONNISTE : <\/span><\/strong><span style=\"font-family: tahoma, arial, helvetica, sans-serif;\">permet l\u2019affichage de plus de<\/span><br \/>\n<span style=\"font-family: tahoma, arial, helvetica, sans-serif;\">4 appels<\/span><br \/>\n<span style=\"font-family: tahoma, arial, helvetica, sans-serif;\"><strong>CONTACTS :<\/strong> Gestion des contacts avec bouton d\u2019appels et<\/span><br \/>\n<span style=\"font-family: tahoma, arial, helvetica, sans-serif;\">d\u2019envoi de messages et a<\/span><span style=\"font-family: tahoma, arial, helvetica, sans-serif;\">ffichage du statut des contacts<\/span><br \/>\n<span style=\"font-family: tahoma, arial, helvetica, sans-serif;\"><strong>PERSONNALISATION :<\/strong> personnalisation de l\u2019affichage<\/span><br \/>\n<span style=\"font-family: tahoma, arial, helvetica, sans-serif;\">de chaque panneau SCOPSWITCH, selon les<\/span><br \/>\n<span style=\"font-family: tahoma, arial, helvetica, sans-serif;\">pr\u00e9f\u00e9rences de l\u2019utilisateur connect\u00e9<\/span><\/p>\n<p>[\/vc_column_text][\/vc_column][vc_column width=\u00a0\u00bb1\/3&Prime;][vc_single_image image=\u00a0\u00bb16321&Prime; img_size=\u00a0\u00bblarge\u00a0\u00bb alignment=\u00a0\u00bbcenter\u00a0\u00bb css=\u00a0\u00bb.vc_custom_1615652512507{padding-top: 15px !important;}\u00a0\u00bb][\/vc_column][\/vc_row]<\/p>\n","protected":false},"excerpt":{"rendered":"<p>[vc_row css=\u00a0\u00bb.vc_custom_1615301211679{background-color: #ffffff !important;}\u00a0\u00bb][vc_column][vc_single_image image=\u00a0\u00bb13533&Prime; img_size=\u00a0\u00bblarge\u00a0\u00bb alignment=\u00a0\u00bbcenter\u00a0\u00bb][\/vc_column][\/vc_row][vc_row gap=\u00a0\u00bb35&Prime; equal_height=\u00a0\u00bbyes\u00a0\u00bb content_placement=\u00a0\u00bbmiddle\u00a0\u00bb css=\u00a0\u00bb.vc_custom_1615301258466{margin-right: 120px !important;margin-bottom: 25px !important;margin-left: 120px !important;background-color: #ffffff !important;}\u00a0\u00bb][vc_column css_animation=\u00a0\u00bbfadeInLeft\u00a0\u00bb width=\u00a0\u00bb1\/2&Prime; css=\u00a0\u00bb.vc_custom_1615315162377{padding-top: 100px !important;padding-right: 50px !important;padding-bottom: 100px !important;padding-left: 50px !important;background-color: #1c1c37 !important;}\u00a0\u00bb][vc_custom_heading text=\u00a0\u00bbL\u2019EXPERT EN INFORMATION EN TEMPS R\u00c9EL\u00a0\u00bb font_container=\u00a0\u00bbtag:h1|font_size:40|text_align:center|color:%23ffffff\u00a0\u00bb use_theme_fonts=\u00a0\u00bbyes\u00a0\u00bb css=\u00a0\u00bb.vc_custom_1615301419750{padding-bottom: 10px !important;}\u00a0\u00bb][\/vc_column][vc_column width=\u00a0\u00bb1\/2&Prime; css=\u00a0\u00bb.vc_custom_1615302712305{background-image: url(https:\/\/cdn.statically.io\/img\/www.scopserv.com\/f=auto\/wp-content\/uploads\/2021\/03\/1.png?id=16295) !important;background-position: center !important;background-repeat: no-repeat !important;background-size: cover !important;}\u00a0\u00bb][\/vc_column][\/vc_row][vc_row gap=\u00a0\u00bb25&Prime; equal_height=\u00a0\u00bbyes\u00a0\u00bb [&#8230;]<\/p>\n","protected":false},"author":1,"featured_media":0,"parent":134,"menu_order":0,"comment_status":"closed","ping_status":"closed","template":"page-front-page-revolution-fullwidth.php","meta":[],"aioseo_notices":[],"_links":{"self":[{"href":"https:\/\/www-old.scopserv.com\/fr\/wp-json\/wp\/v2\/pages\/1915"}],"collection":[{"href":"https:\/\/www-old.scopserv.com\/fr\/wp-json\/wp\/v2\/pages"}],"about":[{"href":"https:\/\/www-old.scopserv.com\/fr\/wp-json\/wp\/v2\/types\/page"}],"author":[{"embeddable":true,"href":"https:\/\/www-old.scopserv.com\/fr\/wp-json\/wp\/v2\/users\/1"}],"replies":[{"embeddable":true,"href":"https:\/\/www-old.scopserv.com\/fr\/wp-json\/wp\/v2\/comments?post=1915"}],"version-history":[{"count":44,"href":"https:\/\/www-old.scopserv.com\/fr\/wp-json\/wp\/v2\/pages\/1915\/revisions"}],"predecessor-version":[{"id":16342,"href":"https:\/\/www-old.scopserv.com\/fr\/wp-json\/wp\/v2\/pages\/1915\/revisions\/16342"}],"up":[{"embeddable":true,"href":"https:\/\/www-old.scopserv.com\/fr\/wp-json\/wp\/v2\/pages\/134"}],"wp:attachment":[{"href":"https:\/\/www-old.scopserv.com\/fr\/wp-json\/wp\/v2\/media?parent=1915"}],"curies":[{"name":"wp","href":"https:\/\/api.w.org\/{rel}","templated":true}]}}