{"id":1909,"date":"2016-05-05T17:48:55","date_gmt":"2016-05-05T17:48:55","guid":{"rendered":"https:\/\/www.scopserv.com\/?page_id=1909"},"modified":"2020-05-06T15:05:37","modified_gmt":"2020-05-06T19:05:37","slug":"scopdev","status":"publish","type":"page","link":"https:\/\/www-old.scopserv.com\/fr\/produits\/logiciel\/scopdev\/","title":{"rendered":"ScopDev"},"content":{"rendered":"<p>[vc_row][vc_column][vc_column_text]<section class=\"tcvpb_section_tc\" style=\"margin-top:-193px;margin-bottom:0px;padding-top:0px;padding-bottom:0px;\">\r\n\t\t\r\n\t\t<div class=\"tcvpb_section_content\"><div class=\"tcvpb_container\"><\/div><\/div>\r\n\t\t\r\n\t\t\r\n\t<\/section><div class=\"tcvpb_column_tc_span12\"><\/div>[\/vc_column_text][\/vc_column][\/vc_row][vc_row full_width=\u00a0\u00bbstretch_row\u00a0\u00bb parallax=\u00a0\u00bbcontent-moving\u00a0\u00bb css=\u00a0\u00bb.vc_custom_1583171865904{padding-top: 100px !important;padding-bottom: 100px !important;background: #5e5e5e url(https:\/\/www.scopserv.com\/wp-content\/uploads\/2020\/03\/karl-pawlowicz-QUHuwyNgSA0-unsplash-scaled.jpg?id=14706);background-position:center;background-repeat:-repeat;background-size:cover !important;}\u00a0\u00bb][vc_column][vc_single_image image=\u00a0\u00bb13509&Prime; img_size=\u00a0\u00bblarge\u00a0\u00bb][vc_column_text css=\u00a0\u00bb.vc_custom_1583172432053{margin-bottom: 0px !important;}\u00a0\u00bb]<\/p>\n<p style=\"text-align: left;\"><span style=\"color: #ffffff; font-size: 18pt;\"><strong>Le kit de d\u00e9veloppement pour l\u2019interop\u00e9rabilit\u00e9 de SCOPTEL IPBX avec des syst\u00e8mes tiers comme ERP, CRM, PMS.<\/strong><\/span><\/p>\n<p>[\/vc_column_text][vc_empty_space][vc_row_inner][vc_column_inner width=\u00a0\u00bb1\/2&Prime;][vc_btn title=\u00a0\u00bbEn Savoir Plus\u00a0\u00bb style=\u00a0\u00bbflat\u00a0\u00bb color=\u00a0\u00bbchino\u00a0\u00bb align=\u00a0\u00bbright\u00a0\u00bb css_animation=\u00a0\u00bbflipInX\u00a0\u00bb link=\u00a0\u00bburl:https%3A%2F%2Fwww.scopserv.com%2Fwp-content%2Fuploads%2F2020%2F03%2FSCOPDEV_FR_versionfinale.pdf|||\u00a0\u00bb][\/vc_column_inner][vc_column_inner width=\u00a0\u00bb1\/2&Prime;][vc_btn title=\u00a0\u00bbIPBX ScopTel Mulitsoci\u00e9t\u00e9s\u00a0\u00bb style=\u00a0\u00bboutline\u00a0\u00bb color=\u00a0\u00bbwhite\u00a0\u00bb align=\u00a0\u00bbleft\u00a0\u00bb css_animation=\u00a0\u00bbslideInRight\u00a0\u00bb link=\u00a0\u00bburl:https%3A%2F%2Fwww.scopserv.com%2Ffr%2Fproduits%2Flogiciel%2F|||\u00a0\u00bb][\/vc_column_inner][\/vc_row_inner][\/vc_column][\/vc_row][vc_row full_width=\u00a0\u00bbstretch_row_content\u00a0\u00bb gap=\u00a0\u00bb10&Prime; css=\u00a0\u00bb.vc_custom_1583176699543{background-color: #ffffff !important;}\u00a0\u00bb][vc_column width=\u00a0\u00bb1\/3&Prime;][vc_icon type=\u00a0\u00bbmaterial\u00a0\u00bb icon_material=\u00a0\u00bbvc-material vc-material-av_timer\u00a0\u00bb color=\u00a0\u00bbchino\u00a0\u00bb size=\u00a0\u00bbxl\u00a0\u00bb align=\u00a0\u00bbcenter\u00a0\u00bb][vc_custom_heading text=\u00a0\u00bbContr\u00f4le en temps r\u00e9el\u00a0\u00bb font_container=\u00a0\u00bbtag:h3|text_align:center\u00a0\u00bb use_theme_fonts=\u00a0\u00bbyes\u00a0\u00bb css=\u00a0\u00bb.vc_custom_1583176201606{margin-top: 0px !important;}\u00a0\u00bb][vc_column_text css=\u00a0\u00bb.vc_custom_1583176660257{margin-bottom: 15px !important;}\u00a0\u00bb]- L\u2019\u00e9tat de l\u2019IPBX, ses configurations et ses modules<br \/>\n&#8211; Les pairs SIP, obtenir la liste des comptes VoIP et leur statut<br \/>\n&#8211; Les canaux d\u2019appel et g\u00e9rer le raccrochage, l\u2019enregistrement de surveillance, parcage, lecture DTMF, transfert d\u2019appel, conf\u00e9rences, DAHDI\/Zapper, etc[\/vc_column_text][\/vc_column][vc_column width=\u00a0\u00bb1\/3&Prime;][vc_icon type=\u00a0\u00bbmaterial\u00a0\u00bb icon_material=\u00a0\u00bbvc-material vc-material-dashboard\u00a0\u00bb color=\u00a0\u00bbchino\u00a0\u00bb size=\u00a0\u00bbxl\u00a0\u00bb align=\u00a0\u00bbcenter\u00a0\u00bb][vc_custom_heading text=\u00a0\u00bbGestion de la banque de donn\u00e9es Asterisk\u00a0\u00bb font_container=\u00a0\u00bbtag:h3|text_align:center\u00a0\u00bb use_theme_fonts=\u00a0\u00bbyes\u00a0\u00bb css=\u00a0\u00bb.vc_custom_1583176092530{margin-top: 0px !important;}\u00a0\u00bb][vc_column_text css=\u00a0\u00bb.vc_custom_1583176186348{margin-bottom: 15px !important;}\u00a0\u00bb]G\u00e9rer la banque de donn\u00e9es Asterisk avec support ODBC, les extensions ordinaires et hot desk, les files d\u2019attentes ACD, les agents, les bo\u00eetes de messagerie vocale, le r\u00e9veil t\u00e9l\u00e9phonique, etc.[\/vc_column_text][\/vc_column][vc_column width=\u00a0\u00bb1\/3&Prime;][vc_icon type=\u00a0\u00bbmaterial\u00a0\u00bb icon_material=\u00a0\u00bbvc-material vc-material-format_quote\u00a0\u00bb color=\u00a0\u00bbchino\u00a0\u00bb size=\u00a0\u00bbxl\u00a0\u00bb align=\u00a0\u00bbcenter\u00a0\u00bb][vc_custom_heading text=\u00a0\u00bbSCOPDEV vous donne les outils de contr\u00f4le et de gestion en temps r\u00e9el de l\u2019IPBX (\u00e9tat de l\u2019IPBX, gestion des canaux d\u2019appels, appels parqu\u00e9s, conf\u00e9rence active, etc.) utiles pour augmenter la productivit\u00e9 de syst\u00e8mes d\u2019entreprise.\u00a0\u00bb font_container=\u00a0\u00bbtag:h5|text_align:center\u00a0\u00bb use_theme_fonts=\u00a0\u00bbyes\u00a0\u00bb css=\u00a0\u00bb.vc_custom_1583176347238{margin-top: 0px !important;}\u00a0\u00bb][\/vc_column][\/vc_row][vc_row full_width=\u00a0\u00bbstretch_row_content\u00a0\u00bb gap=\u00a0\u00bb20&Prime; equal_height=\u00a0\u00bbyes\u00a0\u00bb content_placement=\u00a0\u00bbbottom\u00a0\u00bb css=\u00a0\u00bb.vc_custom_1583176688772{background-color: #ffffff !important;}\u00a0\u00bb][vc_column width=\u00a0\u00bb1\/4&Prime; css=\u00a0\u00bb.vc_custom_1583173486527{background-color: #193855 !important;}\u00a0\u00bb][vc_custom_heading text=\u00a0\u00bbSimplicit\u00e9 d&rsquo;utilisation\u00a0\u00bb font_container=\u00a0\u00bbtag:h3|text_align:left|color:%23ffffff\u00a0\u00bb use_theme_fonts=\u00a0\u00bbyes\u00a0\u00bb css=\u00a0\u00bb.vc_custom_1583173432149{padding-top: 200px !important;padding-right: 35px !important;padding-left: 35px !important;}\u00a0\u00bb][vc_column_text css=\u00a0\u00bb.vc_custom_1583174545162{margin-bottom: 15px !important;padding-right: 35px !important;padding-left: 35px !important;}\u00a0\u00bb]<\/p>\n<p style=\"text-align: justify;\"><span style=\"color: #ffffff;\">ScopDev vous permet de g\u00e9n\u00e9rer le code pour b\u00e2tir des int\u00e9grations personnalis\u00e9es gr\u00e2ce \u00e0 un transfert d&rsquo;information rapide lors d&rsquo;appels en cours et l&rsquo;ex\u00e9cution d&rsquo;op\u00e9rations sur l&rsquo;IPBX.<\/span><\/p>\n<p>[\/vc_column_text][vc_btn title=\u00a0\u00bbLire\u00a0\u00bb style=\u00a0\u00bboutline\u00a0\u00bb color=\u00a0\u00bbwhite\u00a0\u00bb css=\u00a0\u00bb.vc_custom_1583173754781{padding-bottom: 35px !important;padding-left: 35px !important;}\u00a0\u00bb link=\u00a0\u00bburl:https%3A%2F%2Fwiki.scopserv.com%2Ffr%2Fapi.html|||\u00a0\u00bb][\/vc_column][vc_column width=\u00a0\u00bb1\/4&Prime; css=\u00a0\u00bb.vc_custom_1583174781119{background-image: url(https:\/\/www.scopserv.com\/wp-content\/uploads\/2020\/03\/scopdev2.jpg?id=14721) !important;background-position: center !important;background-repeat: no-repeat !important;background-size: cover !important;}\u00a0\u00bb][vc_custom_heading text=\u00a0\u00bbGUIDE\u00a0\u00bb font_container=\u00a0\u00bbtag:h3|font_size:50|text_align:center|color:%23ffffff|line_height:10&Prime; google_fonts=\u00a0\u00bbfont_family:Lato%3A100%2C100italic%2C300%2C300italic%2Cregular%2Citalic%2C700%2C700italic%2C900%2C900italic|font_style:400%20regular%3A400%3Anormal\u00a0\u00bb link=\u00a0\u00bburl:https%3A%2F%2Fwiki.scopserv.com%2Ffr%2Fapi.html|||\u00a0\u00bb][\/vc_column][vc_column width=\u00a0\u00bb1\/4&Prime; css=\u00a0\u00bb.vc_custom_1583175791069{background-color: #b29784 !important;}\u00a0\u00bb][vc_custom_heading text=\u00a0\u00bbAvantages :\u00a0\u00bb font_container=\u00a0\u00bbtag:h3|text_align:left|color:%23ffffff\u00a0\u00bb use_theme_fonts=\u00a0\u00bbyes\u00a0\u00bb css=\u00a0\u00bb.vc_custom_1583173855074{padding-top: 200px !important;padding-right: 35px !important;padding-left: 35px !important;}\u00a0\u00bb][vc_column_text css=\u00a0\u00bb.vc_custom_1583175562195{margin-bottom: 15px !important;padding-right: 35px !important;padding-left: 35px !important;}\u00a0\u00bb]<\/p>\n<ul style=\"list-style-type: circle;\">\n<li><span style=\"color: #ffffff;\">Un API REST qui contient plus de 300 m\u00e9thodes pour la lecture d\u2019information et l\u2019ex\u00e9cution d\u2019op\u00e9rations essentielles<\/span><\/li>\n<li><span style=\"color: #ffffff;\">Un syst\u00e8me de capture d\u2019\u00e9v\u00e9nements<\/span><\/li>\n<\/ul>\n<p>[\/vc_column_text][vc_btn title=\u00a0\u00bbDocumentation APIs\u00a0\u00bb style=\u00a0\u00bboutline\u00a0\u00bb color=\u00a0\u00bbwhite\u00a0\u00bb css=\u00a0\u00bb.vc_custom_1588791889640{padding-bottom: 35px !important;padding-left: 35px !important;}\u00a0\u00bb link=\u00a0\u00bburl:https%3A%2F%2Fscopserv.com%2Fapi%2Fdocs%2F|||\u00a0\u00bb][\/vc_column][vc_column width=\u00a0\u00bb1\/4&Prime; css=\u00a0\u00bb.vc_custom_1583174831508{background-image: url(https:\/\/www.scopserv.com\/wp-content\/uploads\/2020\/03\/karl-pawlowicz-QUHuwyNgSA0-unsplash-scaled.jpg?id=14706) !important;background-position: center !important;background-repeat: no-repeat !important;background-size: cover !important;}\u00a0\u00bb][vc_custom_heading text=\u00a0\u00bbAPI REST\u00a0\u00bb font_container=\u00a0\u00bbtag:h3|font_size:50|text_align:center|color:%23ffffff|line_height:10&Prime; google_fonts=\u00a0\u00bbfont_family:Lato%3A100%2C100italic%2C300%2C300italic%2Cregular%2Citalic%2C700%2C700italic%2C900%2C900italic|font_style:400%20regular%3A400%3Anormal\u00a0\u00bb link=\u00a0\u00bburl:https%3A%2F%2Fscopserv.com%2Fapi%2Fdocs%2F|||\u00a0\u00bb][\/vc_column][\/vc_row][vc_row full_width=\u00a0\u00bbstretch_row_content\u00a0\u00bb gap=\u00a0\u00bb10&Prime; css=\u00a0\u00bb.vc_custom_1583176699543{background-color: #ffffff !important;}\u00a0\u00bb][vc_column][vc_empty_space height=\u00a0\u00bb42px\u00a0\u00bb css=\u00a0\u00bb.vc_custom_1583177261837{background-color: #ffffff !important;}\u00a0\u00bb][\/vc_column][\/vc_row][vc_row parallax=\u00a0\u00bbcontent-moving\u00a0\u00bb css=\u00a0\u00bb.vc_custom_1583177025890{padding-top: 100px !important;padding-bottom: 100px !important;background: #5e5e5e url(https:\/\/www.scopserv.com\/wp-content\/uploads\/2020\/03\/scoptel-site-scaled.jpg?id=14723);background-position:center;background-repeat:-repeat;background-size:cover !important;}\u00a0\u00bb][vc_column][vc_custom_heading text=\u00a0\u00bbD\u00e9couvrez la solution ScopTel IPBX multisoci\u00e9t\u00e9s &amp; ses produits int\u00e9gr\u00e9s\u00a0\u00bb font_container=\u00a0\u00bbtag:h1|font_size:60|text_align:center|color:%23ffffff\u00a0\u00bb use_theme_fonts=\u00a0\u00bbyes\u00a0\u00bb][vc_row_inner][vc_column_inner][vc_btn title=\u00a0\u00bbD\u00c9COUVRIR SCOPTEL IPBX\u00a0\u00bb style=\u00a0\u00bboutline\u00a0\u00bb color=\u00a0\u00bbwhite\u00a0\u00bb size=\u00a0\u00bblg\u00a0\u00bb align=\u00a0\u00bbcenter\u00a0\u00bb link=\u00a0\u00bburl:https%3A%2F%2Fwww.scopserv.com%2Ffr%2Fproduits%2Flogiciel%2F|||\u00a0\u00bb][\/vc_column_inner][\/vc_row_inner][\/vc_column][\/vc_row]<\/p>\n","protected":false},"excerpt":{"rendered":"<p>[vc_row][vc_column][vc_column_text] [\/vc_column_text][\/vc_column][\/vc_row][vc_row full_width=\u00a0\u00bbstretch_row\u00a0\u00bb parallax=\u00a0\u00bbcontent-moving\u00a0\u00bb css=\u00a0\u00bb.vc_custom_1583171865904{padding-top: 100px !important;padding-bottom: 100px !important;background: #5e5e5e url(https:\/\/www.scopserv.com\/wp-content\/uploads\/2020\/03\/karl-pawlowicz-QUHuwyNgSA0-unsplash-scaled.jpg?id=14706);background-position:center;background-repeat:-repeat;background-size:cover !important;}\u00a0\u00bb][vc_column][vc_single_image image=\u00a0\u00bb13509&Prime; img_size=\u00a0\u00bblarge\u00a0\u00bb][vc_column_text css=\u00a0\u00bb.vc_custom_1583172432053{margin-bottom: 0px !important;}\u00a0\u00bb] Le kit de d\u00e9veloppement pour l\u2019interop\u00e9rabilit\u00e9 de SCOPTEL IPBX avec des syst\u00e8mes tiers comme ERP, CRM, PMS. [\/vc_column_text][vc_empty_space][vc_row_inner][vc_column_inner width=\u00a0\u00bb1\/2&Prime;][vc_btn title=\u00a0\u00bbEn Savoir Plus\u00a0\u00bb style=\u00a0\u00bbflat\u00a0\u00bb color=\u00a0\u00bbchino\u00a0\u00bb align=\u00a0\u00bbright\u00a0\u00bb css_animation=\u00a0\u00bbflipInX\u00a0\u00bb link=\u00a0\u00bburl:https%3A%2F%2Fwww.scopserv.com%2Fwp-content%2Fuploads%2F2020%2F03%2FSCOPDEV_FR_versionfinale.pdf|||\u00a0\u00bb][\/vc_column_inner][vc_column_inner width=\u00a0\u00bb1\/2&Prime;][vc_btn title=\u00a0\u00bbIPBX ScopTel Mulitsoci\u00e9t\u00e9s\u00a0\u00bb style=\u00a0\u00bboutline\u00a0\u00bb color=\u00a0\u00bbwhite\u00a0\u00bb align=\u00a0\u00bbleft\u00a0\u00bb css_animation=\u00a0\u00bbslideInRight\u00a0\u00bb link=\u00a0\u00bburl:https%3A%2F%2Fwww.scopserv.com%2Ffr%2Fproduits%2Flogiciel%2F|||\u00a0\u00bb][\/vc_column_inner][\/vc_row_inner][\/vc_column][\/vc_row][vc_row full_width=\u00a0\u00bbstretch_row_content\u00a0\u00bb gap=\u00a0\u00bb10&Prime; [&#8230;]<\/p>\n","protected":false},"author":1,"featured_media":0,"parent":134,"menu_order":0,"comment_status":"closed","ping_status":"closed","template":"page-front-page-revolution-fullwidth.php","meta":[],"aioseo_notices":[],"_links":{"self":[{"href":"https:\/\/www-old.scopserv.com\/fr\/wp-json\/wp\/v2\/pages\/1909"}],"collection":[{"href":"https:\/\/www-old.scopserv.com\/fr\/wp-json\/wp\/v2\/pages"}],"about":[{"href":"https:\/\/www-old.scopserv.com\/fr\/wp-json\/wp\/v2\/types\/page"}],"author":[{"embeddable":true,"href":"https:\/\/www-old.scopserv.com\/fr\/wp-json\/wp\/v2\/users\/1"}],"replies":[{"embeddable":true,"href":"https:\/\/www-old.scopserv.com\/fr\/wp-json\/wp\/v2\/comments?post=1909"}],"version-history":[{"count":38,"href":"https:\/\/www-old.scopserv.com\/fr\/wp-json\/wp\/v2\/pages\/1909\/revisions"}],"predecessor-version":[{"id":15283,"href":"https:\/\/www-old.scopserv.com\/fr\/wp-json\/wp\/v2\/pages\/1909\/revisions\/15283"}],"up":[{"embeddable":true,"href":"https:\/\/www-old.scopserv.com\/fr\/wp-json\/wp\/v2\/pages\/134"}],"wp:attachment":[{"href":"https:\/\/www-old.scopserv.com\/fr\/wp-json\/wp\/v2\/media?parent=1909"}],"curies":[{"name":"wp","href":"https:\/\/api.w.org\/{rel}","templated":true}]}}