{"id":1903,"date":"2016-05-05T17:11:56","date_gmt":"2016-05-05T17:11:56","guid":{"rendered":"https:\/\/www.scopserv.com\/?page_id=1903"},"modified":"2021-03-13T14:23:43","modified_gmt":"2021-03-13T19:23:43","slug":"scopcomm","status":"publish","type":"page","link":"https:\/\/www-old.scopserv.com\/fr\/produits\/logiciel\/scopcomm\/","title":{"rendered":"ScopComm"},"content":{"rendered":"<p>[vc_row full_width=\u00a0\u00bbstretch_row_content\u00a0\u00bb gap=\u00a0\u00bb10&Prime; parallax=\u00a0\u00bbcontent-moving\u00a0\u00bb css=\u00a0\u00bb.vc_custom_1615659861538{padding-top: 100px !important;padding-bottom: 100px !important;background: #5e5e5e url(https:\/\/cdn.statically.io\/img\/www.scopserv.com\/f=auto\/wp-content\/uploads\/2020\/03\/ScopComm_Banniere_pageweb-1.png?id=14829);}\u00a0\u00bb][vc_column css=\u00a0\u00bb.vc_custom_1615659849656{margin-right: 120px !important;margin-left: 120px !important;}\u00a0\u00bb][vc_single_image image=\u00a0\u00bb13505&Prime; img_size=\u00a0\u00bblarge\u00a0\u00bb][vc_column_text css=\u00a0\u00bb.vc_custom_1615660200158{margin-bottom: 0px !important;}\u00a0\u00bb]<\/p>\n<p style=\"text-align: left;\"><span style=\"font-size: 20px; font-family: tahoma, arial, helvetica, sans-serif;\">La solution VoIP pour t\u00e9l\u00e9phone intelligent.<\/span><\/p>\n<p style=\"text-align: left;\"><span style=\"font-size: 20px; font-family: tahoma, arial, helvetica, sans-serif;\"><strong>SCOPCOMM&#x2122;<\/strong> est un produit compl\u00e9mentaire \u00e0 SCOPTEL IPBX.<\/span><\/p>\n<p>[\/vc_column_text][vc_empty_space][vc_row_inner][vc_column_inner width=\u00a0\u00bb1\/4&Prime;][vc_btn title=\u00a0\u00bbEN SAVOIR +\u00a0\u00bb style=\u00a0\u00bbflat\u00a0\u00bb color=\u00a0\u00bbprimary\u00a0\u00bb align=\u00a0\u00bbright\u00a0\u00bb link=\u00a0\u00bburl:https%3A%2F%2Fwww.scopserv.com%2Fwp-content%2Fuploads%2F2021%2F03%2FSCOPCOMM-FR.pdf\u00a0\u00bb][\/vc_column_inner][vc_column_inner width=\u00a0\u00bb1\/4&Prime;][vc_btn title=\u00a0\u00bbCONNA\u00ceTRE LA SOLUTION SCOPTEL IPBX\u00a0\u00bb color=\u00a0\u00bbwhite\u00a0\u00bb align=\u00a0\u00bbleft\u00a0\u00bb link=\u00a0\u00bburl:https%3A%2F%2Fwww.scopserv.com%2Ffr%2Fproduits%2Flogiciel%2F\u00a0\u00bb][\/vc_column_inner][vc_column_inner width=\u00a0\u00bb1\/4&Prime;][\/vc_column_inner][vc_column_inner width=\u00a0\u00bb1\/4&Prime;][\/vc_column_inner][\/vc_row_inner][\/vc_column][\/vc_row][vc_row css=\u00a0\u00bb.vc_custom_1615661687199{margin-right: 120px !important;margin-left: 120px !important;background-color: #ffffff !important;}\u00a0\u00bb][vc_column][vc_single_image image=\u00a0\u00bb16366&Prime; img_size=\u00a0\u00bblarge\u00a0\u00bb alignment=\u00a0\u00bbcenter\u00a0\u00bb][vc_column_text css=\u00a0\u00bb.vc_custom_1615659973198{padding-right: 25px !important;padding-left: 25px !important;}\u00a0\u00bb]<\/p>\n<p style=\"text-align: center;\"><strong><span style=\"font-size: 20px; color: #343434;\">Nos t\u00e9l\u00e9phones logiciel SCOPCOMM, adapt\u00e9s \u00e0 notre plateforme de communication SCOPTEL IPBX, sont disponibles sur les plateformes iOS et Android pour mobile ainsi que macOS, Windows et WebRTC pour ordinateurs.<\/span><\/strong><\/p>\n<p>[\/vc_column_text][vc_empty_space][\/vc_column][\/vc_row][vc_row css=\u00a0\u00bb.vc_custom_1615660180614{background-color: #ffffff !important;}\u00a0\u00bb][vc_column][vc_single_image image=\u00a0\u00bb16368&Prime; img_size=\u00a0\u00bbfull\u00a0\u00bb alignment=\u00a0\u00bbcenter\u00a0\u00bb][\/vc_column][\/vc_row][vc_row full_width=\u00a0\u00bbstretch_row_content\u00a0\u00bb gap=\u00a0\u00bb20&Prime; css=\u00a0\u00bb.vc_custom_1615661708366{margin-right: 120px !important;margin-left: 120px !important;background-color: #ffffff !important;}\u00a0\u00bb][vc_column width=\u00a0\u00bb1\/5&Prime;][vc_icon type=\u00a0\u00bbmaterial\u00a0\u00bb icon_material=\u00a0\u00bbvc-material vc-material-notifications_active\u00a0\u00bb color=\u00a0\u00bbblack\u00a0\u00bb][vc_custom_heading text=\u00a0\u00bbSAINE GESTION DE LA BATTERIE\u00a0\u00bb font_container=\u00a0\u00bbtag:h5|text_align:center\u00a0\u00bb use_theme_fonts=\u00a0\u00bbyes\u00a0\u00bb css=\u00a0\u00bb.vc_custom_1615660682031{margin-top: 0px !important;}\u00a0\u00bb][\/vc_column][vc_column width=\u00a0\u00bb1\/5&Prime;][vc_icon type=\u00a0\u00bbmaterial\u00a0\u00bb icon_material=\u00a0\u00bbvc-material vc-material-alarm_off\u00a0\u00bb color=\u00a0\u00bbblack\u00a0\u00bb][vc_custom_heading text=\u00a0\u00bbFONCTIONNALIT\u00c9 \u2018Ne pas D\u00e9ranger\u2019\u00a0\u00bb font_container=\u00a0\u00bbtag:h5|text_align:center\u00a0\u00bb use_theme_fonts=\u00a0\u00bbyes\u00a0\u00bb css=\u00a0\u00bb.vc_custom_1615660634648{margin-top: 0px !important;}\u00a0\u00bb][\/vc_column][vc_column width=\u00a0\u00bb1\/5&Prime;][vc_icon type=\u00a0\u00bbmaterial\u00a0\u00bb icon_material=\u00a0\u00bbvc-material vc-material-broken_image\u00a0\u00bb color=\u00a0\u00bbblack\u00a0\u00bb][vc_custom_heading text=\u00a0\u00bbINT\u00c9GRATION DES CONTACTS DU SCOPTEL IBX\u00a0\u00bb font_container=\u00a0\u00bbtag:h5|text_align:center\u00a0\u00bb use_theme_fonts=\u00a0\u00bbyes\u00a0\u00bb css=\u00a0\u00bb.vc_custom_1615660468454{margin-top: 0px !important;}\u00a0\u00bb][\/vc_column][vc_column width=\u00a0\u00bb1\/5&Prime;][vc_icon type=\u00a0\u00bbmaterial\u00a0\u00bb icon_material=\u00a0\u00bbvc-material vc-material-textsms\u00a0\u00bb color=\u00a0\u00bbblack\u00a0\u00bb][vc_custom_heading text=\u00a0\u00bbCOMMUNIQUEZ FACILEMENT SUR LE CHAT CHAT\u00a0\u00bb font_container=\u00a0\u00bbtag:h5|text_align:center\u00a0\u00bb use_theme_fonts=\u00a0\u00bbyes\u00a0\u00bb css=\u00a0\u00bb.vc_custom_1615660553017{margin-top: 0px !important;}\u00a0\u00bb][\/vc_column][vc_column width=\u00a0\u00bb1\/5&Prime;][vc_icon type=\u00a0\u00bbmaterial\u00a0\u00bb icon_material=\u00a0\u00bbvc-material vc-material-airplay\u00a0\u00bb color=\u00a0\u00bbblack\u00a0\u00bb][vc_custom_heading text=\u00a0\u00bbDISPONIBLE SUR UN LARGE \u00c9VENTAIL DE P\u00c9RIPH\u00c9RIQUES\u00a0\u00bb font_container=\u00a0\u00bbtag:h5|text_align:center\u00a0\u00bb use_theme_fonts=\u00a0\u00bbyes\u00a0\u00bb css=\u00a0\u00bb.vc_custom_1615660670240{margin-top: 0px !important;}\u00a0\u00bb][\/vc_column][\/vc_row]<\/p>\n","protected":false},"excerpt":{"rendered":"<p>[vc_row full_width=\u00a0\u00bbstretch_row_content\u00a0\u00bb gap=\u00a0\u00bb10&Prime; parallax=\u00a0\u00bbcontent-moving\u00a0\u00bb css=\u00a0\u00bb.vc_custom_1615659861538{padding-top: 100px !important;padding-bottom: 100px !important;background: #5e5e5e url(https:\/\/cdn.statically.io\/img\/www.scopserv.com\/f=auto\/wp-content\/uploads\/2020\/03\/ScopComm_Banniere_pageweb-1.png?id=14829);}\u00a0\u00bb][vc_column css=\u00a0\u00bb.vc_custom_1615659849656{margin-right: 120px !important;margin-left: 120px !important;}\u00a0\u00bb][vc_single_image image=\u00a0\u00bb13505&Prime; img_size=\u00a0\u00bblarge\u00a0\u00bb][vc_column_text css=\u00a0\u00bb.vc_custom_1615660200158{margin-bottom: 0px !important;}\u00a0\u00bb] La solution VoIP pour t\u00e9l\u00e9phone intelligent. SCOPCOMM&#x2122; est un produit compl\u00e9mentaire \u00e0 SCOPTEL IPBX. [\/vc_column_text][vc_empty_space][vc_row_inner][vc_column_inner width=\u00a0\u00bb1\/4&Prime;][vc_btn title=\u00a0\u00bbEN SAVOIR +\u00a0\u00bb style=\u00a0\u00bbflat\u00a0\u00bb color=\u00a0\u00bbprimary\u00a0\u00bb align=\u00a0\u00bbright\u00a0\u00bb link=\u00a0\u00bburl:https%3A%2F%2Fwww.scopserv.com%2Fwp-content%2Fuploads%2F2021%2F03%2FSCOPCOMM-FR.pdf\u00a0\u00bb][\/vc_column_inner][vc_column_inner width=\u00a0\u00bb1\/4&Prime;][vc_btn title=\u00a0\u00bbCONNA\u00ceTRE LA SOLUTION SCOPTEL IPBX\u00a0\u00bb color=\u00a0\u00bbwhite\u00a0\u00bb align=\u00a0\u00bbleft\u00a0\u00bb link=\u00a0\u00bburl:https%3A%2F%2Fwww.scopserv.com%2Ffr%2Fproduits%2Flogiciel%2F\u00a0\u00bb][\/vc_column_inner][vc_column_inner width=\u00a0\u00bb1\/4&Prime;][\/vc_column_inner][vc_column_inner width=\u00a0\u00bb1\/4&Prime;][\/vc_column_inner][\/vc_row_inner][\/vc_column][\/vc_row][vc_row [&#8230;]<\/p>\n","protected":false},"author":1,"featured_media":0,"parent":134,"menu_order":0,"comment_status":"closed","ping_status":"closed","template":"page-front-page-revolution-fullwidth.php","meta":[],"aioseo_notices":[],"_links":{"self":[{"href":"https:\/\/www-old.scopserv.com\/fr\/wp-json\/wp\/v2\/pages\/1903"}],"collection":[{"href":"https:\/\/www-old.scopserv.com\/fr\/wp-json\/wp\/v2\/pages"}],"about":[{"href":"https:\/\/www-old.scopserv.com\/fr\/wp-json\/wp\/v2\/types\/page"}],"author":[{"embeddable":true,"href":"https:\/\/www-old.scopserv.com\/fr\/wp-json\/wp\/v2\/users\/1"}],"replies":[{"embeddable":true,"href":"https:\/\/www-old.scopserv.com\/fr\/wp-json\/wp\/v2\/comments?post=1903"}],"version-history":[{"count":51,"href":"https:\/\/www-old.scopserv.com\/fr\/wp-json\/wp\/v2\/pages\/1903\/revisions"}],"predecessor-version":[{"id":16396,"href":"https:\/\/www-old.scopserv.com\/fr\/wp-json\/wp\/v2\/pages\/1903\/revisions\/16396"}],"up":[{"embeddable":true,"href":"https:\/\/www-old.scopserv.com\/fr\/wp-json\/wp\/v2\/pages\/134"}],"wp:attachment":[{"href":"https:\/\/www-old.scopserv.com\/fr\/wp-json\/wp\/v2\/media?parent=1903"}],"curies":[{"name":"wp","href":"https:\/\/api.w.org\/{rel}","templated":true}]}}