{"id":1864,"date":"2016-05-03T21:57:54","date_gmt":"2016-05-03T21:57:54","guid":{"rendered":"https:\/\/www.scopserv.com\/?page_id=1864"},"modified":"2020-03-11T08:36:30","modified_gmt":"2020-03-11T12:36:30","slug":"compagnie","status":"publish","type":"page","link":"https:\/\/www-old.scopserv.com\/fr\/compagnie\/","title":{"rendered":"\u00c0 propos"},"content":{"rendered":"<p>[vc_row css=\u00a0\u00bb.vc_custom_1453210963159{padding-top: 50px !important;padding-bottom: 50px !important;}\u00a0\u00bb][\/vc_row][vc_row css=\u00a0\u00bb.vc_custom_1583928876586{background-color: #ffffff !important;}\u00a0\u00bb][vc_column width=\u00a0\u00bb1\/2&Prime;][vc_custom_heading text=\u00a0\u00bbS.\u00a0\u00bb font_container=\u00a0\u00bbtag:h1|font_size:100|text_align:left|line_height:1&Prime; use_theme_fonts=\u00a0\u00bbyes\u00a0\u00bb css=\u00a0\u00bb.vc_custom_1583928506499{margin-bottom: 0px !important;padding-bottom: 0px !important;}\u00a0\u00bb][vc_custom_heading text=\u00a0\u00bbscopserv international inc.\u00a0\u00bb font_container=\u00a0\u00bbtag:h1|font_size:40|text_align:left\u00a0\u00bb use_theme_fonts=\u00a0\u00bbyes\u00a0\u00bb css=\u00a0\u00bb.vc_custom_1583928536185{margin-top: 0px !important;}\u00a0\u00bb][vc_column_text]Pionnier mondial de la conception de solutions de t\u00e9l\u00e9phonie IP (VoIP), nous fournissons des solutions et des services de communication aux petites, moyennes et grandes entreprises. Nous sommes \u00e9galement sp\u00e9cialis\u00e9s dans la conception multifonction de serveurs et le d\u00e9veloppement de logiciels. Nos d\u00e9veloppements sont con\u00e7us pour un d\u00e9ploiement imm\u00e9diat dans n&rsquo;importe quelle architecture de r\u00e9seau et ils combinent les trois avantages fondamentaux de la t\u00e9l\u00e9phonie IP: co\u00fbt, fiabilit\u00e9 et \u00e9volutivit\u00e9.<\/p>\n<p>Nous sommes fiers de servir nos clients avec une garantie de transparence, de fiabilit\u00e9 et d&rsquo;adaptabilit\u00e9.[\/vc_column_text][\/vc_column][vc_column width=\u00a0\u00bb1\/2&Prime;][vc_single_image image=\u00a0\u00bb13869&Prime; img_size=\u00a0\u00bblarge\u00a0\u00bb style=\u00a0\u00bbvc_box_shadow\u00a0\u00bb][\/vc_column][\/vc_row][vc_row css=\u00a0\u00bb.vc_custom_1583928886866{background-color: #ffffff !important;}\u00a0\u00bb][vc_column width=\u00a0\u00bb1\/3&Prime;][\/vc_column][vc_column width=\u00a0\u00bb1\/3&Prime;][vc_custom_heading text=\u00a0\u00bbH.\u00a0\u00bb font_container=\u00a0\u00bbtag:h1|font_size:100|text_align:left|line_height:1&Prime; use_theme_fonts=\u00a0\u00bbyes\u00a0\u00bb css=\u00a0\u00bb.vc_custom_1478002558080{margin-bottom: 0px !important;padding-bottom: 0px !important;}\u00a0\u00bb][vc_custom_heading text=\u00a0\u00bbnotre Histoire\u00a0\u00bb font_container=\u00a0\u00bbtag:h1|font_size:40|text_align:left\u00a0\u00bb use_theme_fonts=\u00a0\u00bbyes\u00a0\u00bb css=\u00a0\u00bb.vc_custom_1583928792781{margin-top: 0px !important;}\u00a0\u00bb][vc_column_text]Cr\u00e9\u00e9e en 2002, ScopServ International Inc. a \u00e9t\u00e9 officiellement fond\u00e9e en 2006. Avec plus de 14 ans de d\u00e9veloppement, la soci\u00e9t\u00e9 est devenue un leader du march\u00e9 dans l&rsquo;industrie du d\u00e9veloppement de solutions de t\u00e9l\u00e9phonie IP (VoIP).Notre suite d&rsquo;applications SCOPTEL, une unit\u00e9 de gestion compl\u00e8te IPBX, bas\u00e9e sur la technologie Asterisk. L&rsquo;interface Web intuitive de SCOPTEL tire parti de tous les modules Asterisk, tout en permettant la diffusion de ses fonctionnalit\u00e9s.<\/p>\n<p>Les logiciels phares de ScopServ permettent de r\u00e9pondre \u00e0 tous les besoins dans le domaine de la t\u00e9l\u00e9phonie, de la tr\u00e8s petite entreprise \u00e0 la plus grande entreprise multinationale.<\/p>\n<p>Pour mieux servir ses clients dans le monde entier, ScopServ travaille avec un r\u00e9seau de revendeurs et de distributeurs qualifi\u00e9s. L&rsquo;entreprise a \u00e9galement mis en place des centres de formation et d&rsquo;assistance certifi\u00e9s afin de maintenir les normes de qualit\u00e9 les plus \u00e9lev\u00e9es.<\/p>\n<p>Avec sa division de services professionnels, ScopServ peut vous accompagner, via ses partenaires int\u00e9grateurs, de la planification de la r\u00e9alisation de projets cl\u00e9 en main \u00e0 l&rsquo;aide de ses solutions de t\u00e9l\u00e9phonie IP.<\/p>\n<p>Utilis\u00e9es dans plus de 45 pays, les solutions VoIP de Scopserv sont reconnues comme une alternative fiable et \u00e9conomique \u00e0 la t\u00e9l\u00e9phonie traditionnelle. Le syst\u00e8me int\u00e9gr\u00e9 SCOPTEL IPBX fournit l&rsquo;un des environnements les plus stables et les plus riches du march\u00e9.<\/span>[\/vc_column_text][\/vc_column][vc_column width=\u00a0\u00bb1\/3&Prime;][vc_btn title=\u00a0\u00bbConna\u00eetre notre solution ScopTel IPBX\u00a0\u00bb style=\u00a0\u00bboutline-custom\u00a0\u00bb outline_custom_color=\u00a0\u00bb#000000&Prime; outline_custom_hover_background=\u00a0\u00bb#000000&Prime; outline_custom_hover_text=\u00a0\u00bb#ffffff\u00a0\u00bb shape=\u00a0\u00bbround\u00a0\u00bb size=\u00a0\u00bblg\u00a0\u00bb align=\u00a0\u00bbcenter\u00a0\u00bb link=\u00a0\u00bburl:https%3A%2F%2Fwww.scopserv.com%2Ffr%2Fproduits%2Flogiciel%2F|||\u00a0\u00bb][\/vc_column][\/vc_row][vc_row css=\u00a0\u00bb.vc_custom_1583928899984{background-color: #ffffff !important;}\u00a0\u00bb][vc_column][vc_custom_heading text=\u00a0\u00bbE.\u00a0\u00bb font_container=\u00a0\u00bbtag:h1|font_size:100|text_align:left|line_height:1&Prime; use_theme_fonts=\u00a0\u00bbyes\u00a0\u00bb css=\u00a0\u00bb.vc_custom_1583929037323{margin-bottom: 0px !important;padding-bottom: 0px !important;}\u00a0\u00bb][vc_custom_heading text=\u00a0\u00bbnotre \u00c9quipe\u00a0\u00bb font_container=\u00a0\u00bbtag:h1|font_size:40|text_align:left\u00a0\u00bb use_theme_fonts=\u00a0\u00bbyes\u00a0\u00bb css=\u00a0\u00bb.vc_custom_1583929049615{margin-top: 0px !important;}\u00a0\u00bb][vc_empty_space][\/vc_column][\/vc_row][vc_row gap=\u00a0\u00bb15&Prime; equal_height=\u00a0\u00bbyes\u00a0\u00bb css=\u00a0\u00bb.vc_custom_1583928911183{padding-bottom: 50px !important;background-color: #ffffff !important;}\u00a0\u00bb][vc_column width=\u00a0\u00bb1\/4&Prime;][vc_single_image image=\u00a0\u00bb14517&Prime; img_size=\u00a0\u00bb200&#215;200&Prime; alignment=\u00a0\u00bbcenter\u00a0\u00bb style=\u00a0\u00bbvc_box_circle\u00a0\u00bb css_animation=\u00a0\u00bbtop-to-bottom\u00a0\u00bb][vc_custom_heading text=\u00a0\u00bbDenis Tr\u00e9panier\u00a0\u00bb font_container=\u00a0\u00bbtag:h4|font_size:22|text_align:center|color:%233a3a3a|line_height:1.2&Prime; google_fonts=\u00a0\u00bbfont_family:Montserrat%3Aregular%2C700|font_style:400%20regular%3A400%3Anormal\u00a0\u00bb][vc_column_text css=\u00a0\u00bb.vc_custom_1583770142123{margin-bottom: 10px !important;}\u00a0\u00bb]<\/p>\n<p style=\"text-align: center;\"><em>Pr\u00e9sident<\/em><\/p>\n<p>[\/vc_column_text][\/vc_column][vc_column width=\u00a0\u00bb1\/4&Prime;][vc_single_image image=\u00a0\u00bb14906&Prime; img_size=\u00a0\u00bb200&#215;200&Prime; alignment=\u00a0\u00bbcenter\u00a0\u00bb style=\u00a0\u00bbvc_box_circle\u00a0\u00bb css_animation=\u00a0\u00bbtop-to-bottom\u00a0\u00bb][vc_custom_heading text=\u00a0\u00bbFran\u00e7ois Goedike\u00a0\u00bb font_container=\u00a0\u00bbtag:h4|font_size:22|text_align:center|color:%233a3a3a|line_height:1.2&Prime; google_fonts=\u00a0\u00bbfont_family:Montserrat%3Aregular%2C700|font_style:400%20regular%3A400%3Anormal\u00a0\u00bb][vc_column_text css=\u00a0\u00bb.vc_custom_1583770108302{margin-bottom: 10px !important;}\u00a0\u00bb]<\/p>\n<p style=\"text-align: center;\"><em>D\u00e9veloppement des Affaires<\/em><\/p>\n<p>[\/vc_column_text][\/vc_column][vc_column width=\u00a0\u00bb1\/4&Prime;][vc_single_image image=\u00a0\u00bb14906&Prime; img_size=\u00a0\u00bb200&#215;200&Prime; alignment=\u00a0\u00bbcenter\u00a0\u00bb style=\u00a0\u00bbvc_box_circle\u00a0\u00bb css_animation=\u00a0\u00bbtop-to-bottom\u00a0\u00bb][vc_custom_heading text=\u00a0\u00bbSt\u00e9phane Roggero\u00a0\u00bb font_container=\u00a0\u00bbtag:h4|font_size:22|text_align:center|color:%233a3a3a|line_height:1.2&Prime; google_fonts=\u00a0\u00bbfont_family:Montserrat%3Aregular%2C700|font_style:400%20regular%3A400%3Anormal\u00a0\u00bb][vc_column_text css=\u00a0\u00bb.vc_custom_1583770177205{margin-bottom: 10px !important;}\u00a0\u00bb]<\/p>\n<p style=\"text-align: center;\"><em>Ventes<\/em><\/p>\n<p>[\/vc_column_text][\/vc_column][vc_column width=\u00a0\u00bb1\/4&Prime;][vc_single_image image=\u00a0\u00bb14906&Prime; img_size=\u00a0\u00bb200&#215;200&Prime; alignment=\u00a0\u00bbcenter\u00a0\u00bb style=\u00a0\u00bbvc_box_circle\u00a0\u00bb css_animation=\u00a0\u00bbtop-to-bottom\u00a0\u00bb][vc_custom_heading text=\u00a0\u00bbJ\u00e9r\u00f4me Beaulieu\u00a0\u00bb font_container=\u00a0\u00bbtag:h4|font_size:22|text_align:center|color:%233a3a3a|line_height:1.2&Prime; google_fonts=\u00a0\u00bbfont_family:Montserrat%3Aregular%2C700|font_style:400%20regular%3A400%3Anormal\u00a0\u00bb][vc_column_text css=\u00a0\u00bb.vc_custom_1583770212337{margin-bottom: 10px !important;}\u00a0\u00bb]<\/p>\n<p style=\"text-align: center;\"><em>Chef de Projet<\/em><\/p>\n<p>[\/vc_column_text][\/vc_column][\/vc_row][vc_row gap=\u00a0\u00bb15&Prime; equal_height=\u00a0\u00bbyes\u00a0\u00bb css=\u00a0\u00bb.vc_custom_1583928921145{padding-bottom: 50px !important;background-color: #ffffff !important;}\u00a0\u00bb][vc_column width=\u00a0\u00bb1\/4&Prime;][vc_single_image image=\u00a0\u00bb1881&Prime; img_size=\u00a0\u00bb200&#215;200&Prime; alignment=\u00a0\u00bbcenter\u00a0\u00bb style=\u00a0\u00bbvc_box_circle\u00a0\u00bb css_animation=\u00a0\u00bbtop-to-bottom\u00a0\u00bb][vc_custom_heading text=\u00a0\u00bbDaniel Vandal\u00a0\u00bb font_container=\u00a0\u00bbtag:h4|font_size:22|text_align:center|color:%233a3a3a|line_height:1.2&Prime; google_fonts=\u00a0\u00bbfont_family:Montserrat%3Aregular%2C700|font_style:400%20regular%3A400%3Anormal\u00a0\u00bb][vc_column_text css=\u00a0\u00bb.vc_custom_1583770416724{margin-bottom: 10px !important;}\u00a0\u00bb]<\/p>\n<p style=\"text-align: center;\"><em>Programmeur analyste principal<\/em><\/p>\n<p>[\/vc_column_text][\/vc_column][vc_column width=\u00a0\u00bb1\/4&Prime;][vc_single_image image=\u00a0\u00bb1878&Prime; img_size=\u00a0\u00bb200&#215;200&Prime; alignment=\u00a0\u00bbcenter\u00a0\u00bb style=\u00a0\u00bbvc_box_circle\u00a0\u00bb css_animation=\u00a0\u00bbtop-to-bottom\u00a0\u00bb][vc_custom_heading text=\u00a0\u00bbDavid J. Brillet\u00a0\u00bb font_container=\u00a0\u00bbtag:h4|font_size:22|text_align:center|color:%233a3a3a|line_height:1.2&Prime; google_fonts=\u00a0\u00bbfont_family:Montserrat%3Aregular%2C700|font_style:400%20regular%3A400%3Anormal\u00a0\u00bb][vc_column_text css=\u00a0\u00bb.vc_custom_1583770536999{margin-bottom: 10px !important;}\u00a0\u00bb]<\/p>\n<p style=\"text-align: center;\"><em>Ventes Am\u00e9rique du Nord<\/em><\/p>\n<p>[\/vc_column_text][\/vc_column][vc_column width=\u00a0\u00bb1\/4&Prime;][vc_single_image image=\u00a0\u00bb14906&Prime; img_size=\u00a0\u00bb200&#215;200&Prime; alignment=\u00a0\u00bbcenter\u00a0\u00bb style=\u00a0\u00bbvc_box_circle\u00a0\u00bb css_animation=\u00a0\u00bbtop-to-bottom\u00a0\u00bb][vc_custom_heading text=\u00a0\u00bbSteve Paquin\u00a0\u00bb font_container=\u00a0\u00bbtag:h4|font_size:22|text_align:center|color:%233a3a3a|line_height:1.2&Prime; google_fonts=\u00a0\u00bbfont_family:Montserrat%3Aregular%2C700|font_style:400%20regular%3A400%3Anormal\u00a0\u00bb][vc_column_text css=\u00a0\u00bb.vc_custom_1583770625869{margin-bottom: 10px !important;}\u00a0\u00bb]<\/p>\n<p style=\"text-align: center;\"><em>Responsable Informatique<\/em><\/p>\n<p>[\/vc_column_text][\/vc_column][vc_column width=\u00a0\u00bb1\/4&Prime;][vc_single_image image=\u00a0\u00bb14906&Prime; img_size=\u00a0\u00bb200&#215;200&Prime; alignment=\u00a0\u00bbcenter\u00a0\u00bb style=\u00a0\u00bbvc_box_circle\u00a0\u00bb css_animation=\u00a0\u00bbtop-to-bottom\u00a0\u00bb][vc_custom_heading text=\u00a0\u00bbLaurent O. Coderre\u00a0\u00bb font_container=\u00a0\u00bbtag:h4|font_size:22|text_align:center|color:%233a3a3a|line_height:1.2&Prime; google_fonts=\u00a0\u00bbfont_family:Montserrat%3Aregular%2C700|font_style:400%20regular%3A400%3Anormal\u00a0\u00bb][vc_column_text css=\u00a0\u00bb.vc_custom_1583770714781{margin-bottom: 10px !important;}\u00a0\u00bb]<\/p>\n<p style=\"text-align: center;\"><em>Analyste logiciel principal<\/em><\/p>\n<p>[\/vc_column_text][\/vc_column][\/vc_row][vc_row gap=\u00a0\u00bb15&Prime; equal_height=\u00a0\u00bbyes\u00a0\u00bb css=\u00a0\u00bb.vc_custom_1583928931995{padding-bottom: 50px !important;background-color: #ffffff !important;}\u00a0\u00bb][vc_column width=\u00a0\u00bb1\/4&Prime;][vc_single_image image=\u00a0\u00bb14906&Prime; img_size=\u00a0\u00bb200&#215;200&Prime; alignment=\u00a0\u00bbcenter\u00a0\u00bb style=\u00a0\u00bbvc_box_circle\u00a0\u00bb css_animation=\u00a0\u00bbtop-to-bottom\u00a0\u00bb][vc_custom_heading text=\u00a0\u00bbKim Sylvestre\u00a0\u00bb font_container=\u00a0\u00bbtag:h4|font_size:22|text_align:center|color:%233a3a3a|line_height:1.2&Prime; google_fonts=\u00a0\u00bbfont_family:Montserrat%3Aregular%2C700|font_style:400%20regular%3A400%3Anormal\u00a0\u00bb][vc_column_text css=\u00a0\u00bb.vc_custom_1583770872672{margin-bottom: 10px !important;}\u00a0\u00bb]<\/p>\n<p style=\"text-align: center;\"><em>Programmeur back-end<\/em><\/p>\n<p>[\/vc_column_text][\/vc_column][vc_column width=\u00a0\u00bb1\/4&Prime;][vc_single_image image=\u00a0\u00bb14906&Prime; img_size=\u00a0\u00bb200&#215;200&Prime; alignment=\u00a0\u00bbcenter\u00a0\u00bb style=\u00a0\u00bbvc_box_circle\u00a0\u00bb css_animation=\u00a0\u00bbtop-to-bottom\u00a0\u00bb][vc_custom_heading text=\u00a0\u00bbHoa Nguyen\u00a0\u00bb font_container=\u00a0\u00bbtag:h4|font_size:22|text_align:center|color:%233a3a3a|line_height:1.2&Prime; google_fonts=\u00a0\u00bbfont_family:Montserrat%3Aregular%2C700|font_style:400%20regular%3A400%3Anormal\u00a0\u00bb][vc_column_text css=\u00a0\u00bb.vc_custom_1583770872672{margin-bottom: 10px !important;}\u00a0\u00bb]<\/p>\n<p style=\"text-align: center;\"><em>Programmeur back-end<\/em><\/p>\n<p>[\/vc_column_text][\/vc_column][vc_column width=\u00a0\u00bb1\/4&Prime;][vc_single_image image=\u00a0\u00bb14906&Prime; img_size=\u00a0\u00bb200&#215;200&Prime; alignment=\u00a0\u00bbcenter\u00a0\u00bb style=\u00a0\u00bbvc_box_circle\u00a0\u00bb css_animation=\u00a0\u00bbtop-to-bottom\u00a0\u00bb][vc_custom_heading text=\u00a0\u00bbLucy Farineau\u00a0\u00bb font_container=\u00a0\u00bbtag:h4|font_size:22|text_align:center|color:%233a3a3a|line_height:1.2&Prime; google_fonts=\u00a0\u00bbfont_family:Montserrat%3Aregular%2C700|font_style:400%20regular%3A400%3Anormal\u00a0\u00bb][vc_column_text css=\u00a0\u00bb.vc_custom_1583771023844{margin-bottom: 10px !important;}\u00a0\u00bb]<\/p>\n<p style=\"text-align: center;\"><em>Communications<\/em><\/p>\n<p>[\/vc_column_text][\/vc_column][vc_column width=\u00a0\u00bb1\/4&Prime;][vc_single_image image=\u00a0\u00bb14906&Prime; img_size=\u00a0\u00bb200&#215;200&Prime; alignment=\u00a0\u00bbcenter\u00a0\u00bb style=\u00a0\u00bbvc_box_circle\u00a0\u00bb css_animation=\u00a0\u00bbtop-to-bottom\u00a0\u00bb][vc_custom_heading text=\u00a0\u00bb\u00a0\u00bb font_container=\u00a0\u00bbtag:h4|font_size:22|text_align:center|color:%233a3a3a|line_height:1.2&Prime; google_fonts=\u00a0\u00bbfont_family:Montserrat%3Aregular%2C700|font_style:400%20regular%3A400%3Anormal\u00a0\u00bb][vc_column_text css=\u00a0\u00bb.vc_custom_1583770971924{margin-bottom: 10px !important;}\u00a0\u00bb]<\/p>\n<p style=\"text-align: center;\"><em><\/em><\/p>\n<p>[\/vc_column_text][\/vc_column][\/vc_row][vc_row css=\u00a0\u00bb.vc_custom_1583928942770{background-color: #ffffff !important;}\u00a0\u00bb][vc_column][vc_custom_heading text=\u00a0\u00bbAF.\u00a0\u00bb font_container=\u00a0\u00bbtag:h1|font_size:100|text_align:left|line_height:1&Prime; use_theme_fonts=\u00a0\u00bbyes\u00a0\u00bb css=\u00a0\u00bb.vc_custom_1583929144851{margin-bottom: 0px !important;padding-bottom: 0px !important;}\u00a0\u00bb][vc_custom_heading text=\u00a0\u00bbL&rsquo;\u00e9quipe de ScopServ Integrated Services en Afrique du Sud.\u00a0\u00bb font_container=\u00a0\u00bbtag:h1|font_size:40|text_align:left\u00a0\u00bb use_theme_fonts=\u00a0\u00bbyes\u00a0\u00bb css=\u00a0\u00bb.vc_custom_1583929166331{margin-top: 0px !important;}\u00a0\u00bb][vc_empty_space][\/vc_column][\/vc_row][vc_row gap=\u00a0\u00bb15&Prime; equal_height=\u00a0\u00bbyes\u00a0\u00bb css=\u00a0\u00bb.vc_custom_1583928952114{padding-bottom: 50px !important;background-color: #ffffff !important;}\u00a0\u00bb][vc_column width=\u00a0\u00bb1\/2&Prime;][vc_single_image image=\u00a0\u00bb14925&Prime; img_size=\u00a0\u00bb200&#215;200&Prime; alignment=\u00a0\u00bbcenter\u00a0\u00bb style=\u00a0\u00bbvc_box_circle\u00a0\u00bb css_animation=\u00a0\u00bbtop-to-bottom\u00a0\u00bb][vc_custom_heading text=\u00a0\u00bbDoug Reid\u00a0\u00bb font_container=\u00a0\u00bbtag:h4|font_size:22|text_align:center|color:%233a3a3a|line_height:1.2&Prime; google_fonts=\u00a0\u00bbfont_family:Montserrat%3Aregular%2C700|font_style:400%20regular%3A400%3Anormal\u00a0\u00bb][vc_column_text css=\u00a0\u00bb.vc_custom_1583771766497{margin-bottom: 10px !important;}\u00a0\u00bb]<\/p>\n<p style=\"text-align: center;\"><em>Directeur Technique<\/em><\/p>\n<p>[\/vc_column_text][\/vc_column][vc_column width=\u00a0\u00bb1\/2&Prime;][vc_single_image image=\u00a0\u00bb14923&Prime; img_size=\u00a0\u00bb200&#215;200&Prime; alignment=\u00a0\u00bbcenter\u00a0\u00bb style=\u00a0\u00bbvc_box_circle\u00a0\u00bb css_animation=\u00a0\u00bbtop-to-bottom\u00a0\u00bb][vc_custom_heading text=\u00a0\u00bbJanet Burger\u00a0\u00bb font_container=\u00a0\u00bbtag:h4|font_size:22|text_align:center|color:%233a3a3a|line_height:1.2&Prime; google_fonts=\u00a0\u00bbfont_family:Montserrat%3Aregular%2C700|font_style:400%20regular%3A400%3Anormal\u00a0\u00bb][vc_column_text css=\u00a0\u00bb.vc_custom_1583771863314{margin-bottom: 10px !important;}\u00a0\u00bb]<\/p>\n<p style=\"text-align: center;\"><em>Directrice des Ventes<\/em><\/p>\n<p>[\/vc_column_text][\/vc_column][\/vc_row]<\/p>\n","protected":false},"excerpt":{"rendered":"<p>[vc_row css=\u00a0\u00bb.vc_custom_1453210963159{padding-top: 50px !important;padding-bottom: 50px !important;}\u00a0\u00bb][\/vc_row][vc_row css=\u00a0\u00bb.vc_custom_1583928876586{background-color: #ffffff !important;}\u00a0\u00bb][vc_column width=\u00a0\u00bb1\/2&Prime;][vc_custom_heading text=\u00a0\u00bbS.\u00a0\u00bb font_container=\u00a0\u00bbtag:h1|font_size:100|text_align:left|line_height:1&Prime; use_theme_fonts=\u00a0\u00bbyes\u00a0\u00bb css=\u00a0\u00bb.vc_custom_1583928506499{margin-bottom: 0px !important;padding-bottom: 0px !important;}\u00a0\u00bb][vc_custom_heading text=\u00a0\u00bbscopserv international inc.\u00a0\u00bb font_container=\u00a0\u00bbtag:h1|font_size:40|text_align:left\u00a0\u00bb use_theme_fonts=\u00a0\u00bbyes\u00a0\u00bb css=\u00a0\u00bb.vc_custom_1583928536185{margin-top: 0px !important;}\u00a0\u00bb][vc_column_text]Pionnier mondial de la conception de solutions de t\u00e9l\u00e9phonie IP (VoIP), nous fournissons des solutions et des services de communication aux petites, moyennes et grandes entreprises. Nous sommes \u00e9galement sp\u00e9cialis\u00e9s [&#8230;]<\/p>\n","protected":false},"author":1,"featured_media":0,"parent":0,"menu_order":0,"comment_status":"closed","ping_status":"closed","template":"page-front-page-revolution-fullwidth.php","meta":[],"aioseo_notices":[],"_links":{"self":[{"href":"https:\/\/www-old.scopserv.com\/fr\/wp-json\/wp\/v2\/pages\/1864"}],"collection":[{"href":"https:\/\/www-old.scopserv.com\/fr\/wp-json\/wp\/v2\/pages"}],"about":[{"href":"https:\/\/www-old.scopserv.com\/fr\/wp-json\/wp\/v2\/types\/page"}],"author":[{"embeddable":true,"href":"https:\/\/www-old.scopserv.com\/fr\/wp-json\/wp\/v2\/users\/1"}],"replies":[{"embeddable":true,"href":"https:\/\/www-old.scopserv.com\/fr\/wp-json\/wp\/v2\/comments?post=1864"}],"version-history":[{"count":121,"href":"https:\/\/www-old.scopserv.com\/fr\/wp-json\/wp\/v2\/pages\/1864\/revisions"}],"predecessor-version":[{"id":14778,"href":"https:\/\/www-old.scopserv.com\/fr\/wp-json\/wp\/v2\/pages\/1864\/revisions\/14778"}],"wp:attachment":[{"href":"https:\/\/www-old.scopserv.com\/fr\/wp-json\/wp\/v2\/media?parent=1864"}],"curies":[{"name":"wp","href":"https:\/\/api.w.org\/{rel}","templated":true}]}}