{"id":1832,"date":"2016-04-22T21:41:16","date_gmt":"2016-04-22T21:41:16","guid":{"rendered":"https:\/\/www.scopserv.com\/?page_id=1832"},"modified":"2021-03-13T12:04:02","modified_gmt":"2021-03-13T17:04:02","slug":"scopstats","status":"publish","type":"page","link":"https:\/\/www-old.scopserv.com\/fr\/produits\/logiciel\/scopstats\/","title":{"rendered":"ScopSTATS"},"content":{"rendered":"<p>[vc_row full_width=\u00a0\u00bbstretch_row\u00a0\u00bb parallax=\u00a0\u00bbcontent-moving\u00a0\u00bb css=\u00a0\u00bb.vc_custom_1585675679074{padding-top: 100px !important;padding-bottom: 100px !important;background: #5e5e5e url(https:\/\/cdn.statically.io\/img\/www.scopserv.com\/f=auto\/wp-content\/uploads\/2020\/03\/adeolu-eletu-unRkg2jH1j0-unsplash-scaled.jpg?id=15067);}\u00a0\u00bb][vc_column css_animation=\u00a0\u00bbfadeInRight\u00a0\u00bb css=\u00a0\u00bb.vc_custom_1615654715418{margin-right: 120px !important;margin-left: 120px !important;}\u00a0\u00bb][vc_column_text css=\u00a0\u00bb.vc_custom_1585857929565{margin-bottom: 0px !important;}\u00a0\u00bb]<\/p>\n<p style=\"text-align: left;\"><span style=\"color: #0068a5;\"><strong><span style=\"font-size: 24px;\">L&rsquo;environnement de gestion complet du ScopTel IPBX : donn\u00e9es historiques en temps r\u00e9el.<\/span><\/strong><\/span><\/p>\n<p>[\/vc_column_text][vc_empty_space][vc_single_image image=\u00a0\u00bb14581&Prime; img_size=\u00a0\u00bblarge\u00a0\u00bb][vc_row_inner][vc_column_inner width=\u00a0\u00bb1\/3&Prime;][vc_btn title=\u00a0\u00bbConna\u00eetre la suite logicielle ScopTel\u00a0\u00bb style=\u00a0\u00bboutline\u00a0\u00bb color=\u00a0\u00bbwhite\u00a0\u00bb size=\u00a0\u00bblg\u00a0\u00bb align=\u00a0\u00bbright\u00a0\u00bb link=\u00a0\u00bburl:https%3A%2F%2Fwww.scopserv.com%2Ffr%2Fproduits%2Flogiciel%2F|||\u00a0\u00bb][\/vc_column_inner][vc_column_inner width=\u00a0\u00bb1\/3&Prime;][vc_btn title=\u00a0\u00bbEn Savoir Plus\u00a0\u00bb style=\u00a0\u00bbflat\u00a0\u00bb color=\u00a0\u00bbprimary\u00a0\u00bb size=\u00a0\u00bblg\u00a0\u00bb align=\u00a0\u00bbleft\u00a0\u00bb link=\u00a0\u00bburl:https%3A%2F%2Fwww.scopserv.com%2Fwp-content%2Fuploads%2F2019%2F12%2FSCOPSTATS_FR_versionfinale-1.pdf|||\u00a0\u00bb][\/vc_column_inner][vc_column_inner width=\u00a0\u00bb1\/3&Prime;][\/vc_column_inner][\/vc_row_inner][vc_empty_space][\/vc_column][\/vc_row][vc_row css=\u00a0\u00bb.vc_custom_1585750328449{background-color: #ffffff !important;}\u00a0\u00bb][vc_column width=\u00a0\u00bb1\/3&Prime;][vc_icon type=\u00a0\u00bbmaterial\u00a0\u00bb icon_material=\u00a0\u00bbvc-material vc-material-devices_other\u00a0\u00bb color=\u00a0\u00bbwhite\u00a0\u00bb background_style=\u00a0\u00bbrounded\u00a0\u00bb background_color=\u00a0\u00bbcustom\u00a0\u00bb size=\u00a0\u00bblg\u00a0\u00bb align=\u00a0\u00bbcenter\u00a0\u00bb custom_background_color=\u00a0\u00bb#e26752&Prime;][vc_custom_heading text=\u00a0\u00bbCOMPATIBLE AVEC IPHONE &amp; IPAD\u00a0\u00bb font_container=\u00a0\u00bbtag:h5|text_align:center|color:%230068a5&Prime; use_theme_fonts=\u00a0\u00bbyes\u00a0\u00bb css=\u00a0\u00bb.vc_custom_1585857961518{margin-top: 0px !important;}\u00a0\u00bb][\/vc_column][vc_column width=\u00a0\u00bb1\/3&Prime;][vc_icon type=\u00a0\u00bbmaterial\u00a0\u00bb icon_material=\u00a0\u00bbvc-material vc-material-call_split\u00a0\u00bb color=\u00a0\u00bbwhite\u00a0\u00bb background_style=\u00a0\u00bbrounded\u00a0\u00bb background_color=\u00a0\u00bbcustom\u00a0\u00bb size=\u00a0\u00bblg\u00a0\u00bb align=\u00a0\u00bbcenter\u00a0\u00bb custom_background_color=\u00a0\u00bb#e26752&Prime;][vc_custom_heading text=\u00a0\u00bbBASE DE DONN\u00c9ES DES RAPPORTS DE DISTRIBUTION DES APPELS PAR AGENT\u00a0\u00bb font_container=\u00a0\u00bbtag:h5|text_align:center|color:%230068a5&Prime; use_theme_fonts=\u00a0\u00bbyes\u00a0\u00bb css_animation=\u00a0\u00bbfadeIn\u00a0\u00bb][\/vc_column][vc_column width=\u00a0\u00bb1\/3&Prime;][vc_icon type=\u00a0\u00bbmaterial\u00a0\u00bb icon_material=\u00a0\u00bbvc-material vc-material-filter_none\u00a0\u00bb color=\u00a0\u00bbwhite\u00a0\u00bb background_style=\u00a0\u00bbrounded\u00a0\u00bb background_color=\u00a0\u00bbcustom\u00a0\u00bb size=\u00a0\u00bblg\u00a0\u00bb align=\u00a0\u00bbcenter\u00a0\u00bb custom_background_color=\u00a0\u00bb#e26752&Prime;][vc_custom_heading text=\u00a0\u00bbHISTORIQUE DES CRD D&rsquo;ENTREPRISES &amp; RAPPORTS ACD DES CENTRES DE CONTACTS CLIENTS\u00a0\u00bb font_container=\u00a0\u00bbtag:h5|text_align:center|color:%230068a5&Prime; use_theme_fonts=\u00a0\u00bbyes\u00a0\u00bb css_animation=\u00a0\u00bbfadeIn\u00a0\u00bb][\/vc_column][\/vc_row][vc_row css=\u00a0\u00bb.vc_custom_1585849335108{background-color: #e26752 !important;}\u00a0\u00bb][vc_column][vc_row_inner][vc_column_inner width=\u00a0\u00bb2\/3&Prime;][vc_custom_heading text=\u00a0\u00bbInscrivez-vous \u00e0 l&rsquo;infolettre pour recevoir nos derni\u00e8res nouvelles !\u00a0\u00bb font_container=\u00a0\u00bbtag:h4|text_align:center|color:%23494040&Prime; google_fonts=\u00a0\u00bbfont_family:Lato%3A100%2C100italic%2C300%2C300italic%2Cregular%2Citalic%2C700%2C700italic%2C900%2C900italic|font_style:400%20regular%3A400%3Anormal\u00a0\u00bb link=\u00a0\u00bburl:https%3A%2F%2Fwww.scopserv.com%2Ffr%2Finfolettre%2F|||\u00a0\u00bb][\/vc_column_inner][vc_column_inner width=\u00a0\u00bb1\/3&Prime;][vc_icon type=\u00a0\u00bblinecons\u00a0\u00bb icon_linecons=\u00a0\u00bbvc_li vc_li-mail\u00a0\u00bb color=\u00a0\u00bbcustom\u00a0\u00bb size=\u00a0\u00bbxl\u00a0\u00bb align=\u00a0\u00bbcenter\u00a0\u00bb custom_color=\u00a0\u00bb#353535&Prime; link=\u00a0\u00bburl:https%3A%2F%2Fwww.scopserv.com%2Ffr%2Finfolettre%2F|||\u00a0\u00bb][\/vc_column_inner][\/vc_row_inner][vc_empty_space][\/vc_column][\/vc_row][vc_row full_width=\u00a0\u00bbstretch_row\u00a0\u00bb gap=\u00a0\u00bb10&Prime; equal_height=\u00a0\u00bbyes\u00a0\u00bb css=\u00a0\u00bb.vc_custom_1615654742435{background-color: #ffffff !important;}\u00a0\u00bb][vc_column width=\u00a0\u00bb1\/2&Prime; css=\u00a0\u00bb.vc_custom_1585849681603{background-color: #ffffff !important;}\u00a0\u00bb][vc_icon type=\u00a0\u00bbmaterial\u00a0\u00bb icon_material=\u00a0\u00bbvc-material vc-material-border_top\u00a0\u00bb color=\u00a0\u00bbwhite\u00a0\u00bb background_style=\u00a0\u00bbrounded\u00a0\u00bb background_color=\u00a0\u00bbcustom\u00a0\u00bb size=\u00a0\u00bblg\u00a0\u00bb align=\u00a0\u00bbcenter\u00a0\u00bb custom_background_color=\u00a0\u00bb#e26752&Prime;][vc_custom_heading text=\u00a0\u00bbRAPPORTS CDR\/ACD EN TEMPS R\u00c9ELS\u00a0\u00bb font_container=\u00a0\u00bbtag:h5|text_align:center|color:%230068a5&Prime; use_theme_fonts=\u00a0\u00bbyes\u00a0\u00bb css_animation=\u00a0\u00bbfadeIn\u00a0\u00bb][vc_column_text]<\/p>\n<p style=\"text-align: center;\"><span style=\"font-size: 12px; font-family: tahoma, arial, helvetica, sans-serif; color: #0068a5;\">R\u00e9sum\u00e9 graphique en temps r\u00e9el des appels<\/span><\/p>\n<p style=\"text-align: center;\"><span style=\"font-size: 12px; font-family: tahoma, arial, helvetica, sans-serif; color: #0068a5;\">Nombre d\u2019appels re\u00e7us<\/span><\/p>\n<p style=\"text-align: center;\"><span style=\"font-size: 12px; font-family: tahoma, arial, helvetica, sans-serif; color: #0068a5;\">Nombre d\u2019appels abandonn\u00e9s<\/span><\/p>\n<p style=\"text-align: center;\"><span style=\"font-size: 12px; font-family: tahoma, arial, helvetica, sans-serif; color: #0068a5;\">Dur\u00e9e d\u2019appel<\/span><\/p>\n<p style=\"text-align: center;\"><span style=\"font-size: 12px; font-family: tahoma, arial, helvetica, sans-serif; color: #0068a5;\">Rapports sur le volume d\u2019appels<\/span><\/p>\n<p style=\"text-align: center;\"><span style=\"font-size: 12px; font-family: tahoma, arial, helvetica, sans-serif; color: #0068a5;\">Journaux d\u2019appels: rapports du journal de tous les appels (sortants et entrants) sur votre IPBX<\/span><\/p>\n<p>[\/vc_column_text][\/vc_column][vc_column width=\u00a0\u00bb1\/2&Prime; css=\u00a0\u00bb.vc_custom_1585849690964{background-color: #ffffff !important;}\u00a0\u00bb][vc_icon type=\u00a0\u00bbmaterial\u00a0\u00bb icon_material=\u00a0\u00bbvc-material vc-material-domain\u00a0\u00bb color=\u00a0\u00bbwhite\u00a0\u00bb background_style=\u00a0\u00bbrounded\u00a0\u00bb background_color=\u00a0\u00bbcustom\u00a0\u00bb size=\u00a0\u00bblg\u00a0\u00bb align=\u00a0\u00bbcenter\u00a0\u00bb custom_background_color=\u00a0\u00bb#e26752&Prime;][vc_custom_heading text=\u00a0\u00bbRAPPORTS HISTORIQUES\u00a0\u00bb font_container=\u00a0\u00bbtag:h5|text_align:center|color:%230068a5&Prime; use_theme_fonts=\u00a0\u00bbyes\u00a0\u00bb css=\u00a0\u00bb.vc_custom_1585849650316{margin-top: 0px !important;}\u00a0\u00bb][vc_column_text]<\/p>\n<p style=\"padding-left: 40px; text-align: center;\"><span style=\"font-size: 12px; font-family: tahoma, arial, helvetica, sans-serif; color: #0068a5;\">Enregistrement de surveillance pour chaque appel t\u00e9l\u00e9phonique enregistr\u00e9 et sauvegard\u00e9 au format.WAV<\/span><\/p>\n<p style=\"padding-left: 40px; text-align: center;\"><span style=\"font-size: 12px; font-family: tahoma, arial, helvetica, sans-serif; color: #0068a5;\">Filtrage de l\u2019identification de l\u2019appelant \u00ab Caller ID \u00bb<\/span><\/p>\n<p style=\"padding-left: 40px; text-align: center;\"><span style=\"font-size: 12px; font-family: tahoma, arial, helvetica, sans-serif; color: #0068a5;\">Journal de bord \u00abMailog \u00bb<\/span><\/p>\n<p style=\"padding-left: 40px; text-align: center;\"><span style=\"font-size: 12px; font-family: tahoma, arial, helvetica, sans-serif; color: #0068a5;\">Dur\u00e9e de l\u2019appel \u00ab Call Duration \u00bb<\/span><\/p>\n<p style=\"padding-left: 40px; text-align: center;\"><span style=\"font-size: 12px; font-family: tahoma, arial, helvetica, sans-serif; color: #0068a5;\">Rapports sur les sources \u00ab Source Reports \u00bb<\/span><\/p>\n<p style=\"padding-left: 40px; text-align: center;\"><span style=\"font-size: 12px; font-family: tahoma, arial, helvetica, sans-serif; color: #0068a5;\"> Rapports de destination \u00ab Destination Reports \u00bb<\/span><\/p>\n<p style=\"padding-left: 40px; text-align: center;\"><span style=\"font-size: 12px; font-family: tahoma, arial, helvetica, sans-serif; color: #0068a5;\"> Identifiants uniques \u00ab Unique Ids \u00bb<\/span><\/p>\n<p>[\/vc_column_text][\/vc_column][\/vc_row][vc_row full_width=\u00a0\u00bbstretch_row\u00a0\u00bb gap=\u00a0\u00bb10&Prime; equal_height=\u00a0\u00bbyes\u00a0\u00bb css=\u00a0\u00bb.vc_custom_1615654754380{background-color: #ffffff !important;}\u00a0\u00bb][vc_column width=\u00a0\u00bb1\/2&Prime; css=\u00a0\u00bb.vc_custom_1585849703675{background-color: #ffffff !important;}\u00a0\u00bb][vc_icon type=\u00a0\u00bbmaterial\u00a0\u00bb icon_material=\u00a0\u00bbvc-material vc-material-developer_board\u00a0\u00bb color=\u00a0\u00bbwhite\u00a0\u00bb background_style=\u00a0\u00bbrounded\u00a0\u00bb background_color=\u00a0\u00bbcustom\u00a0\u00bb size=\u00a0\u00bblg\u00a0\u00bb align=\u00a0\u00bbcenter\u00a0\u00bb custom_background_color=\u00a0\u00bb#e26752&Prime;][vc_custom_heading text=\u00a0\u00bbGRAPHIQUES HAUTE PR\u00c9CISION\u00a0\u00bb font_container=\u00a0\u00bbtag:h5|text_align:center|color:%230068a5&Prime; use_theme_fonts=\u00a0\u00bbyes\u00a0\u00bb css=\u00a0\u00bb.vc_custom_1585849731299{margin-top: 0px !important;}\u00a0\u00bb][vc_empty_space][vc_single_image image=\u00a0\u00bb14637&Prime; img_size=\u00a0\u00bbmedium\u00a0\u00bb alignment=\u00a0\u00bbcenter\u00a0\u00bb style=\u00a0\u00bbvc_box_shadow_3d\u00a0\u00bb][\/vc_column][vc_column width=\u00a0\u00bb1\/2&Prime; css=\u00a0\u00bb.vc_custom_1585849715651{background-color: #ffffff !important;}\u00a0\u00bb][vc_icon type=\u00a0\u00bbmaterial\u00a0\u00bb icon_material=\u00a0\u00bbvc-material vc-material-assignment\u00a0\u00bb color=\u00a0\u00bbwhite\u00a0\u00bb background_style=\u00a0\u00bbrounded\u00a0\u00bb background_color=\u00a0\u00bbcustom\u00a0\u00bb size=\u00a0\u00bblg\u00a0\u00bb align=\u00a0\u00bbcenter\u00a0\u00bb custom_background_color=\u00a0\u00bb#e26752&Prime;][vc_custom_heading text=\u00a0\u00bbRAPPORTS EN TEMPS R\u00c9ELS\u00a0\u00bb font_container=\u00a0\u00bbtag:h5|text_align:center|color:%230068a5&Prime; use_theme_fonts=\u00a0\u00bbyes\u00a0\u00bb css=\u00a0\u00bb.vc_custom_1585849748826{margin-top: 0px !important;}\u00a0\u00bb][vc_single_image image=\u00a0\u00bb14612&Prime; img_size=\u00a0\u00bbmedium\u00a0\u00bb alignment=\u00a0\u00bbcenter\u00a0\u00bb style=\u00a0\u00bbvc_box_shadow_3d\u00a0\u00bb][\/vc_column][\/vc_row][vc_row parallax=\u00a0\u00bbcontent-moving\u00a0\u00bb css=\u00a0\u00bb.vc_custom_1583162591978{padding-top: 100px !important;padding-bottom: 100px !important;background: #5e5e5e url(https:\/\/cdn.statically.io\/img\/www.scopserv.com\/f=auto\/wp-content\/uploads\/2020\/02\/Visuel_scoptel_apa.png?id=14084);}\u00a0\u00bb][vc_column][vc_custom_heading text=\u00a0\u00bbD\u00e9couvrez l&rsquo;outil de performance pour les agents de centres d&rsquo;appels.\u00a0\u00bb font_container=\u00a0\u00bbtag:h4|font_size:42|text_align:center|color:%23ffffff\u00a0\u00bb use_theme_fonts=\u00a0\u00bbyes\u00a0\u00bb][vc_empty_space][vc_single_image image=\u00a0\u00bb14320&Prime; img_size=\u00a0\u00bblarge\u00a0\u00bb alignment=\u00a0\u00bbcenter\u00a0\u00bb][vc_btn title=\u00a0\u00bbEn Savoir Plus\u00a0\u00bb style=\u00a0\u00bbflat\u00a0\u00bb color=\u00a0\u00bbsuccess\u00a0\u00bb align=\u00a0\u00bbcenter\u00a0\u00bb link=\u00a0\u00bburl:https%3A%2F%2Fwww.scopserv.com%2Ffr%2Fscoptel-apa%2F|||\u00a0\u00bb][\/vc_column][\/vc_row][vc_row full_width=\u00a0\u00bbstretch_row\u00a0\u00bb gap=\u00a0\u00bb35&Prime; equal_height=\u00a0\u00bbyes\u00a0\u00bb content_placement=\u00a0\u00bbbottom\u00a0\u00bb css=\u00a0\u00bb.vc_custom_1585858032706{background-color: #ffffff !important;background-position: center !important;background-repeat: no-repeat !important;background-size: cover !important;}\u00a0\u00bb][vc_column width=\u00a0\u00bb1\/3&Prime; css=\u00a0\u00bb.vc_custom_1490273511914{border-bottom-width: 4px !important;padding-top: 50px !important;padding-right: 50px !important;padding-left: 0px !important;border-bottom-color: #e5e5e5 !important;border-bottom-style: solid !important;}\u00a0\u00bb][vc_icon type=\u00a0\u00bblinecons\u00a0\u00bb icon_linecons=\u00a0\u00bbvc_li vc_li-clip\u00a0\u00bb color=\u00a0\u00bbcustom\u00a0\u00bb size=\u00a0\u00bblg\u00a0\u00bb custom_color=\u00a0\u00bb#343434&Prime; link=\u00a0\u00bburl:https%3A%2F%2Fwww.scopserv.com%2Ffr%2Fproduits%2Fdocumentations%2F|||\u00a0\u00bb][vc_custom_heading text=\u00a0\u00bbT\u00e9l\u00e9chargez nos brochures\u00a0\u00bb font_container=\u00a0\u00bbtag:h3|font_size:32|text_align:left|color:%23193855&Prime; google_fonts=\u00a0\u00bbfont_family:Montserrat%3Aregular%2C700|font_style:400%20regular%3A400%3Anormal\u00a0\u00bb][vc_column_text]<span style=\"color: #343434;\">Pour conna\u00eetre notre suite logicielle ScopTel IPBX et les fonctionnalit\u00e9s de chacun de ses produits.<\/span>[\/vc_column_text][\/vc_column][vc_column width=\u00a0\u00bb1\/3&Prime; css=\u00a0\u00bb.vc_custom_1490273517358{border-bottom-width: 4px !important;padding-top: 50px !important;padding-right: 50px !important;padding-left: 0px !important;border-bottom-color: #e5e5e5 !important;border-bottom-style: solid !important;}\u00a0\u00bb][vc_icon type=\u00a0\u00bblinecons\u00a0\u00bb icon_linecons=\u00a0\u00bbvc_li vc_li-bubble\u00a0\u00bb color=\u00a0\u00bbcustom\u00a0\u00bb size=\u00a0\u00bblg\u00a0\u00bb custom_color=\u00a0\u00bb#343434&Prime; link=\u00a0\u00bburl:https%3A%2F%2Fwww.scopserv.com%2Ffr%2Fcontactez-nous%2F|||\u00a0\u00bb][vc_custom_heading text=\u00a0\u00bbContactez-nous\u00a0\u00bb font_container=\u00a0\u00bbtag:h3|font_size:32|text_align:left|color:%23193855&Prime; google_fonts=\u00a0\u00bbfont_family:Montserrat%3Aregular%2C700|font_style:400%20regular%3A400%3Anormal\u00a0\u00bb][vc_column_text]<span style=\"color: #343434;\">Une question ? Une information ? Communiquez avec nous pour obtenir la liste compl\u00e8te des fonctionnalit\u00e9s et plus encore !<\/span>[\/vc_column_text][\/vc_column][vc_column width=\u00a0\u00bb1\/3&Prime; css=\u00a0\u00bb.vc_custom_1490273522567{border-bottom-width: 4px !important;padding-top: 50px !important;padding-right: 50px !important;padding-left: 0px !important;border-bottom-color: #e5e5e5 !important;border-bottom-style: solid !important;}\u00a0\u00bb][vc_icon type=\u00a0\u00bblinecons\u00a0\u00bb icon_linecons=\u00a0\u00bbvc_li vc_li-cloud\u00a0\u00bb color=\u00a0\u00bbcustom\u00a0\u00bb size=\u00a0\u00bblg\u00a0\u00bb custom_color=\u00a0\u00bb#343434&Prime; link=\u00a0\u00bburl:https%3A%2F%2Fwww.scopserv.com%2Ffr%2Fproduits%2Flogiciel%2Fscopcloud%2F|||\u00a0\u00bb][vc_custom_heading text=\u00a0\u00bbNotre solution Cloud\u00a0\u00bb font_container=\u00a0\u00bbtag:h3|font_size:32|text_align:left|color:%23193855&Prime; google_fonts=\u00a0\u00bbfont_family:Montserrat%3Aregular%2C700|font_style:400%20regular%3A400%3Anormal\u00a0\u00bb][vc_column_text]<span style=\"color: #343434;\">N&rsquo;attendez-plus et optez pour la solution Cloud-IPBX multi-soci\u00e9t\u00e9s en mode infonuagique. Toutes les fonctionnalit\u00e9s du ScopTel IPBX en mode h\u00e9berg\u00e9 pour un moindre co\u00fbt !<\/span>[\/vc_column_text][\/vc_column][\/vc_row][vc_row][vc_column][vc_custom_heading text=\u00a0\u00bbSuivez-nous sur nos diff\u00e9rents m\u00e9dias pour ne rien rater!\u00a0\u00bb font_container=\u00a0\u00bbtag:h2|text_align:center|color:%23494040&Prime; google_fonts=\u00a0\u00bbfont_family:Lato%3A100%2C100italic%2C300%2C300italic%2Cregular%2Citalic%2C700%2C700italic%2C900%2C900italic|font_style:400%20regular%3A400%3Anormal\u00a0\u00bb][vc_empty_space][\/vc_column][\/vc_row][vc_row full_width=\u00a0\u00bbstretch_row\u00a0\u00bb gap=\u00a0\u00bb10&Prime;][vc_column width=\u00a0\u00bb1\/4&Prime; css=\u00a0\u00bb.vc_custom_1585751869876{background-image: url(https:\/\/cdn.statically.io\/img\/www.scopserv.com\/f=auto\/wp-content\/uploads\/2020\/02\/helloquence-OQMZwNd3ThU-unsplash-1-scaled.jpg?id=14625) !important;background-position: center !important;background-repeat: no-repeat !important;background-size: cover !important;}\u00a0\u00bb][vc_empty_space][vc_custom_heading text=\u00a0\u00bbFACEBOOK\u00a0\u00bb font_container=\u00a0\u00bbtag:h3|text_align:center|color:%23000000&Prime; google_fonts=\u00a0\u00bbfont_family:Lato%3A100%2C100italic%2C300%2C300italic%2Cregular%2Citalic%2C700%2C700italic%2C900%2C900italic|font_style:400%20regular%3A400%3Anormal\u00a0\u00bb link=\u00a0\u00bburl:https%3A%2F%2Fwww.facebook.com%2Fscopserv%2F|||\u00a0\u00bb][vc_empty_space][\/vc_column][vc_column width=\u00a0\u00bb1\/4&Prime; css=\u00a0\u00bb.vc_custom_1585752263478{background-image: url(https:\/\/cdn.statically.io\/img\/www.scopserv.com\/f=auto\/wp-content\/uploads\/2016\/08\/features-on-images-3370-4.jpg?id=15114) !important;background-position: center !important;background-repeat: no-repeat !important;background-size: cover !important;}\u00a0\u00bb][vc_empty_space][vc_custom_heading text=\u00a0\u00bbLINKEDIN\u00a0\u00bb font_container=\u00a0\u00bbtag:h3|text_align:center|color:%23ffffff\u00a0\u00bb google_fonts=\u00a0\u00bbfont_family:Lato%3A100%2C100italic%2C300%2C300italic%2Cregular%2Citalic%2C700%2C700italic%2C900%2C900italic|font_style:400%20regular%3A400%3Anormal\u00a0\u00bb link=\u00a0\u00bburl:https%3A%2F%2Fwww.linkedin.com%2Fcompany%2Fscopserv-inc.%2F%3FviewAsMember%3Dtrue|||\u00a0\u00bb][vc_empty_space][\/vc_column][vc_column width=\u00a0\u00bb1\/4&Prime; css=\u00a0\u00bb.vc_custom_1585752002114{background-image: url(https:\/\/cdn.statically.io\/img\/www.scopserv.com\/f=auto\/wp-content\/uploads\/2020\/02\/diego-ph-SZYreZsJ-fE-unsplash.jpg?id=14443) !important;background-position: center !important;background-repeat: no-repeat !important;background-size: cover !important;}\u00a0\u00bb][vc_empty_space][vc_custom_heading text=\u00a0\u00bbTWITTER\u00a0\u00bb font_container=\u00a0\u00bbtag:h3|text_align:center|color:%23000000&Prime; google_fonts=\u00a0\u00bbfont_family:Lato%3A100%2C100italic%2C300%2C300italic%2Cregular%2Citalic%2C700%2C700italic%2C900%2C900italic|font_style:400%20regular%3A400%3Anormal\u00a0\u00bb link=\u00a0\u00bburl:https%3A%2F%2Ftwitter.com%2Fscopserv|||\u00a0\u00bb][vc_empty_space][\/vc_column][vc_column width=\u00a0\u00bb1\/4&Prime; css=\u00a0\u00bb.vc_custom_1585752332922{background-image: url(https:\/\/cdn.statically.io\/img\/www.scopserv.com\/f=auto\/wp-content\/uploads\/2017\/06\/business-layout-full-page-3778-2.jpg?id=14896) !important;background-position: center !important;background-repeat: no-repeat !important;background-size: cover !important;}\u00a0\u00bb][vc_empty_space][vc_custom_heading text=\u00a0\u00bbBLOGUE\u00a0\u00bb font_container=\u00a0\u00bbtag:h3|text_align:center|color:%23ffffff\u00a0\u00bb google_fonts=\u00a0\u00bbfont_family:Lato%3A100%2C100italic%2C300%2C300italic%2Cregular%2Citalic%2C700%2C700italic%2C900%2C900italic|font_style:400%20regular%3A400%3Anormal\u00a0\u00bb link=\u00a0\u00bburl:https%3A%2F%2Fwww.scopserv.com%2Ffr%2Fblogue%2F|||\u00a0\u00bb][vc_empty_space][\/vc_column][\/vc_row]<\/p>\n","protected":false},"excerpt":{"rendered":"<p>[vc_row full_width=\u00a0\u00bbstretch_row\u00a0\u00bb parallax=\u00a0\u00bbcontent-moving\u00a0\u00bb css=\u00a0\u00bb.vc_custom_1585675679074{padding-top: 100px !important;padding-bottom: 100px !important;background: #5e5e5e url(https:\/\/cdn.statically.io\/img\/www.scopserv.com\/f=auto\/wp-content\/uploads\/2020\/03\/adeolu-eletu-unRkg2jH1j0-unsplash-scaled.jpg?id=15067);}\u00a0\u00bb][vc_column css_animation=\u00a0\u00bbfadeInRight\u00a0\u00bb css=\u00a0\u00bb.vc_custom_1615654715418{margin-right: 120px !important;margin-left: 120px !important;}\u00a0\u00bb][vc_column_text css=\u00a0\u00bb.vc_custom_1585857929565{margin-bottom: 0px !important;}\u00a0\u00bb] L&rsquo;environnement de gestion complet du ScopTel IPBX : donn\u00e9es historiques en temps r\u00e9el. [\/vc_column_text][vc_empty_space][vc_single_image image=\u00a0\u00bb14581&Prime; img_size=\u00a0\u00bblarge\u00a0\u00bb][vc_row_inner][vc_column_inner width=\u00a0\u00bb1\/3&Prime;][vc_btn title=\u00a0\u00bbConna\u00eetre la suite logicielle ScopTel\u00a0\u00bb style=\u00a0\u00bboutline\u00a0\u00bb color=\u00a0\u00bbwhite\u00a0\u00bb size=\u00a0\u00bblg\u00a0\u00bb align=\u00a0\u00bbright\u00a0\u00bb link=\u00a0\u00bburl:https%3A%2F%2Fwww.scopserv.com%2Ffr%2Fproduits%2Flogiciel%2F|||\u00a0\u00bb][\/vc_column_inner][vc_column_inner width=\u00a0\u00bb1\/3&Prime;][vc_btn title=\u00a0\u00bbEn Savoir Plus\u00a0\u00bb style=\u00a0\u00bbflat\u00a0\u00bb color=\u00a0\u00bbprimary\u00a0\u00bb size=\u00a0\u00bblg\u00a0\u00bb align=\u00a0\u00bbleft\u00a0\u00bb link=\u00a0\u00bburl:https%3A%2F%2Fwww.scopserv.com%2Fwp-content%2Fuploads%2F2019%2F12%2FSCOPSTATS_FR_versionfinale-1.pdf|||\u00a0\u00bb][\/vc_column_inner][vc_column_inner [&#8230;]<\/p>\n","protected":false},"author":1,"featured_media":0,"parent":134,"menu_order":0,"comment_status":"closed","ping_status":"closed","template":"page-front-page-revolution-fullwidth.php","meta":[],"aioseo_notices":[],"_links":{"self":[{"href":"https:\/\/www-old.scopserv.com\/fr\/wp-json\/wp\/v2\/pages\/1832"}],"collection":[{"href":"https:\/\/www-old.scopserv.com\/fr\/wp-json\/wp\/v2\/pages"}],"about":[{"href":"https:\/\/www-old.scopserv.com\/fr\/wp-json\/wp\/v2\/types\/page"}],"author":[{"embeddable":true,"href":"https:\/\/www-old.scopserv.com\/fr\/wp-json\/wp\/v2\/users\/1"}],"replies":[{"embeddable":true,"href":"https:\/\/www-old.scopserv.com\/fr\/wp-json\/wp\/v2\/comments?post=1832"}],"version-history":[{"count":90,"href":"https:\/\/www-old.scopserv.com\/fr\/wp-json\/wp\/v2\/pages\/1832\/revisions"}],"predecessor-version":[{"id":16346,"href":"https:\/\/www-old.scopserv.com\/fr\/wp-json\/wp\/v2\/pages\/1832\/revisions\/16346"}],"up":[{"embeddable":true,"href":"https:\/\/www-old.scopserv.com\/fr\/wp-json\/wp\/v2\/pages\/134"}],"wp:attachment":[{"href":"https:\/\/www-old.scopserv.com\/fr\/wp-json\/wp\/v2\/media?parent=1832"}],"curies":[{"name":"wp","href":"https:\/\/api.w.org\/{rel}","templated":true}]}}