{"id":16086,"date":"2020-12-01T17:30:32","date_gmt":"2020-12-01T22:30:32","guid":{"rendered":"https:\/\/www.scopserv.com\/?page_id=16086"},"modified":"2020-12-09T21:58:02","modified_gmt":"2020-12-10T02:58:02","slug":"scopcomm_product","status":"publish","type":"page","link":"https:\/\/www-old.scopserv.com\/fr\/produits\/logiciel\/scopcomm_product\/","title":{"rendered":"Produits SCOPCOMM"},"content":{"rendered":"<h2>Avis de non-responsabilit\u00e9 BETA \/ Release Candidate (Release Candidate ci-apr\u00e8s nomm\u00e9 RC)<\/h2>\n<p align=\"justify\"><b>Mise en garde!<\/b>\u00a0 La nature du logiciel Beta \/ RC est qu&rsquo;il est exp\u00e9rimental, toujours en d\u00e9veloppement et pas encore pr\u00eat \u00e0 \u00eatre diffus\u00e9 au grand public. Par cons\u00e9quent, ScopServ Telephony, Realtime Monitor et tout autre logiciel Beta \/ RC fourni par ScopServ ou toute partie de celui-ci (\u00abLogiciel\u00bb) sont susceptibles de contenir des bogues et peuvent \u00eatre instables.<\/p>\n<p align=\"justify\">ScopServ propose des tests Beta \/ RC aux clients int\u00e9ress\u00e9s par le nouveau logiciel ScopServ, ses fonctionnalit\u00e9s et ses modules. Si un client utilise un produit pendant les tests Beta \/ RC, le client est invit\u00e9 \u00e0 fournir des commentaires \u00e0 ScopServ et assume tous les risques associ\u00e9s au logiciel Beta \/ RC. Nous conseillons \u00e0 tous les utilisateurs de Beta \/ RC de faire preuve d&rsquo;une extr\u00eame prudence lors du test Beta \/ RC d&rsquo;un logiciel ScopServ. Il leur appartient donc de prendre les pr\u00e9cautions n\u00e9cessaires contre d&rsquo;\u00e9ventuels dommages r\u00e9sultant de tout test Beta \/ RC. Les logiciels en test Beta \/ RC ne doivent pas \u00eatre utilis\u00e9s sur des donn\u00e9es sensibles et \/ ou pr\u00e9cieuses et surtout pas dans un environnement de production.<\/p>\n<p align=\"justify\"><b>Contrat de testeur de logiciels Beta \/ RC :<\/b>\u00a0 Le testeur reconna\u00eet et accepte que ScopServ propose des logiciels. Tels quels. sans garantie d&rsquo;aucune sorte. ScopServ n&rsquo;a aucune obligation de maintenir, corriger, mettre \u00e0 jour, changer, modifier ou prendre en charge d&rsquo;une autre mani\u00e8re le logiciel lors des tests Beta \/ RC. ScopServ peut interrompre la fourniture du service au logiciel \u00e0 tout moment. ScopServ ne donne aucune garantie ou engagement quant au succ\u00e8s du logiciel.<\/p>\n<p align=\"justify\">Les tests b\u00eata \/ RC sont aux risques et p\u00e9rils du client, et non de ScopServ. Si le logiciel s&rsquo;av\u00e8re d\u00e9fectueux, le client assume les co\u00fbts de toutes les corrections, r\u00e9parations et dommages n\u00e9cessaires. ScopServ ne sera pas responsable de toute perte de revenus, de profits perdus ou d&rsquo;autres dommages accessoires ou cons\u00e9cutifs, m\u00eame s&rsquo;il est inform\u00e9 de la possibilit\u00e9 de tels dommages en raison de toute ex\u00e9cution ou non-ex\u00e9cution en vertu de cet accord. En outre, ScopServ ne sera pas responsable des retards, pertes ou autres dommages qui pourraient r\u00e9sulter de la fourniture ou de l&rsquo;annulation de tout logiciel, fonctionnalit\u00e9s et \/ ou modules ScopServ.<\/p>\n<p align=\"justify\">ScopServ d\u00e9tient tous les droits de propri\u00e9t\u00e9 sur le logiciel et tous les logiciels ScopServ et toute partie de ceux-ci. Vous acceptez de ne pas traduire, d\u00e9compiler, faire de l&rsquo;ing\u00e9nierie inverse, d\u00e9sassembler, modifier, copier, alt\u00e9rer, fusionner dans d&rsquo;autres logiciels, reproduire, louer, louer, pr\u00eater, distribuer, vendre \u00e0 nouveau ou autrement disposer du logiciel ou de toute partie de celui-ci.<\/p>\n<p align=\"justify\">ScopServ peut choisir de publier des versions suppl\u00e9mentaires du Logiciel, veuillez vous assurer de t\u00e9l\u00e9charger la derni\u00e8re version d\u00e8s notification par ScopServ de la disponibilit\u00e9 de cette nouvelle version.<\/p>\n<p align=\"justify\"><b><u>En t\u00e9l\u00e9chargeant les versions B\u00caTA \/ RC disponibles ci-dessous, vous ACCEPTEZ cette AVIS DE NON-RESPONSABILIT\u00c9 B\u00caTA \/ RC. <\/u><\/b>Vous pourrez alors installer le logiciel BETA \/ RC \u00e0 tester.<\/p>\n<h2>T\u00e9l\u00e9chargement du produit BETA \/ RC<\/h2>\n<p>Essai b\u00e9ta :\u00a0<strong>SCOPCOMM<\/strong><\/p>\n<p><a href=\"https:\/\/www.scopserv.com\/page_download\/?download=16031\">WebRTC Windows Build<\/a><br \/>\n<a href=\"https:\/\/www.scopserv.com\/page_download\/?download=16060\">WebRTC Mac Build<\/a><br \/>\n<a href=\"https:\/\/www.scopserv.com\/download-file\/16119\/\">Desktop Windows Build<\/a><br \/>\n<a href=\"https:\/\/www.scopserv.com\/download-file\/16128\/\">Desktop Mac Build<\/a><\/p>\n","protected":false},"excerpt":{"rendered":"<p>Avis de non-responsabilit\u00e9 BETA \/ Release Candidate (Release Candidate ci-apr\u00e8s nomm\u00e9 RC) Mise en garde!\u00a0 La nature du logiciel Beta \/ RC est qu&rsquo;il est exp\u00e9rimental, toujours en d\u00e9veloppement et pas encore pr\u00eat \u00e0 \u00eatre diffus\u00e9 au grand public. Par cons\u00e9quent, ScopServ Telephony, Realtime Monitor et tout autre logiciel Beta \/ RC fourni par ScopServ [&#8230;]<\/p>\n","protected":false},"author":13,"featured_media":0,"parent":134,"menu_order":0,"comment_status":"closed","ping_status":"closed","template":"","meta":[],"aioseo_notices":[],"_links":{"self":[{"href":"https:\/\/www-old.scopserv.com\/fr\/wp-json\/wp\/v2\/pages\/16086"}],"collection":[{"href":"https:\/\/www-old.scopserv.com\/fr\/wp-json\/wp\/v2\/pages"}],"about":[{"href":"https:\/\/www-old.scopserv.com\/fr\/wp-json\/wp\/v2\/types\/page"}],"author":[{"embeddable":true,"href":"https:\/\/www-old.scopserv.com\/fr\/wp-json\/wp\/v2\/users\/13"}],"replies":[{"embeddable":true,"href":"https:\/\/www-old.scopserv.com\/fr\/wp-json\/wp\/v2\/comments?post=16086"}],"version-history":[{"count":13,"href":"https:\/\/www-old.scopserv.com\/fr\/wp-json\/wp\/v2\/pages\/16086\/revisions"}],"predecessor-version":[{"id":16260,"href":"https:\/\/www-old.scopserv.com\/fr\/wp-json\/wp\/v2\/pages\/16086\/revisions\/16260"}],"up":[{"embeddable":true,"href":"https:\/\/www-old.scopserv.com\/fr\/wp-json\/wp\/v2\/pages\/134"}],"wp:attachment":[{"href":"https:\/\/www-old.scopserv.com\/fr\/wp-json\/wp\/v2\/media?parent=16086"}],"curies":[{"name":"wp","href":"https:\/\/api.w.org\/{rel}","templated":true}]}}