{"id":15817,"date":"2020-06-04T13:15:45","date_gmt":"2020-06-04T17:15:45","guid":{"rendered":"https:\/\/www.scopserv.com\/?page_id=15817"},"modified":"2020-06-05T15:52:25","modified_gmt":"2020-06-05T19:52:25","slug":"teletravail","status":"publish","type":"page","link":"https:\/\/www-old.scopserv.com\/fr\/teletravail\/","title":{"rendered":"T\u00e9l\u00e9travail"},"content":{"rendered":"<p>[vc_row full_width=\u00a0\u00bbstretch_row\u00a0\u00bb gap=\u00a0\u00bb25&Prime; equal_height=\u00a0\u00bbyes\u00a0\u00bb content_placement=\u00a0\u00bbmiddle\u00a0\u00bb css=\u00a0\u00bb.vc_custom_1591295380926{padding-top: 100px !important;padding-bottom: 100px !important;background: #ffffff url(https:\/\/www.scopserv.com\/wp-content\/uploads\/2020\/06\/teletravail_2-scaled.jpg?id=15840) !important;background-position: center !important;background-repeat: no-repeat !important;background-size: cover !important;}\u00a0\u00bb][vc_column][vc_empty_space height=\u00a0\u00bb150px\u00a0\u00bb][vc_empty_space height=\u00a0\u00bb100px\u00a0\u00bb][vc_column_text]<\/p>\n<p style=\"text-align: center;\"><span style=\"font-size: 96px; font-family: impact, sans-serif;\"><span style=\"color: #000000;\"><b>T\u00c9L\u00c9TRAVAILLER EN TOUTE S\u00c9R\u00c9NIT\u00c9<\/b><\/span><\/span><\/p>\n<p>[\/vc_column_text][vc_empty_space][vc_column_text]<\/p>\n<p style=\"text-align: center;\"><span style=\"color: #000000; font-size: 28px;\"><strong>N&rsquo;H\u00c9SITEZ PLUS ! OPTEZ POUR NOTRE SOLUTION*<\/strong><\/span><\/p>\n<p style=\"text-align: center;\"><span style=\"font-size: 28px;\"><em><span style=\"color: #000000;\"><strong>*CONTACTEZ-NOUS POUR CONNA\u00ceTRE NOTRE R\u00c9SEAU PROFESSIONNEL LE PLUS PROCHE DE CHEZ VOUS<\/strong><\/span><\/em><\/span><\/p>\n<p>[\/vc_column_text][\/vc_column][\/vc_row][vc_row css=\u00a0\u00bb.vc_custom_1591298159331{background-color: #ffffff !important;}\u00a0\u00bb][vc_column][vc_empty_space][vc_column_text]<\/p>\n<p style=\"text-align: center;\"><span style=\"font-size: 36px; font-family: impact, sans-serif;\"><span style=\"color: #000000;\">D\u00c9COUVREZ NOTRE T\u00c9L\u00c9PHONIE HAUTEMENT COMP\u00c9TITIVE<\/span><\/span><\/p>\n<p>[\/vc_column_text][vc_empty_space][vc_btn title=\u00a0\u00bbAPPELEZ-NOUS +1 (833) 720-2207&Prime; style=\u00a0\u00bbflat\u00a0\u00bb color=\u00a0\u00bbpink\u00a0\u00bb size=\u00a0\u00bblg\u00a0\u00bb align=\u00a0\u00bbcenter\u00a0\u00bb][\/vc_column][\/vc_row][vc_row full_width=\u00a0\u00bbstretch_row_content\u00a0\u00bb gap=\u00a0\u00bb35&Prime; css=\u00a0\u00bb.vc_custom_1591297880422{background-color: #ffffff !important;}\u00a0\u00bb][vc_column width=\u00a0\u00bb1\/5&Prime;][vc_single_image image=\u00a0\u00bb15852&Prime; img_size=\u00a0\u00bbfull\u00a0\u00bb css_animation=\u00a0\u00bbfadeInUpBig\u00a0\u00bb][vc_column_text]<\/p>\n<p style=\"text-align: center;\"><span style=\"font-size: 20px;\"><strong>SOLUTION TOUT-EN-UN<\/strong><\/span><\/p>\n<p>[\/vc_column_text][vc_column_text]<\/p>\n<p style=\"text-align: center;\">ScopServ propose aux entreprises canadiennes des services de t\u00e9l\u00e9phonie IP flexibles et hautement \u00e9volutifs.<\/p>\n<p style=\"text-align: center;\">Sa t\u00e9l\u00e9phonie d&rsquo;affaires procure une interconnexion robuste, fiable et s\u00e9curis\u00e9e au r\u00e9seau public t\u00e9l\u00e9phonique commut\u00e9 (RTPC).<\/p>\n<p style=\"text-align: center;\">La pr\u00e9sence de 1 800 centres de tarification \u00e0 travers le r\u00e9seau se refl\u00e8te dans la capacit\u00e9 de portabilit\u00e9 de num\u00e9ros de t\u00e9l\u00e9phones, dans l\u2019\u00e9mission de nouveaux num\u00e9ros et dans la capacit\u00e9 de faire circuler des appels locaux d\u2019un oc\u00e9an \u00e0 l\u2019autre.<\/p>\n<p>[\/vc_column_text][\/vc_column][vc_column width=\u00a0\u00bb1\/5&Prime;][vc_single_image image=\u00a0\u00bb15842&Prime; img_size=\u00a0\u00bbfull\u00a0\u00bb alignment=\u00a0\u00bbcenter\u00a0\u00bb style=\u00a0\u00bbvc_box_rounded\u00a0\u00bb css_animation=\u00a0\u00bbfadeInUpBig\u00a0\u00bb][vc_column_text]<\/p>\n<p style=\"text-align: center;\"><span style=\"font-size: 20px;\"><strong>COMMUNICATIONS UNIFI\u00c9ES<\/strong><\/span><\/p>\n<p>[\/vc_column_text][vc_column_text]<\/p>\n<p style=\"text-align: center;\">Facilite l&rsquo;int\u00e9gration des travailleurs distants dans votre syst\u00e8me de communication gr\u00e2ce \u00e0 leurs propres connexions internet.<\/p>\n<p style=\"text-align: center;\">Am\u00e9liore la productivit\u00e9 des employ\u00e9s gr\u00e2ce \u00e0 la mobilit\u00e9 et la capacit\u00e9 de travailler \u00e0 distance : appels voix, conf\u00e9rences t\u00e9l\u00e9phoniques et de messagerie vocale unifi\u00e9e.<\/p>\n<p style=\"text-align: center;\">Vos clients pourront rejoindre vos travailleurs distants par l&rsquo;interm\u00e9diaire de votre r\u00e9ception d&rsquo;entreprise ou votre r\u00e9ceptionniste automatis\u00e9e.<\/p>\n<p>[\/vc_column_text][\/vc_column][vc_column width=\u00a0\u00bb1\/5&Prime;][vc_single_image image=\u00a0\u00bb15846&Prime; img_size=\u00a0\u00bbfull\u00a0\u00bb alignment=\u00a0\u00bbcenter\u00a0\u00bb style=\u00a0\u00bbvc_box_rounded\u00a0\u00bb css_animation=\u00a0\u00bbfadeInUpBig\u00a0\u00bb css=\u00a0\u00bb.vc_custom_1591298072033{background-position: center !important;background-repeat: no-repeat !important;background-size: cover !important;}\u00a0\u00bb][vc_column_text]<\/p>\n<p style=\"text-align: center;\"><span style=\"font-size: 20px;\"><strong>MODE H\u00c9BERG\u00c9<\/strong><\/span><\/p>\n<p>[\/vc_column_text][vc_column_text]<\/p>\n<p style=\"text-align: center;\">Acc\u00e8s imm\u00e9diat \u00e0 un ensemble \u00e9volu\u00e9 de possibilit\u00e9s de t\u00e9l\u00e9phonie IP d\u2019affaires en mode h\u00e9berg\u00e9 : flexibilit\u00e9, souplesse et fluidit\u00e9 dans la mise en place.<\/p>\n<p style=\"text-align: center;\">Solutions compl\u00e8tes pour tous vos besoins pr\u00e9sents et futurs en mati\u00e8re de communication unifi\u00e9es et de collaboration.<\/p>\n<p style=\"text-align: center;\">R\u00e9seau de fibre optique national issu d\u2019op\u00e9rateur de premier niveau pour offrir des communications vocales et vid\u00e9o sans compris, une gestion dynamique et des options \u00e9volutives pour la continuit\u00e9 des affaires.<\/p>\n<p>[\/vc_column_text][\/vc_column][vc_column width=\u00a0\u00bb1\/5&Prime;][vc_single_image image=\u00a0\u00bb15830&Prime; img_size=\u00a0\u00bbfull\u00a0\u00bb alignment=\u00a0\u00bbcenter\u00a0\u00bb style=\u00a0\u00bbvc_box_rounded\u00a0\u00bb css_animation=\u00a0\u00bbfadeInUpBig\u00a0\u00bb][vc_column_text]<\/p>\n<p style=\"text-align: center;\"><span style=\"font-size: 20px;\"><strong>\u00c9CONOMIQUE<\/strong><\/span><\/p>\n<p>[\/vc_column_text][vc_column_text]<\/p>\n<p style=\"text-align: center;\">Rassemble dans un m\u00eame r\u00e9seau la convergence de la voix, des donn\u00e9es et de la vid\u00e9o pour optimiser l\u2019utilisation de la bande passante.<\/p>\n<p style=\"text-align: center;\">Faible co\u00fbt d\u2019entr\u00e9e pour acc\u00e9der \u00e0 une haute technologie de pointe qui \u00e9limine le risque d\u2019obsolescence du parc d\u2019\u00e9quipement.<\/p>\n<p style=\"text-align: center;\">Permet une d\u00e9pense r\u00e9currente pr\u00e9dictible et procure une flexibilit\u00e9 dans la r\u00e9organisation des besoins de l\u2019entreprise.<\/p>\n<p>[\/vc_column_text][\/vc_column][vc_column width=\u00a0\u00bb1\/5&Prime;][vc_single_image image=\u00a0\u00bb15848&Prime; img_size=\u00a0\u00bbfull\u00a0\u00bb css_animation=\u00a0\u00bbfadeInUpBig\u00a0\u00bb][vc_column_text]<\/p>\n<p style=\"text-align: center;\"><span style=\"font-size: 20px;\"><strong>S\u00c9CURIT\u00c9<\/strong><\/span><\/p>\n<p>[\/vc_column_text][vc_column_text]<\/p>\n<p style=\"text-align: center;\">Une \u00e9quipe de sp\u00e9cialistes surveillent l\u2019\u00e9tat de la plateforme avec des t\u00e9moins de d\u00e9faillances et d\u00e9pannent les probl\u00e8mes.<\/p>\n<ul>\n<li style=\"text-align: left;\">Surveillance 24&#215;7<\/li>\n<li style=\"text-align: left;\">Gestion des incidents, des configurations, de capacit\u00e9 &amp; niveaux de services<\/li>\n<li style=\"text-align: left;\">Installation de mises \u00e0 jour et de correctifs<\/li>\n<li style=\"text-align: left;\">Support niveaux 2 + 3<\/li>\n<li style=\"text-align: left;\">Analyse et audits de s\u00e9curit\u00e9<\/li>\n<\/ul>\n<p>[\/vc_column_text][\/vc_column][\/vc_row][vc_row css=\u00a0\u00bb.vc_custom_1591300126407{background-color: #ffffff !important;}\u00a0\u00bb][vc_column][vc_btn title=\u00a0\u00bb\u00c9CRIVEZ-NOUS\u00a0\u00bb style=\u00a0\u00bbflat\u00a0\u00bb color=\u00a0\u00bbpink\u00a0\u00bb size=\u00a0\u00bblg\u00a0\u00bb align=\u00a0\u00bbcenter\u00a0\u00bb link=\u00a0\u00bburl:https%3A%2F%2Fwww.scopserv.com%2Ffr%2Fformulairedecontact%2F|||\u00a0\u00bb][\/vc_column][\/vc_row]<\/p>\n","protected":false},"excerpt":{"rendered":"<p>[vc_row full_width=\u00a0\u00bbstretch_row\u00a0\u00bb gap=\u00a0\u00bb25&Prime; equal_height=\u00a0\u00bbyes\u00a0\u00bb content_placement=\u00a0\u00bbmiddle\u00a0\u00bb css=\u00a0\u00bb.vc_custom_1591295380926{padding-top: 100px !important;padding-bottom: 100px !important;background: #ffffff url(https:\/\/www.scopserv.com\/wp-content\/uploads\/2020\/06\/teletravail_2-scaled.jpg?id=15840) !important;background-position: center !important;background-repeat: no-repeat !important;background-size: cover !important;}\u00a0\u00bb][vc_column][vc_empty_space height=\u00a0\u00bb150px\u00a0\u00bb][vc_empty_space height=\u00a0\u00bb100px\u00a0\u00bb][vc_column_text] T\u00c9L\u00c9TRAVAILLER EN TOUTE S\u00c9R\u00c9NIT\u00c9 [\/vc_column_text][vc_empty_space][vc_column_text] N&rsquo;H\u00c9SITEZ PLUS ! OPTEZ POUR NOTRE SOLUTION* *CONTACTEZ-NOUS POUR CONNA\u00ceTRE NOTRE R\u00c9SEAU PROFESSIONNEL LE PLUS PROCHE DE CHEZ VOUS [\/vc_column_text][\/vc_column][\/vc_row][vc_row css=\u00a0\u00bb.vc_custom_1591298159331{background-color: #ffffff !important;}\u00a0\u00bb][vc_column][vc_empty_space][vc_column_text] D\u00c9COUVREZ NOTRE T\u00c9L\u00c9PHONIE HAUTEMENT COMP\u00c9TITIVE [\/vc_column_text][vc_empty_space][vc_btn [&#8230;]<\/p>\n","protected":false},"author":12,"featured_media":0,"parent":0,"menu_order":0,"comment_status":"closed","ping_status":"closed","template":"page-front-page-revolution-fullwidth.php","meta":[],"aioseo_notices":[],"_links":{"self":[{"href":"https:\/\/www-old.scopserv.com\/fr\/wp-json\/wp\/v2\/pages\/15817"}],"collection":[{"href":"https:\/\/www-old.scopserv.com\/fr\/wp-json\/wp\/v2\/pages"}],"about":[{"href":"https:\/\/www-old.scopserv.com\/fr\/wp-json\/wp\/v2\/types\/page"}],"author":[{"embeddable":true,"href":"https:\/\/www-old.scopserv.com\/fr\/wp-json\/wp\/v2\/users\/12"}],"replies":[{"embeddable":true,"href":"https:\/\/www-old.scopserv.com\/fr\/wp-json\/wp\/v2\/comments?post=15817"}],"version-history":[{"count":8,"href":"https:\/\/www-old.scopserv.com\/fr\/wp-json\/wp\/v2\/pages\/15817\/revisions"}],"predecessor-version":[{"id":15878,"href":"https:\/\/www-old.scopserv.com\/fr\/wp-json\/wp\/v2\/pages\/15817\/revisions\/15878"}],"wp:attachment":[{"href":"https:\/\/www-old.scopserv.com\/fr\/wp-json\/wp\/v2\/media?parent=15817"}],"curies":[{"name":"wp","href":"https:\/\/api.w.org\/{rel}","templated":true}]}}