{"id":15510,"date":"2020-05-13T09:38:16","date_gmt":"2020-05-13T13:38:16","guid":{"rendered":"https:\/\/www.scopserv.com\/?page_id=15510"},"modified":"2020-06-05T15:25:55","modified_gmt":"2020-06-05T19:25:55","slug":"accueil","status":"publish","type":"page","link":"https:\/\/www-old.scopserv.com\/fr\/","title":{"rendered":"Accueil"},"content":{"rendered":"<p>[vc_row full_width=\u00a0\u00bbstretch_row_content\u00a0\u00bb gap=\u00a0\u00bb35&Prime; css=\u00a0\u00bb.vc_custom_1591383583616{background-color: #ffffff !important;}\u00a0\u00bb][vc_column]\n\t\t\t<!-- START Home page fr REVOLUTION SLIDER 6.2.1 --><p class=\"rs-p-wp-fix\"><\/p>\n\t\t\t<rs-module-wrap id=\"rev_slider_107_1_wrapper\" data-source=\"gallery\" style=\"background:transparent;padding:0;margin:0px auto;margin-top:0;margin-bottom:0;\">\n\t\t\t\t<rs-module id=\"rev_slider_107_1\" style=\"display:none;\" data-version=\"6.2.1\">\n\t\t\t\t\t<rs-slides>\n\t\t\t\t\t\t<rs-slide data-key=\"rs-110\" data-title=\"Slide\" data-seoz=\"front\" data-duration=\"8889\" data-anim=\"ei:d;eo:d;s:600;r:0;t:fade;sl:d;\" id=\"home-slider\">\n\t\t\t\t\t\t\t<img src=\"\/\/www.scopserv.com\/wp-content\/uploads\/2020\/05\/test_slider_2-1.png\" title=\"test_slider_2\" width=\"7033\" height=\"2738\" class=\"rev-slidebg\" data-no-retina>\n<!--\n\t\t\t\t\t\t\t--><a\n\t\t\t\t\t\t\t\tid=\"slider-107-slide-110-layer-0\" \n\t\t\t\t\t\t\t\tclass=\"rs-layer\"\n\t\t\t\t\t\t\t\thref=\"https:\/\/www.scopserv.com\/fr\/teletravail\/\" target=\"_blank\" rel=\"nofollow\"\n\t\t\t\t\t\t\t\tdata-type=\"image\"\n\t\t\t\t\t\t\t\tdata-rsp_ch=\"on\"\n\t\t\t\t\t\t\t\tdata-xy=\"xo:28px,17px,12px,7px;yo:22px,14px,10px,6px;\"\n\t\t\t\t\t\t\t\tdata-text=\"w:normal;s:20,12,9,5;l:0,16,12,7;\"\n\t\t\t\t\t\t\t\tdata-dim=\"w:300px,192px,145px,89px;h:296px,189px,143px,88px;\"\n\t\t\t\t\t\t\t\tdata-frame_999=\"o:0;st:w;\"\n\t\t\t\t\t\t\t\tstyle=\"z-index:5;\"\n\t\t\t\t\t\t\t><img src=\"\/\/www-old.scopserv.com\/wp-content\/uploads\/2020\/06\/teletravail_logo_rond_fr-300x296.png\" width=\"300\" height=\"296\" data-no-retina> \n\t\t\t\t\t\t\t<\/a><!--\n-->\t\t\t\t\t\t<\/rs-slide>\n\t\t\t\t\t\t<rs-slide data-key=\"rs-122\" data-title=\"Slide\" data-anim=\"ei:d;eo:d;s:1000;r:0;t:fade;sl:0;\">\n\t\t\t\t\t\t\t<img src=\"\/\/www.scopserv.com\/wp-content\/uploads\/2020\/05\/BANNI\u00c8RE-SCOPTEL-IPBX-NEW.png\" title=\"BANNI\u00c8RE SCOPTEL IPBX &#8211; NEW\" width=\"4890\" height=\"1860\" class=\"rev-slidebg\" data-no-retina>\n<!---->\t\t\t\t\t\t<\/rs-slide>\n\t\t\t\t\t\t<rs-slide data-key=\"rs-111\" data-title=\"Slide\" data-link=\"\/\/www.scopserv.com\/products\/software-scoptel-ipbx\/scopcomm\/\" data-target=\"_self\" data-seoz=\"front\" data-anim=\"ei:d;eo:d;s:600ms;r:0;t:fade;sl:0;\">\n\t\t\t\t\t\t\t<img src=\"\/\/www.scopserv.com\/wp-content\/uploads\/2020\/05\/BANNIERE_SCOPCOMM_FRA_SITEWEB.png\" title=\"BANNIERE_SCOPCOMM_FRA_SITEWEB\" width=\"4535\" height=\"1247\" class=\"rev-slidebg\" data-no-retina>\n<!---->\t\t\t\t\t\t<\/rs-slide>\n\t\t\t\t\t<\/rs-slides>\n\t\t\t\t\t<rs-static-layers><!--\n\t\t\t\t\t--><\/rs-static-layers>\n\t\t\t\t\t<rs-progress class=\"rs-bottom\" style=\"visibility: hidden !important;\"><\/rs-progress>\n\t\t\t\t<\/rs-module>\n\t\t\t\t<script type=\"text\/javascript\">\n\t\t\t\t\tsetREVStartSize({c: 'rev_slider_107_1',rl:[1240,1024,778,480],el:[440,440,440,440],gw:[1600,1024,778,480],gh:[440,440,440,440],type:'standard',justify:'',layout:'fullwidth',mh:\"440\"});\n\t\t\t\t\tvar\trevapi107,\n\t\t\t\t\t\ttpj;\n\t\t\t\t\tjQuery(function() {\n\t\t\t\t\t\ttpj = jQuery;\n\t\t\t\t\t\tif(tpj(\"#rev_slider_107_1\").revolution == undefined){\n\t\t\t\t\t\t\trevslider_showDoubleJqueryError(\"#rev_slider_107_1\");\n\t\t\t\t\t\t}else{\n\t\t\t\t\t\t\trevapi107 = tpj(\"#rev_slider_107_1\").show().revolution({\n\t\t\t\t\t\t\t\tjsFileLocation:\"\/\/www-old.scopserv.com\/wp-content\/plugins\/revslider\/public\/assets\/js\/\",\n\t\t\t\t\t\t\t\tsliderLayout:\"fullwidth\",\n\t\t\t\t\t\t\t\tduration:\"3000ms\",\n\t\t\t\t\t\t\t\tvisibilityLevels:\"1240,1024,778,480\",\n\t\t\t\t\t\t\t\tgridwidth:\"1600,1024,778,480\",\n\t\t\t\t\t\t\t\tgridheight:\"440,440,440,440\",\n\t\t\t\t\t\t\t\tminHeight:440,\n\t\t\t\t\t\t\t\tspinner:\"spinner0\",\n\t\t\t\t\t\t\t\teditorheight:\"440,440,440,440\",\n\t\t\t\t\t\t\t\tresponsiveLevels:\"1240,1024,778,480\",\n\t\t\t\t\t\t\t\tdisableProgressBar:\"on\",\n\t\t\t\t\t\t\t\tnavigation: {\n\t\t\t\t\t\t\t\t\tonHoverStop:false\n\t\t\t\t\t\t\t\t},\n\t\t\t\t\t\t\t\tfallbacks: {\n\t\t\t\t\t\t\t\t\tignoreHeightChanges:\"\",\n\t\t\t\t\t\t\t\t\tallowHTML5AutoPlayOnAndroid:true\n\t\t\t\t\t\t\t\t},\n\t\t\t\t\t\t\t});\n\t\t\t\t\t\t}\n\t\t\t\t\t\t\n\t\t\t\t\t});\n\t\t\t\t<\/script>\n\t\t\t<\/rs-module-wrap>\n\t\t\t<!-- END REVOLUTION SLIDER -->\n[\/vc_column][\/vc_row][vc_row full_width=\u00a0\u00bbstretch_row_content\u00a0\u00bb gap=\u00a0\u00bb35&Prime; css=\u00a0\u00bb.vc_custom_1589385089882{background-color: #ffffff !important;}\u00a0\u00bb][vc_column width=\u00a0\u00bb1\/2&Prime;][vc_hoverbox image=\u00a0\u00bb15546&Prime; primary_title=\u00a0\u00bb\u00a0\u00bb hover_title=\u00a0\u00bbLA SOLUTION TOUT-EN-UN\u00a0\u00bb hover_background_color=\u00a0\u00bbwhite\u00a0\u00bb hover_btn_title=\u00a0\u00bbSCOPTEL IPBX\u00a0\u00bb hover_btn_color=\u00a0\u00bbwarning\u00a0\u00bb hover_btn_align=\u00a0\u00bbcenter\u00a0\u00bb hover_add_button=\u00a0\u00bbtrue\u00a0\u00bb hover_btn_link=\u00a0\u00bburl:https%3A%2F%2Fwww.scopserv.com%2Ffr%2Fproduits%2Flogiciel%2F|||\u00a0\u00bb]<\/p>\n<p style=\"text-align: center;\"><span style=\"font-family: arial, helvetica, sans-serif; font-size: 20px;\">Le gestionnaire le plus complet de la t\u00e9l\u00e9phonie d&rsquo;affaires<\/span><\/p>\n<p>[\/vc_hoverbox][\/vc_column][vc_column width=\u00a0\u00bb1\/2&Prime;][vc_hoverbox image=\u00a0\u00bb15550&Prime; primary_title=\u00a0\u00bb\u00a0\u00bb hover_title=\u00a0\u00bbPayez au fur et \u00e0 mesure que vous grandissez !\u00a0\u00bb hover_background_color=\u00a0\u00bbwhite\u00a0\u00bb hover_btn_title=\u00a0\u00bbSCOPCLOUD\u00a0\u00bb hover_btn_color=\u00a0\u00bbwarning\u00a0\u00bb hover_btn_align=\u00a0\u00bbcenter\u00a0\u00bb hover_add_button=\u00a0\u00bbtrue\u00a0\u00bb hover_btn_link=\u00a0\u00bburl:https%3A%2F%2Fwww.scopserv.com%2Ffr%2Fproduits%2Flogiciel%2Fscopcloud%2F|||\u00a0\u00bb]<\/p>\n<p style=\"text-align: center;\"><span style=\"font-family: arial, helvetica, sans-serif; font-size: 20px;\">Service de t\u00e9l\u00e9phonie d\u2019affaires SCOPTEL IPBX Communication Platform as a Service (CPaaS)<\/span><\/p>\n<p>[\/vc_hoverbox][\/vc_column][\/vc_row][vc_row full_width=\u00a0\u00bbstretch_row_content\u00a0\u00bb gap=\u00a0\u00bb35&Prime; css=\u00a0\u00bb.vc_custom_1589396500706{background-color: #0068a5 !important;}\u00a0\u00bb][vc_column][vc_custom_heading text=\u00a0\u00bbPOUR QUELLES SOLUTIONS SCOPTEL IPBX \u00caTES-VOUS FAIT ?\u00a0\u00bb font_container=\u00a0\u00bbtag:h2|text_align:center|color:%23ffffff\u00a0\u00bb google_fonts=\u00a0\u00bbfont_family:Montserrat%3Aregular%2C700|font_style:400%20regular%3A400%3Anormal\u00a0\u00bb][vc_empty_space][vc_row_inner][vc_column_inner width=\u00a0\u00bb1\/6&Prime;][\/vc_column_inner][vc_column_inner width=\u00a0\u00bb1\/6&Prime;][vc_single_image image=\u00a0\u00bb15868&Prime; img_size=\u00a0\u00bbmedium\u00a0\u00bb alignment=\u00a0\u00bbcenter\u00a0\u00bb onclick=\u00a0\u00bbcustom_link\u00a0\u00bb img_link_target=\u00a0\u00bb_blank\u00a0\u00bb css_animation=\u00a0\u00bbbounceInLeft\u00a0\u00bb link=\u00a0\u00bbhttps:\/\/www.scopserv.com\/fr\/teletravail\/\u00a0\u00bb][\/vc_column_inner][vc_column_inner width=\u00a0\u00bb1\/6&Prime;][vc_icon icon_fontawesome=\u00a0\u00bbfas fa-briefcase\u00a0\u00bb color=\u00a0\u00bbwhite\u00a0\u00bb background_style=\u00a0\u00bbboxed-outline\u00a0\u00bb background_color=\u00a0\u00bbcustom\u00a0\u00bb size=\u00a0\u00bbxl\u00a0\u00bb align=\u00a0\u00bbcenter\u00a0\u00bb css_animation=\u00a0\u00bbfadeInUpBig\u00a0\u00bb link=\u00a0\u00bburl:https%3A%2F%2Fwww.scopserv.com%2Ffr%2Fusager%2F|||\u00a0\u00bb custom_background_color=\u00a0\u00bb#ffffff\u00a0\u00bb][vc_custom_heading text=\u00a0\u00bbVERSION ENTREPRISE\u00a0\u00bb font_container=\u00a0\u00bbtag:h6|text_align:center|color:%23ffffff\u00a0\u00bb google_fonts=\u00a0\u00bbfont_family:Lato%3A100%2C100italic%2C300%2C300italic%2Cregular%2Citalic%2C700%2C700italic%2C900%2C900italic|font_style:400%20regular%3A400%3Anormal\u00a0\u00bb][vc_column_text]<\/p>\n<p style=\"text-align: center;\"><span style=\"color: #ffffff;\">En tant que chef d\u2019entreprise ou gestionnaire, vous souhaitez en connaitre davantage sur la t\u00e9l\u00e9phonie IP. D\u00e9couvrez la suite logicielle SCOPTEL IPBX.<\/span><\/p>\n<p>[\/vc_column_text][\/vc_column_inner][vc_column_inner width=\u00a0\u00bb1\/6&Prime;][vc_icon icon_fontawesome=\u00a0\u00bbfas fa-building\u00a0\u00bb color=\u00a0\u00bbwhite\u00a0\u00bb background_style=\u00a0\u00bbboxed-outline\u00a0\u00bb background_color=\u00a0\u00bbcustom\u00a0\u00bb size=\u00a0\u00bbxl\u00a0\u00bb align=\u00a0\u00bbcenter\u00a0\u00bb css_animation=\u00a0\u00bbfadeInUpBig\u00a0\u00bb link=\u00a0\u00bburl:https%3A%2F%2Fwww.scopserv.com%2Ffr%2Fintegrateur%2F|||\u00a0\u00bb custom_background_color=\u00a0\u00bb#ffffff\u00a0\u00bb][vc_custom_heading text=\u00a0\u00bbVERSION ENTREPRENEUR\u00a0\u00bb font_container=\u00a0\u00bbtag:h6|text_align:center|color:%23ffffff\u00a0\u00bb google_fonts=\u00a0\u00bbfont_family:Lato%3A100%2C100italic%2C300%2C300italic%2Cregular%2Citalic%2C700%2C700italic%2C900%2C900italic|font_style:400%20regular%3A400%3Anormal\u00a0\u00bb][vc_column_text]<\/p>\n<p style=\"text-align: center;\"><span style=\"color: #ffffff;\">En tant que revendeurs, ajoutez \u00e0 votre offre de service un syst\u00e8me de t\u00e9l\u00e9phonie IP complet et abordable pour vos clients, SCOPTEL IPBX.<\/span><\/p>\n<p>[\/vc_column_text][\/vc_column_inner][vc_column_inner width=\u00a0\u00bb1\/6&Prime;][vc_icon icon_fontawesome=\u00a0\u00bbfas fa-cloud\u00a0\u00bb color=\u00a0\u00bbwhite\u00a0\u00bb background_style=\u00a0\u00bbboxed-outline\u00a0\u00bb background_color=\u00a0\u00bbcustom\u00a0\u00bb size=\u00a0\u00bbxl\u00a0\u00bb align=\u00a0\u00bbcenter\u00a0\u00bb css_animation=\u00a0\u00bbfadeInUpBig\u00a0\u00bb link=\u00a0\u00bburl:https%3A%2F%2Fwww.scopserv.com%2Ffr%2Fitsp%2F|||\u00a0\u00bb custom_background_color=\u00a0\u00bb#ffffff\u00a0\u00bb][vc_custom_heading text=\u00a0\u00bbVERSION CLOUD\u00a0\u00bb font_container=\u00a0\u00bbtag:h6|text_align:center|color:%23ffffff\u00a0\u00bb google_fonts=\u00a0\u00bbfont_family:Lato%3A100%2C100italic%2C300%2C300italic%2Cregular%2Citalic%2C700%2C700italic%2C900%2C900italic|font_style:400%20regular%3A400%3Anormal\u00a0\u00bb][vc_column_text]<\/p>\n<p style=\"text-align: center;\"><span style=\"color: #ffffff;\">En tant que fournisseur de syst\u00e8me t\u00e9l\u00e9phonique IP, d\u00e9couvrez les avantages technologiques et financiers de la suite logicielle SCOPTEL.<\/span><\/p>\n<p>[\/vc_column_text][\/vc_column_inner][vc_column_inner width=\u00a0\u00bb1\/6&Prime;][\/vc_column_inner][\/vc_row_inner][vc_empty_space][\/vc_column][\/vc_row][vc_row css=\u00a0\u00bb.vc_custom_1589473131876{background-color: #ffffff !important;}\u00a0\u00bb][vc_column][vc_custom_heading text=\u00a0\u00bbEn t\u00e9l\u00e9travail ou en d\u00e9placement,\u00a0\u00bb font_container=\u00a0\u00bbtag:h3|text_align:center|color:%23343434&Prime; google_fonts=\u00a0\u00bbfont_family:Montserrat%3Aregular%2C700|font_style:400%20regular%3A400%3Anormal\u00a0\u00bb][vc_custom_heading text=\u00a0\u00bbsoyez \u00e0 l&rsquo;\u00e9coute de vos partenaires d&rsquo;affaires !\u00a0\u00bb font_container=\u00a0\u00bbtag:h3|text_align:center|color:%23343434&Prime; google_fonts=\u00a0\u00bbfont_family:Montserrat%3Aregular%2C700|font_style:400%20regular%3A400%3Anormal\u00a0\u00bb][vc_empty_space][vc_single_image image=\u00a0\u00bb15579&Prime; img_size=\u00a0\u00bbfull\u00a0\u00bb onclick=\u00a0\u00bbcustom_link\u00a0\u00bb img_link_target=\u00a0\u00bb_blank\u00a0\u00bb link=\u00a0\u00bbhttps:\/\/www.scopserv.com\/fr\/produits\/logiciel\/scopcomm\/\u00a0\u00bb][\/vc_column][\/vc_row][vc_row full_width=\u00a0\u00bbstretch_row_content\u00a0\u00bb gap=\u00a0\u00bb35&Prime; content_placement=\u00a0\u00bbmiddle\u00a0\u00bb css_animation=\u00a0\u00bbfadeIn\u00a0\u00bb css=\u00a0\u00bb.vc_custom_1589476267390{border-top-width: 100px !important;border-right-width: 100px !important;border-bottom-width: 100px !important;border-left-width: 100px !important;padding-top: 80px !important;padding-right: 80px !important;padding-bottom: 80px !important;padding-left: 80px !important;background-color: #ffffff !important;background-position: center !important;background-repeat: no-repeat !important;background-size: contain !important;border-radius: 2px !important;}\u00a0\u00bb][vc_column width=\u00a0\u00bb1\/3&Prime;][vc_single_image image=\u00a0\u00bb15562&Prime; img_size=\u00a0\u00bbfull\u00a0\u00bb alignment=\u00a0\u00bbcenter\u00a0\u00bb onclick=\u00a0\u00bbcustom_link\u00a0\u00bb img_link_target=\u00a0\u00bb_blank\u00a0\u00bb css_animation=\u00a0\u00bbfadeInLeftBig\u00a0\u00bb css=\u00a0\u00bb.vc_custom_1589984726732{background-position: center !important;background-repeat: no-repeat !important;background-size: contain !important;}\u00a0\u00bb link=\u00a0\u00bbhttps:\/\/www.scopserv.com\/wp-content\/uploads\/2020\/05\/COMMUNIQUE_SCOPSERV_COVID19.pdf\u00a0\u00bb][\/vc_column][vc_column width=\u00a0\u00bb1\/3&Prime;][vc_single_image image=\u00a0\u00bb15778&Prime; img_size=\u00a0\u00bblarge\u00a0\u00bb alignment=\u00a0\u00bbcenter\u00a0\u00bb onclick=\u00a0\u00bbcustom_link\u00a0\u00bb img_link_target=\u00a0\u00bb_blank\u00a0\u00bb link=\u00a0\u00bbhttps:\/\/www.scopserv.com\/fr\/carrieres\/\u00a0\u00bb][\/vc_column][vc_column width=\u00a0\u00bb1\/3&Prime;][vc_single_image image=\u00a0\u00bb15544&Prime; img_size=\u00a0\u00bbfull\u00a0\u00bb alignment=\u00a0\u00bbcenter\u00a0\u00bb onclick=\u00a0\u00bbcustom_link\u00a0\u00bb img_link_target=\u00a0\u00bb_blank\u00a0\u00bb css_animation=\u00a0\u00bbfadeInRightBig\u00a0\u00bb css=\u00a0\u00bb.vc_custom_1589988789104{background-position: center !important;background-repeat: no-repeat !important;background-size: contain !important;}\u00a0\u00bb link=\u00a0\u00bbhttps:\/\/www.scopserv.com\/fr\/partenaire\/programmes-de-formation\/\u00a0\u00bb][\/vc_column][\/vc_row][vc_row full_width=\u00a0\u00bbstretch_row_content\u00a0\u00bb gap=\u00a0\u00bb35&Prime; content_placement=\u00a0\u00bbmiddle\u00a0\u00bb css=\u00a0\u00bb.vc_custom_1589467335479{padding-top: 30px !important;padding-bottom: 30px !important;background-color: #1c1c37 !important;}\u00a0\u00bb][vc_column width=\u00a0\u00bb1\/4&Prime;][\/vc_column][vc_column width=\u00a0\u00bb1\/4&Prime;][vc_custom_heading text=\u00a0\u00bbINSCRIPTION \u00c0 L&rsquo;INFOLETTRE\u00a0\u00bb font_container=\u00a0\u00bbtag:h5|font_size:20|text_align:center|color:%23ffffff\u00a0\u00bb google_fonts=\u00a0\u00bbfont_family:Montserrat%3Aregular%2C700|font_style:400%20regular%3A400%3Anormal\u00a0\u00bb css=\u00a0\u00bb.vc_custom_1589466684144{margin-top: -20px !important;}\u00a0\u00bb][\/vc_column][vc_column width=\u00a0\u00bb1\/4&Prime;][vc_btn title=\u00a0\u00bbABONNEZ-VOUS\u00a0\u00bb style=\u00a0\u00bboutline\u00a0\u00bb color=\u00a0\u00bbwhite\u00a0\u00bb size=\u00a0\u00bblg\u00a0\u00bb align=\u00a0\u00bbcenter\u00a0\u00bb link=\u00a0\u00bburl:https%3A%2F%2Fwww.scopserv.com%2Ffr%2Finfolettre%2F|||\u00a0\u00bb][vc_empty_space][\/vc_column][vc_column width=\u00a0\u00bb1\/4&Prime;][\/vc_column][\/vc_row][vc_row css=\u00a0\u00bb.vc_custom_1589467202784{background-color: #ffffff !important;}\u00a0\u00bb][vc_column width=\u00a0\u00bb1\/6&Prime;][\/vc_column][vc_column width=\u00a0\u00bb2\/3&Prime;][vc_separator color=\u00a0\u00bbcustom\u00a0\u00bb accent_color=\u00a0\u00bb#1c1c37&Prime;][vc_custom_heading text=\u00a0\u00bb\u00ab\u00a0 VOS BESOINS DEVIENNENT NOS SOLUTIONS \u00ab\u00a0\u00a0\u00bb font_container=\u00a0\u00bbtag:h2|font_size:40|text_align:center\u00a0\u00bb google_fonts=\u00a0\u00bbfont_family:Montserrat%3Aregular%2C700|font_style:400%20regular%3A400%3Anormal\u00a0\u00bb][\/vc_column][vc_column width=\u00a0\u00bb1\/6&Prime;][\/vc_column][\/vc_row][vc_row full_width=\u00a0\u00bbstretch_row_content\u00a0\u00bb gap=\u00a0\u00bb35&Prime; css=\u00a0\u00bb.vc_custom_1589467212339{padding-top: 50px !important;padding-bottom: 50px !important;background-color: #ffffff !important;}\u00a0\u00bb][vc_column width=\u00a0\u00bb1\/4&Prime;][vc_icon type=\u00a0\u00bbmaterial\u00a0\u00bb icon_material=\u00a0\u00bbvc-material vc-material-all_inclusive\u00a0\u00bb color=\u00a0\u00bbcustom\u00a0\u00bb background_style=\u00a0\u00bbrounded\u00a0\u00bb background_color=\u00a0\u00bbcustom\u00a0\u00bb size=\u00a0\u00bblg\u00a0\u00bb align=\u00a0\u00bbcenter\u00a0\u00bb css_animation=\u00a0\u00bbappear\u00a0\u00bb custom_background_color=\u00a0\u00bb#1c1c37&Prime; custom_color=\u00a0\u00bb#ffffff\u00a0\u00bb][vc_custom_heading text=\u00a0\u00bbINT\u00c9GRATION EFFICACE\u00a0\u00bb font_container=\u00a0\u00bbtag:h2|font_size:22|text_align:center\u00a0\u00bb google_fonts=\u00a0\u00bbfont_family:Montserrat%3Aregular%2C700|font_style:400%20regular%3A400%3Anormal\u00a0\u00bb][\/vc_column][vc_column width=\u00a0\u00bb1\/4&Prime;][vc_icon type=\u00a0\u00bbmaterial\u00a0\u00bb icon_material=\u00a0\u00bbvc-material vc-material-border_color\u00a0\u00bb color=\u00a0\u00bbwhite\u00a0\u00bb background_style=\u00a0\u00bbrounded\u00a0\u00bb background_color=\u00a0\u00bbcustom\u00a0\u00bb size=\u00a0\u00bblg\u00a0\u00bb align=\u00a0\u00bbcenter\u00a0\u00bb css_animation=\u00a0\u00bbappear\u00a0\u00bb custom_background_color=\u00a0\u00bb#1c1c37&Prime;][vc_custom_heading text=\u00a0\u00bbCONCEPTION PERSONNALIS\u00c9E\u00a0\u00bb font_container=\u00a0\u00bbtag:h2|font_size:22|text_align:center\u00a0\u00bb google_fonts=\u00a0\u00bbfont_family:Montserrat%3Aregular%2C700|font_style:400%20regular%3A400%3Anormal\u00a0\u00bb][\/vc_column][vc_column width=\u00a0\u00bb1\/4&Prime;][vc_icon type=\u00a0\u00bbmaterial\u00a0\u00bb icon_material=\u00a0\u00bbvc-material vc-material-person_outline\u00a0\u00bb color=\u00a0\u00bbwhite\u00a0\u00bb background_style=\u00a0\u00bbrounded\u00a0\u00bb background_color=\u00a0\u00bbcustom\u00a0\u00bb size=\u00a0\u00bblg\u00a0\u00bb align=\u00a0\u00bbcenter\u00a0\u00bb css_animation=\u00a0\u00bbappear\u00a0\u00bb custom_background_color=\u00a0\u00bb#1c1c37&Prime;][vc_custom_heading text=\u00a0\u00bbEXP\u00c9RIENCE CLIENT\u00a0\u00bb font_container=\u00a0\u00bbtag:h2|font_size:22|text_align:center\u00a0\u00bb google_fonts=\u00a0\u00bbfont_family:Montserrat%3Aregular%2C700|font_style:400%20regular%3A400%3Anormal\u00a0\u00bb][\/vc_column][vc_column width=\u00a0\u00bb1\/4&Prime;][vc_icon type=\u00a0\u00bbmaterial\u00a0\u00bb icon_material=\u00a0\u00bbvc-material vc-material-phonelink\u00a0\u00bb color=\u00a0\u00bbwhite\u00a0\u00bb background_style=\u00a0\u00bbrounded\u00a0\u00bb background_color=\u00a0\u00bbcustom\u00a0\u00bb size=\u00a0\u00bblg\u00a0\u00bb align=\u00a0\u00bbcenter\u00a0\u00bb css_animation=\u00a0\u00bbappear\u00a0\u00bb custom_background_color=\u00a0\u00bb#1c1c37&Prime;][vc_custom_heading text=\u00a0\u00bbT\u00c9L\u00c9PHONIE IP COMPL\u00c8TE\u00a0\u00bb font_container=\u00a0\u00bbtag:h2|font_size:22|text_align:center\u00a0\u00bb google_fonts=\u00a0\u00bbfont_family:Montserrat%3Aregular%2C700|font_style:400%20regular%3A400%3Anormal\u00a0\u00bb][\/vc_column][\/vc_row][vc_row css=\u00a0\u00bb.vc_custom_1589388483294{background-color: #ffffff !important;}\u00a0\u00bb][vc_column][vc_column_text]<section class=\"tcvpb_section_tc general-width\" style=\"padding-top:0px;\">\r\n\t\t\r\n\t\t<div class=\"tcvpb_section_content\"><div class=\"tcvpb_container\"><div class=\"tcvpb_column_tc_span12\"><div  class=\"\" >\n<h1><strong><span style=\"font-size: 12pt;\"><span style=\"font-family: arial, helvetica, sans-serif; font-size: 20px;\">NOS PARTENAIRES<\/span> &nbsp;<\/span><\/strong><\/h1>\n<p class=\"p_tc\">    <div class=\"lsp_main_slider\" style=\"height: 61px\">\n\t            <div class=\"lsp_slider_controls\">\n                <div id=\"lsp_next_btn_1\" class=\"lsp_next_btn\">next<\/div>\n                <div id=\"lsp_prev_btn_1\" class=\"lsp_prev_btn\">prev<\/div>\n            <\/div>\n\t\t\t        <div id=\"logo-slider\">\n\t\t\t\n            <div class=\"cycle-slideshow\" id=\"lsp_slideshow_1\"\n                 data-cycle-fx=\"scrollHorz\"\n                 data-cycle-timeout=\"5000\"\n\t\t\t\t                    data-cycle-carousel-visible=\"4\"\n\t\t\t\t\t                 data-cycle-next=\"#lsp_next_btn_1\"\n                 data-cycle-prev=\"#lsp_prev_btn_1\"\n                 data-cycle-speed=\"800\"\n                 data-cycle-slides=\"> div\"\n            >\n\t\t\t\t            <\/div>\n\t\t\t        <\/div>\n        <\/div>\n<\/div><\/div><\/div><\/div>\r\n\t\t\r\n\t\t\r\n\t<\/section><section class=\"tcvpb_section_tc\">\r\n\t\t\r\n\t\t<div class=\"tcvpb_section_content\"><div class=\"tcvpb_container\"><\/div><\/div>\r\n\t\t\r\n\t\t\r\n\t<\/section><div class=\"tcvpb_column_tc_span12\"><\/div><div  class=\"\" ><\/div>[\/vc_column_text][vc_separator el_width=\u00a0\u00bb50&Prime;][\/vc_column][\/vc_row][vc_row full_width=\u00a0\u00bbstretch_row_content_no_spaces\u00a0\u00bb css=\u00a0\u00bb.vc_custom_1490366132939{margin-top: 0px !important;padding-top: 0px !important;}\u00a0\u00bb][vc_column][vc_custom_heading text=\u00a0\u00bbCHANGEZ VOTRE EXP\u00c9RIENCE VoIP D\u00c8S MAINTENANT !\u00a0\u00bb font_container=\u00a0\u00bbtag:h2|text_align:center|color:%23343434&Prime; google_fonts=\u00a0\u00bbfont_family:Montserrat%3Aregular%2C700|font_style:400%20regular%3A400%3Anormal\u00a0\u00bb][vc_empty_space height=\u00a0\u00bb50px\u00a0\u00bb][\/vc_column][\/vc_row][vc_row][vc_column width=\u00a0\u00bb1\/5&Prime;][\/vc_column][vc_column width=\u00a0\u00bb1\/5&Prime;][vc_single_image image=\u00a0\u00bb129&Prime; img_size=\u00a0\u00bbmedium\u00a0\u00bb alignment=\u00a0\u00bbcenter\u00a0\u00bb][vc_column_text]<\/p>\n<p style=\"text-align: center;\"><span style=\"font-family: helvetica, arial, sans-serif; font-size: 20px;\">4486, Boul. Gouin Ouest<\/span><br \/>\n<span style=\"font-family: helvetica, arial, sans-serif; font-size: 20px;\">Montr\u00e9al (Qu\u00e9bec)<\/span><br \/>\n<span style=\"font-family: helvetica, arial, sans-serif; font-size: 20px;\">Canada H4J 1B7<\/span>[\/vc_column_text][\/vc_column][vc_column width=\u00a0\u00bb1\/5&Prime;][vc_single_image image=\u00a0\u00bb128&Prime; img_size=\u00a0\u00bbmedium\u00a0\u00bb alignment=\u00a0\u00bbcenter\u00a0\u00bb][vc_column_text]<\/p>\n<p style=\"text-align: center;\"><span style=\"font-family: helvetica, arial, sans-serif; font-size: 24px;\">1 866 722 3292<\/span><\/p>\n<p>[\/vc_column_text][\/vc_column][vc_column width=\u00a0\u00bb1\/5&Prime;][vc_single_image image=\u00a0\u00bb127&Prime; img_size=\u00a0\u00bbmedium\u00a0\u00bb alignment=\u00a0\u00bbcenter\u00a0\u00bb][vc_column_text]<\/p>\n<p style=\"text-align: center;\"><span style=\"font-family: arial, helvetica, sans-serif; font-size: 24px;\"><a href=\"mailto:info@scopserv.com\">info@scopserv.com<\/a><\/span><\/p>\n<p>[\/vc_column_text][\/vc_column][vc_column width=\u00a0\u00bb1\/5&Prime;][\/vc_column][\/vc_row][vc_row][vc_column][vc_custom_heading text=\u00a0\u00bbSUIVEZ-NOUS\u00a0\u00bb font_container=\u00a0\u00bbtag:h4|text_align:center\u00a0\u00bb google_fonts=\u00a0\u00bbfont_family:Montserrat%3Aregular%2C700|font_style:400%20regular%3A400%3Anormal\u00a0\u00bb][vc_empty_space][\/vc_column][\/vc_row][vc_row][vc_column width=\u00a0\u00bb1\/5&Prime;][\/vc_column][vc_column width=\u00a0\u00bb1\/5&Prime;][vc_icon icon_fontawesome=\u00a0\u00bbfab fa-facebook-square\u00a0\u00bb color=\u00a0\u00bbcustom\u00a0\u00bb size=\u00a0\u00bblg\u00a0\u00bb align=\u00a0\u00bbright\u00a0\u00bb custom_color=\u00a0\u00bb#3b5998&Prime; link=\u00a0\u00bburl:https%3A%2F%2Fwww.facebook.com%2Fscopserv%2F|||\u00a0\u00bb][\/vc_column][vc_column width=\u00a0\u00bb1\/5&Prime;][vc_icon icon_fontawesome=\u00a0\u00bbfab fa-linkedin\u00a0\u00bb color=\u00a0\u00bbcustom\u00a0\u00bb size=\u00a0\u00bblg\u00a0\u00bb align=\u00a0\u00bbcenter\u00a0\u00bb custom_color=\u00a0\u00bb#0e76a8&Prime; link=\u00a0\u00bburl:https%3A%2F%2Fwww.linkedin.com%2Fcompany%2Fscopserv-inc.%2F%3FviewAsMember%3Dtrue|||\u00a0\u00bb][\/vc_column][vc_column width=\u00a0\u00bb1\/5&Prime;][vc_icon icon_fontawesome=\u00a0\u00bbfab fa-twitter\u00a0\u00bb color=\u00a0\u00bbcustom\u00a0\u00bb size=\u00a0\u00bblg\u00a0\u00bb custom_color=\u00a0\u00bb#00acee\u00a0\u00bb link=\u00a0\u00bburl:https%3A%2F%2Ftwitter.com%2Fscopserv|||\u00a0\u00bb][\/vc_column][vc_column width=\u00a0\u00bb1\/5&Prime;][\/vc_column][\/vc_row]<\/p>\n","protected":false},"excerpt":{"rendered":"<p>[vc_row full_width=\u00a0\u00bbstretch_row_content\u00a0\u00bb gap=\u00a0\u00bb35&Prime; css=\u00a0\u00bb.vc_custom_1591383583616{background-color: #ffffff !important;}\u00a0\u00bb][vc_column] setREVStartSize({c: &lsquo;rev_slider_107_2&prime;,rl:[1240,1024,778,480],el:[440,440,440,440],gw:[1600,1024,778,480],gh:[440,440,440,440],type:&rsquo;standard&rsquo;,justify:\u00a0\u00bb,layout:&rsquo;fullwidth&rsquo;,mh:\u00a0\u00bb440&Prime;}); var revapi107, tpj; jQuery(function() { tpj = jQuery; if(tpj(\u00ab\u00a0#rev_slider_107_2\u00a0\u00bb).revolution == undefined){ revslider_showDoubleJqueryError(\u00ab\u00a0#rev_slider_107_2\u00a0\u00bb); }else{ revapi107 = tpj(\u00ab\u00a0#rev_slider_107_2&Prime;).show().revolution({ jsFileLocation:\u00a0\u00bb\/\/www-old.scopserv.com\/wp-content\/plugins\/revslider\/public\/assets\/js\/\u00a0\u00bb, sliderLayout:\u00a0\u00bbfullwidth\u00a0\u00bb, duration:\u00a0\u00bb3000ms\u00a0\u00bb, visibilityLevels:\u00a0\u00bb1240,1024,778,480&Prime;, gridwidth:\u00a0\u00bb1600,1024,778,480&Prime;, gridheight:\u00a0\u00bb440,440,440,440&Prime;, minHeight:440, spinner:\u00a0\u00bbspinner0&Prime;, editorheight:\u00a0\u00bb440,440,440,440&Prime;, responsiveLevels:\u00a0\u00bb1240,1024,778,480&Prime;, disableProgressBar:\u00a0\u00bbon\u00a0\u00bb, navigation: { onHoverStop:false }, fallbacks: { ignoreHeightChanges:\u00a0\u00bb\u00a0\u00bb, allowHTML5AutoPlayOnAndroid:true }, }); } }); [\/vc_column][\/vc_row][vc_row full_width=\u00a0\u00bbstretch_row_content\u00a0\u00bb gap=\u00a0\u00bb35&Prime; css=\u00a0\u00bb.vc_custom_1589385089882{background-color: #ffffff !important;}\u00a0\u00bb][vc_column width=\u00a0\u00bb1\/2&Prime;][vc_hoverbox image=\u00a0\u00bb15546&Prime; [&#8230;]<\/p>\n","protected":false},"author":12,"featured_media":0,"parent":0,"menu_order":0,"comment_status":"closed","ping_status":"closed","template":"page-front-page-revolution-fullwidth.php","meta":[],"aioseo_notices":[],"_links":{"self":[{"href":"https:\/\/www-old.scopserv.com\/fr\/wp-json\/wp\/v2\/pages\/15510"}],"collection":[{"href":"https:\/\/www-old.scopserv.com\/fr\/wp-json\/wp\/v2\/pages"}],"about":[{"href":"https:\/\/www-old.scopserv.com\/fr\/wp-json\/wp\/v2\/types\/page"}],"author":[{"embeddable":true,"href":"https:\/\/www-old.scopserv.com\/fr\/wp-json\/wp\/v2\/users\/12"}],"replies":[{"embeddable":true,"href":"https:\/\/www-old.scopserv.com\/fr\/wp-json\/wp\/v2\/comments?post=15510"}],"version-history":[{"count":57,"href":"https:\/\/www-old.scopserv.com\/fr\/wp-json\/wp\/v2\/pages\/15510\/revisions"}],"predecessor-version":[{"id":15867,"href":"https:\/\/www-old.scopserv.com\/fr\/wp-json\/wp\/v2\/pages\/15510\/revisions\/15867"}],"wp:attachment":[{"href":"https:\/\/www-old.scopserv.com\/fr\/wp-json\/wp\/v2\/media?parent=15510"}],"curies":[{"name":"wp","href":"https:\/\/api.w.org\/{rel}","templated":true}]}}