{"id":15415,"date":"2020-05-07T13:21:52","date_gmt":"2020-05-07T17:21:52","guid":{"rendered":"https:\/\/www.scopserv.com\/?page_id=15415"},"modified":"2020-06-05T15:59:25","modified_gmt":"2020-06-05T19:59:25","slug":"scopcloud","status":"publish","type":"page","link":"https:\/\/www-old.scopserv.com\/fr\/produits\/logiciel\/scopcloud\/","title":{"rendered":"SCOPCLOUD"},"content":{"rendered":"<p>[vc_row full_width=\u00a0\u00bbstretch_row_content\u00a0\u00bb full_height=\u00a0\u00bbyes\u00a0\u00bb css=\u00a0\u00bb.vc_custom_1588959339980{padding-top: 150px !important;padding-right: 150px !important;padding-bottom: 150px !important;padding-left: 150px !important;background: #ffffff url(https:\/\/www.scopserv.com\/wp-content\/uploads\/2020\/05\/c-dustin-K-Iog-Bqf8E-unsplash-scaled.jpg?id=15417) !important;background-position: center !important;background-repeat: no-repeat !important;background-size: cover !important;}\u00a0\u00bb][vc_column][vc_row_inner][vc_column_inner width=\u00a0\u00bb1\/4&Prime;][vc_single_image image=\u00a0\u00bb15868&Prime; img_size=\u00a0\u00bbmedium\u00a0\u00bb alignment=\u00a0\u00bbcenter\u00a0\u00bb onclick=\u00a0\u00bbcustom_link\u00a0\u00bb img_link_target=\u00a0\u00bb_blank\u00a0\u00bb css_animation=\u00a0\u00bbbounceInLeft\u00a0\u00bb link=\u00a0\u00bbhttps:\/\/www.scopserv.com\/fr\/teletravail\/\u00a0\u00bb][\/vc_column_inner][vc_column_inner width=\u00a0\u00bb3\/4&Prime;][vc_single_image image=\u00a0\u00bb13318&Prime; img_size=\u00a0\u00bblarge\u00a0\u00bb alignment=\u00a0\u00bbcenter\u00a0\u00bb][vc_column_text]<\/p>\n<p style=\"text-align: center;\"><span style=\"font-family: arial, helvetica, sans-serif; font-size: 24px; color: #ffffff;\">Service de t\u00e9l\u00e9phonie d\u2019affaires SCOPTEL IPBX Communication Platform as a Service (CPaaS)<\/span><\/p>\n<p>[\/vc_column_text][vc_empty_space][vc_btn title=\u00a0\u00bbEn Savoir Plus\u00a0\u00bb style=\u00a0\u00bboutline\u00a0\u00bb color=\u00a0\u00bbwhite\u00a0\u00bb align=\u00a0\u00bbcenter\u00a0\u00bb link=\u00a0\u00bburl:https%3A%2F%2Fwww.scopserv.com%2Fwp-content%2Fuploads%2F2019%2F11%2FSCOPCLOUD_FR_versionfinale.pdf|||\u00a0\u00bb el_class=\u00a0\u00bbget_my_copy\u00a0\u00bb][\/vc_column_inner][\/vc_row_inner][\/vc_column][\/vc_row][vc_row css=\u00a0\u00bb.vc_custom_1588880519598{background-color: #ffffff !important;}\u00a0\u00bb][vc_column][vc_row_inner][vc_column_inner css=\u00a0\u00bb.vc_custom_1588881437327{background-color: #f59c00 !important;background-position: center !important;background-repeat: no-repeat !important;background-size: contain !important;}\u00a0\u00bb][vc_column_text]<\/p>\n<p style=\"text-align: center;\"><span style=\"font-family: arial, helvetica, sans-serif; font-size: 24px; color: #ffffff;\">SCOPCLOUD supporte les revendeurs dans la demande grandissante en t\u00e9l\u00e9phonie VoIP h\u00e9berg\u00e9 cl\u00e9-en-main.<\/span><\/p>\n<p style=\"text-align: center;\"><span style=\"font-family: arial, helvetica, sans-serif; font-size: 24px; color: #ffffff;\">Ce service de classe mondiale d\u00e9di\u00e9 au march\u00e9 Nord-Am\u00e9ricain, est compl\u00e8tement g\u00e9r\u00e9 et support\u00e9 par ScopServ International Inc.<\/span><\/p>\n<p>[\/vc_column_text][\/vc_column_inner][\/vc_row_inner][\/vc_column][\/vc_row][vc_row css=\u00a0\u00bb.vc_custom_1588881475595{background-color: #ffffff !important;}\u00a0\u00bb][vc_column][\/vc_column][\/vc_row][vc_row full_width=\u00a0\u00bbstretch_row_content\u00a0\u00bb gap=\u00a0\u00bb35&Prime; equal_height=\u00a0\u00bbyes\u00a0\u00bb content_placement=\u00a0\u00bbmiddle\u00a0\u00bb css=\u00a0\u00bb.vc_custom_1588959354909{background-color: #ffffff !important;}\u00a0\u00bb][vc_column width=\u00a0\u00bb1\/4&Prime; css=\u00a0\u00bb.vc_custom_1588880563065{border-top-width: 2px !important;border-right-width: 2px !important;border-bottom-width: 2px !important;border-left-width: 2px !important;padding-top: 50px !important;padding-bottom: 50px !important;border-left-color: #f59c00 !important;border-left-style: solid !important;border-right-color: #f59c00 !important;border-right-style: solid !important;border-top-color: #f59c00 !important;border-top-style: solid !important;border-bottom-color: #f59c00 !important;border-bottom-style: solid !important;}\u00a0\u00bb][vc_custom_heading text=\u00a0\u00bbMODE H\u00c9BERG\u00c9\u00a0\u00bb font_container=\u00a0\u00bbtag:h2|font_size:30|text_align:center|color:%23f59c00&Prime; use_theme_fonts=\u00a0\u00bbyes\u00a0\u00bb css=\u00a0\u00bb.vc_custom_1588880703729{padding-right: 25px !important;padding-left: 25px !important;}\u00a0\u00bb][vc_separator color=\u00a0\u00bbcustom\u00a0\u00bb border_width=\u00a0\u00bb2&Prime; el_width=\u00a0\u00bb20&Prime; accent_color=\u00a0\u00bb#f59c00&Prime; css=\u00a0\u00bb.vc_custom_1588880582998{margin-bottom: 15px !important;}\u00a0\u00bb][vc_column_text css=\u00a0\u00bb.vc_custom_1588880689812{padding-right: 25px !important;padding-left: 25px !important;}\u00a0\u00bb]<\/p>\n<p style=\"text-align: center;\"><span style=\"font-family: arial, helvetica, sans-serif; font-size: 20px;\">Fournit un acc\u00e8s simplifi\u00e9 \u00e0 l\u2019ensemble des fonctionnalit\u00e9s de SCOPTEL IPBX en mode h\u00e9berg\u00e9.<\/span><\/p>\n<p>[\/vc_column_text][\/vc_column][vc_column width=\u00a0\u00bb1\/4&Prime; css=\u00a0\u00bb.vc_custom_1588880498184{padding-top: 50px !important;padding-bottom: 50px !important;background-color: #193855 !important;}\u00a0\u00bb][vc_custom_heading text=\u00a0\u00bbCOMMUNICATIONS UNIFI\u00c9ES\u00a0\u00bb font_container=\u00a0\u00bbtag:h3|font_size:30|text_align:center|color:%23ffffff\u00a0\u00bb use_theme_fonts=\u00a0\u00bbyes\u00a0\u00bb css=\u00a0\u00bb.vc_custom_1588880767460{padding-right: 25px !important;padding-left: 25px !important;}\u00a0\u00bb][vc_separator color=\u00a0\u00bbcustom\u00a0\u00bb border_width=\u00a0\u00bb2&Prime; el_width=\u00a0\u00bb20&Prime; accent_color=\u00a0\u00bb#f59c00&Prime; css=\u00a0\u00bb.vc_custom_1588880541206{margin-bottom: 15px !important;}\u00a0\u00bb][vc_column_text css=\u00a0\u00bb.vc_custom_1588880739175{padding-right: 25px !important;padding-left: 25px !important;}\u00a0\u00bb]<\/p>\n<p style=\"text-align: center;\"><span style=\"font-family: arial, helvetica, sans-serif; font-size: 20px; color: #ffffff;\">Solution compl\u00e8te \u00a0et sans compromis pour tous besoins pr\u00e9sents et futurs en mati\u00e8re de communication unifi\u00e9es et de collaboration (UC&amp;C).<\/span><\/p>\n<p>[\/vc_column_text][\/vc_column][vc_column width=\u00a0\u00bb1\/4&Prime; css=\u00a0\u00bb.vc_custom_1588880433173{border-top-width: 2px !important;border-right-width: 2px !important;border-bottom-width: 2px !important;border-left-width: 2px !important;padding-top: 50px !important;padding-bottom: 50px !important;border-left-color: #dd9933 !important;border-left-style: solid !important;border-right-color: #dd9933 !important;border-right-style: solid !important;border-top-color: #dd9933 !important;border-top-style: solid !important;border-bottom-color: #dd9933 !important;border-bottom-style: solid !important;}\u00a0\u00bb][vc_custom_heading text=\u00a0\u00bbINTERCONNECTIVIT\u00c9\u00a0\u00bb font_container=\u00a0\u00bbtag:h2|font_size:30|text_align:center|color:%23f59c00&Prime; use_theme_fonts=\u00a0\u00bbyes\u00a0\u00bb css=\u00a0\u00bb.vc_custom_1588880849634{padding-right: 25px !important;padding-left: 25px !important;}\u00a0\u00bb][vc_separator color=\u00a0\u00bbcustom\u00a0\u00bb border_width=\u00a0\u00bb2&Prime; el_width=\u00a0\u00bb20&Prime; accent_color=\u00a0\u00bb#f59c00&Prime; css=\u00a0\u00bb.vc_custom_1588880602031{margin-bottom: 15px !important;}\u00a0\u00bb][vc_column_text css=\u00a0\u00bb.vc_custom_1588880832934{padding-right: 25px !important;padding-left: 25px !important;}\u00a0\u00bb]<\/p>\n<p style=\"text-align: center;\"><span style=\"font-family: arial, helvetica, sans-serif; font-size: 20px;\">Solution d\u2019interconnectivit\u00e9 robuste, fiable et s\u00e9curis\u00e9e au r\u00e9seau t\u00e9l\u00e9phonique public commut\u00e9 (RTPC).<\/span><\/p>\n<p>[\/vc_column_text][\/vc_column][vc_column width=\u00a0\u00bb1\/4&Prime; css=\u00a0\u00bb.vc_custom_1588880629512{background-color: #183855 !important;}\u00a0\u00bb][vc_custom_heading text=\u00a0\u00bbEXPERTISE\u00a0\u00bb font_container=\u00a0\u00bbtag:h2|font_size:30|text_align:center|color:%23ffffff\u00a0\u00bb use_theme_fonts=\u00a0\u00bbyes\u00a0\u00bb css=\u00a0\u00bb.vc_custom_1588880924061{padding-right: 25px !important;padding-left: 25px !important;}\u00a0\u00bb][vc_separator color=\u00a0\u00bbcustom\u00a0\u00bb border_width=\u00a0\u00bb2&Prime; el_width=\u00a0\u00bb20&Prime; accent_color=\u00a0\u00bb#f59c00&Prime; css=\u00a0\u00bb.vc_custom_1588880611545{margin-bottom: 15px !important;}\u00a0\u00bb][vc_column_text css=\u00a0\u00bb.vc_custom_1588880912905{padding-right: 25px !important;padding-left: 25px !important;}\u00a0\u00bb]<\/p>\n<p style=\"text-align: center;\"><span style=\"font-size: 20px; font-family: arial, helvetica, sans-serif; color: #ffffff;\">Une \u00e9quipe de professionnels form\u00e9s et exp\u00e9riment\u00e9s en TI, Voix et Donn\u00e9es, et optimisation d\u2019infrastructures.<\/span><\/p>\n<p>[\/vc_column_text][\/vc_column][\/vc_row][vc_row css=\u00a0\u00bb.vc_custom_1588881485961{background-color: #ffffff !important;}\u00a0\u00bb][vc_column][\/vc_column][\/vc_row][vc_row css=\u00a0\u00bb.vc_custom_1588883261488{background-color: #193855 !important;background-position: center !important;background-repeat: no-repeat !important;background-size: contain !important;}\u00a0\u00bb][vc_column css=\u00a0\u00bb.vc_custom_1588883243387{background-position: center !important;background-repeat: no-repeat !important;background-size: contain !important;}\u00a0\u00bb][vc_custom_heading text=\u00a0\u00bbPayez au fur et \u00e0 mesure que vous grandissez ! &#8211; Appelez-nous 866 722 3292 &#8211;\u00a0\u00bb font_container=\u00a0\u00bbtag:h2|text_align:center|color:%23ffffff\u00a0\u00bb google_fonts=\u00a0\u00bbfont_family:Lato%3A100%2C100italic%2C300%2C300italic%2Cregular%2Citalic%2C700%2C700italic%2C900%2C900italic|font_style:400%20regular%3A400%3Anormal\u00a0\u00bb][vc_empty_space][\/vc_column][\/vc_row][vc_row css=\u00a0\u00bb.vc_custom_1588881496969{background-color: #ffffff !important;}\u00a0\u00bb][vc_column][\/vc_column][\/vc_row][vc_row full_width=\u00a0\u00bbstretch_row\u00a0\u00bb parallax=\u00a0\u00bbcontent-moving\u00a0\u00bb css=\u00a0\u00bb.vc_custom_1588883300663{padding-top: 100px !important;padding-bottom: 100px !important;background-image: url(https:\/\/www.scopserv.com\/wp-content\/uploads\/2020\/05\/c-dustin-K-Iog-Bqf8E-unsplash-scaled.jpg?id=15417) !important;background-position: center;background-repeat: no-repeat;background-size:cover;}\u00a0\u00bb][vc_column width=\u00a0\u00bb1\/2&Prime; css=\u00a0\u00bb.vc_custom_1588888662197{background-color: rgba(245,156,0,0.6) !important;*background-color: rgb(245,156,0) !important;}\u00a0\u00bb][vc_custom_heading text=\u00a0\u00bb<strong>S<\/strong>\u00a0\u00bb font_container=\u00a0\u00bbtag:h1|font_size:120|text_align:left|color:%23ffffff\u00a0\u00bb use_theme_fonts=\u00a0\u00bbyes\u00a0\u00bb css=\u00a0\u00bb.vc_custom_1588882088907{margin-top: 0px !important;padding-top: 25px !important;padding-right: 25px !important;padding-left: 25px !important;}\u00a0\u00bb][vc_empty_space][vc_column_text css=\u00a0\u00bb.vc_custom_1588882477729{padding-right: 25px !important;padding-left: 25px !important;}\u00a0\u00bb]<\/p>\n<p style=\"text-align: left;\"><span style=\"color: #ffffff; font-size: 20px;\"><strong><span style=\"font-family: arial, helvetica, sans-serif;\">SCOPCLOUD est une plateforme multisoci\u00e9t\u00e9s permettant de d\u00e9marrer \u00ab petit \u00bb et d\u2019ajouter des si\u00e8ges ou soci\u00e9t\u00e9s rapidement.<\/span><\/strong><\/span><\/p>\n<p style=\"text-align: left;\"><span style=\"color: #ffffff; font-size: 20px;\"><strong><span style=\"font-family: arial, helvetica, sans-serif;\">En toute simplicit\u00e9<\/span><\/strong><strong><span style=\"font-family: arial, helvetica, sans-serif;\"> \u00e0 l\u2019aide d\u2019une interface de gestion unique (GUI). <\/span><\/strong><\/span><\/p>\n<p style=\"text-align: left;\"><span style=\"color: #ffffff; font-size: 20px;\"><strong><span style=\"font-family: arial, helvetica, sans-serif;\">Vous ne payez que les si\u00e8ges dont vous avez besoin mensuellement !<\/span><\/strong><\/span><\/p>\n<p>[\/vc_column_text][vc_single_image image=\u00a0\u00bb13318&Prime; img_size=\u00a0\u00bbmedium\u00a0\u00bb alignment=\u00a0\u00bbright\u00a0\u00bb][\/vc_column][vc_column width=\u00a0\u00bb1\/2&Prime;][\/vc_column][\/vc_row][vc_row css=\u00a0\u00bb.vc_custom_1588883838870{background-color: #f59c00 !important;background-position: center !important;background-repeat: no-repeat !important;background-size: contain !important;}\u00a0\u00bb][vc_column width=\u00a0\u00bb2\/3&Prime; css=\u00a0\u00bb.vc_custom_1588883243387{background-position: center !important;background-repeat: no-repeat !important;background-size: contain !important;}\u00a0\u00bb][vc_custom_heading text=\u00a0\u00bbVOUS AVEZ DES QUESTIONS ? \u00c9CRIVEZ-NOUS !\u00a0\u00bb font_container=\u00a0\u00bbtag:h4|text_align:right|color:%23ffffff\u00a0\u00bb google_fonts=\u00a0\u00bbfont_family:Lato%3A100%2C100italic%2C300%2C300italic%2Cregular%2Citalic%2C700%2C700italic%2C900%2C900italic|font_style:400%20regular%3A400%3Anormal\u00a0\u00bb link=\u00a0\u00bburl:https%3A%2F%2Fwww.scopserv.com%2Ffr%2Fformulairedecontact%2F|||\u00a0\u00bb][vc_empty_space][\/vc_column][vc_column width=\u00a0\u00bb1\/3&Prime;][vc_icon icon_fontawesome=\u00a0\u00bbfas fa-paper-plane\u00a0\u00bb color=\u00a0\u00bbcustom\u00a0\u00bb custom_color=\u00a0\u00bb#ffffff\u00a0\u00bb link=\u00a0\u00bburl:https%3A%2F%2Fwww.scopserv.com%2Ffr%2Fformulairedecontact%2F|||\u00a0\u00bb][\/vc_column][\/vc_row][vc_row css=\u00a0\u00bb.vc_custom_1588883715438{background-color: #ffffff !important;}\u00a0\u00bb][vc_column][vc_empty_space][\/vc_column][\/vc_row][vc_row css=\u00a0\u00bb.vc_custom_1588883743835{background-color: #ffffff !important;}\u00a0\u00bb][vc_column css=\u00a0\u00bb.vc_custom_1588884251234{background-image: url(https:\/\/www.scopserv.com\/wp-content\/uploads\/2020\/03\/scoptel-site-scaled.jpg?id=14723) !important;}\u00a0\u00bb][vc_custom_heading text=\u00a0\u00bbOPTEZ POUR LE SERVICE SCOPCLOUD SUPPORT\u00c9 PAR LA TECHNOLOGIE SCOPTEL IPBX :\u00a0\u00bb font_container=\u00a0\u00bbtag:h4|text_align:center|color:%23ffffff\u00a0\u00bb google_fonts=\u00a0\u00bbfont_family:Lato%3A100%2C100italic%2C300%2C300italic%2Cregular%2Citalic%2C700%2C700italic%2C900%2C900italic|font_style:400%20regular%3A400%3Anormal\u00a0\u00bb][vc_custom_heading text=\u00a0\u00bbLE GESTIONNAIRE LE PLUS COMPLET DE T\u00c9L\u00c9PHONIE D&rsquo;AFFAIRES.\u00a0\u00bb font_container=\u00a0\u00bbtag:h5|text_align:center|color:%23ffffff\u00a0\u00bb google_fonts=\u00a0\u00bbfont_family:Lato%3A100%2C100italic%2C300%2C300italic%2Cregular%2Citalic%2C700%2C700italic%2C900%2C900italic|font_style:400%20regular%3A400%3Anormal\u00a0\u00bb][vc_empty_space][vc_single_image image=\u00a0\u00bb12842&Prime; img_size=\u00a0\u00bbmedium\u00a0\u00bb alignment=\u00a0\u00bbcenter\u00a0\u00bb][vc_btn title=\u00a0\u00bbEn Savoir Plus\u00a0\u00bb style=\u00a0\u00bboutline\u00a0\u00bb color=\u00a0\u00bbwhite\u00a0\u00bb align=\u00a0\u00bbcenter\u00a0\u00bb link=\u00a0\u00bburl:https%3A%2F%2Fwww.scopserv.com%2Ffr%2Fproduits%2Flogiciel%2F|||\u00a0\u00bb][\/vc_column][vc_column][vc_custom_heading text=\u00a0\u00bbSuivez-nous !\u00a0\u00bb font_container=\u00a0\u00bbtag:h2|text_align:center|color:%23193855&Prime; google_fonts=\u00a0\u00bbfont_family:Lato%3A100%2C100italic%2C300%2C300italic%2Cregular%2Citalic%2C700%2C700italic%2C900%2C900italic|font_style:400%20regular%3A400%3Anormal\u00a0\u00bb][\/vc_column][\/vc_row][vc_row css=\u00a0\u00bb.vc_custom_1588883743835{background-color: #ffffff !important;}\u00a0\u00bb][vc_column width=\u00a0\u00bb1\/6&Prime;][\/vc_column][vc_column width=\u00a0\u00bb1\/6&Prime;][vc_icon icon_fontawesome=\u00a0\u00bbfab fa-facebook-square\u00a0\u00bb color=\u00a0\u00bbcustom\u00a0\u00bb size=\u00a0\u00bbxl\u00a0\u00bb align=\u00a0\u00bbcenter\u00a0\u00bb custom_color=\u00a0\u00bb#3b5998&Prime; link=\u00a0\u00bburl:https%3A%2F%2Fwww.facebook.com%2Fscopserv%2F|||\u00a0\u00bb][\/vc_column][vc_column width=\u00a0\u00bb1\/6&Prime;][vc_icon icon_fontawesome=\u00a0\u00bbfab fa-linkedin\u00a0\u00bb color=\u00a0\u00bbcustom\u00a0\u00bb size=\u00a0\u00bbxl\u00a0\u00bb align=\u00a0\u00bbcenter\u00a0\u00bb custom_color=\u00a0\u00bb#0e76a8&Prime; link=\u00a0\u00bburl:https%3A%2F%2Fwww.linkedin.com%2Fcompany%2Fscopserv-inc.%2F%3FviewAsMember%3Dtrue|||\u00a0\u00bb][\/vc_column][vc_column width=\u00a0\u00bb1\/6&Prime;][vc_icon icon_fontawesome=\u00a0\u00bbfab fa-twitter\u00a0\u00bb color=\u00a0\u00bbcustom\u00a0\u00bb size=\u00a0\u00bbxl\u00a0\u00bb align=\u00a0\u00bbcenter\u00a0\u00bb custom_color=\u00a0\u00bb#00acee\u00a0\u00bb link=\u00a0\u00bburl:https%3A%2F%2Ftwitter.com%2Fscopserv|||\u00a0\u00bb][\/vc_column][vc_column width=\u00a0\u00bb1\/6&Prime;][vc_icon icon_fontawesome=\u00a0\u00bbfas fa-rss-square\u00a0\u00bb color=\u00a0\u00bbcustom\u00a0\u00bb size=\u00a0\u00bbxl\u00a0\u00bb align=\u00a0\u00bbcenter\u00a0\u00bb custom_color=\u00a0\u00bb#0068a5&Prime; link=\u00a0\u00bburl:https%3A%2F%2Fwww.scopserv.com%2Ffr%2Fblogue%2F|||\u00a0\u00bb][\/vc_column][vc_column width=\u00a0\u00bb1\/6&Prime;][\/vc_column][\/vc_row]<\/p>\n","protected":false},"excerpt":{"rendered":"<p>[vc_row full_width=\u00a0\u00bbstretch_row_content\u00a0\u00bb full_height=\u00a0\u00bbyes\u00a0\u00bb css=\u00a0\u00bb.vc_custom_1588959339980{padding-top: 150px !important;padding-right: 150px !important;padding-bottom: 150px !important;padding-left: 150px !important;background: #ffffff url(https:\/\/www.scopserv.com\/wp-content\/uploads\/2020\/05\/c-dustin-K-Iog-Bqf8E-unsplash-scaled.jpg?id=15417) !important;background-position: center !important;background-repeat: no-repeat !important;background-size: cover !important;}\u00a0\u00bb][vc_column][vc_row_inner][vc_column_inner width=\u00a0\u00bb1\/4&Prime;][vc_single_image image=\u00a0\u00bb15868&Prime; img_size=\u00a0\u00bbmedium\u00a0\u00bb alignment=\u00a0\u00bbcenter\u00a0\u00bb onclick=\u00a0\u00bbcustom_link\u00a0\u00bb img_link_target=\u00a0\u00bb_blank\u00a0\u00bb css_animation=\u00a0\u00bbbounceInLeft\u00a0\u00bb link=\u00a0\u00bbhttps:\/\/www.scopserv.com\/fr\/teletravail\/\u00a0\u00bb][\/vc_column_inner][vc_column_inner width=\u00a0\u00bb3\/4&Prime;][vc_single_image image=\u00a0\u00bb13318&Prime; img_size=\u00a0\u00bblarge\u00a0\u00bb alignment=\u00a0\u00bbcenter\u00a0\u00bb][vc_column_text] Service de t\u00e9l\u00e9phonie d\u2019affaires SCOPTEL IPBX Communication Platform as a Service (CPaaS) [\/vc_column_text][vc_empty_space][vc_btn title=\u00a0\u00bbEn Savoir Plus\u00a0\u00bb style=\u00a0\u00bboutline\u00a0\u00bb color=\u00a0\u00bbwhite\u00a0\u00bb align=\u00a0\u00bbcenter\u00a0\u00bb link=\u00a0\u00bburl:https%3A%2F%2Fwww.scopserv.com%2Fwp-content%2Fuploads%2F2019%2F11%2FSCOPCLOUD_FR_versionfinale.pdf|||\u00a0\u00bb el_class=\u00a0\u00bbget_my_copy\u00a0\u00bb][\/vc_column_inner][\/vc_row_inner][\/vc_column][\/vc_row][vc_row css=\u00a0\u00bb.vc_custom_1588880519598{background-color: [&#8230;]<\/p>\n","protected":false},"author":12,"featured_media":0,"parent":134,"menu_order":0,"comment_status":"closed","ping_status":"closed","template":"page-front-page-revolution-fullwidth.php","meta":[],"aioseo_notices":[],"_links":{"self":[{"href":"https:\/\/www-old.scopserv.com\/fr\/wp-json\/wp\/v2\/pages\/15415"}],"collection":[{"href":"https:\/\/www-old.scopserv.com\/fr\/wp-json\/wp\/v2\/pages"}],"about":[{"href":"https:\/\/www-old.scopserv.com\/fr\/wp-json\/wp\/v2\/types\/page"}],"author":[{"embeddable":true,"href":"https:\/\/www-old.scopserv.com\/fr\/wp-json\/wp\/v2\/users\/12"}],"replies":[{"embeddable":true,"href":"https:\/\/www-old.scopserv.com\/fr\/wp-json\/wp\/v2\/comments?post=15415"}],"version-history":[{"count":19,"href":"https:\/\/www-old.scopserv.com\/fr\/wp-json\/wp\/v2\/pages\/15415\/revisions"}],"predecessor-version":[{"id":15880,"href":"https:\/\/www-old.scopserv.com\/fr\/wp-json\/wp\/v2\/pages\/15415\/revisions\/15880"}],"up":[{"embeddable":true,"href":"https:\/\/www-old.scopserv.com\/fr\/wp-json\/wp\/v2\/pages\/134"}],"wp:attachment":[{"href":"https:\/\/www-old.scopserv.com\/fr\/wp-json\/wp\/v2\/media?parent=15415"}],"curies":[{"name":"wp","href":"https:\/\/api.w.org\/{rel}","templated":true}]}}