{"id":134,"date":"2016-04-13T23:34:37","date_gmt":"2016-04-13T23:34:37","guid":{"rendered":"https:\/\/www.scopserv.com\/?page_id=134"},"modified":"2020-06-05T16:22:25","modified_gmt":"2020-06-05T20:22:25","slug":"logiciel","status":"publish","type":"page","link":"https:\/\/www-old.scopserv.com\/fr\/produits\/logiciel\/","title":{"rendered":"ScopTel IPBX"},"content":{"rendered":"<p>[vc_row full_width=\u00a0\u00bbstretch_row\u00a0\u00bb parallax=\u00a0\u00bbcontent-moving\u00a0\u00bb css=\u00a0\u00bb.vc_custom_1583180774045{padding-top: 100px !important;padding-bottom: 100px !important;background: #5e5e5e url(https:\/\/www.scopserv.com\/wp-content\/uploads\/2020\/03\/scoptel-site-scaled.jpg?id=14723);background-position:center;background-repeat:-repeat;background-size:cover;}\u00a0\u00bb][vc_column][vc_row_inner][vc_column_inner width=\u00a0\u00bb1\/4&Prime;][vc_single_image image=\u00a0\u00bb15868&Prime; img_size=\u00a0\u00bbmedium\u00a0\u00bb alignment=\u00a0\u00bbright\u00a0\u00bb onclick=\u00a0\u00bbcustom_link\u00a0\u00bb img_link_target=\u00a0\u00bb_blank\u00a0\u00bb css_animation=\u00a0\u00bbbounceInLeft\u00a0\u00bb link=\u00a0\u00bbhttps:\/\/www.scopserv.com\/fr\/teletravail\/\u00a0\u00bb][\/vc_column_inner][vc_column_inner width=\u00a0\u00bb3\/4&Prime;][vc_single_image image=\u00a0\u00bb12842&Prime; img_size=\u00a0\u00bblarge\u00a0\u00bb alignment=\u00a0\u00bbcenter\u00a0\u00bb][\/vc_column_inner][\/vc_row_inner][vc_column_text css=\u00a0\u00bb.vc_custom_1588786892084{margin-bottom: 0px !important;}\u00a0\u00bb]<\/p>\n<p style=\"text-align: center;\"><span style=\"color: #ffffff;\"><strong><span style=\"font-size: 24pt;\">LE GESTIONNAIRE LE PLUS COMPLET DE LA T\u00c9L\u00c9PHONIE D&rsquo;AFFAIRES.<\/span><\/strong><\/span><\/p>\n<p>[\/vc_column_text][vc_empty_space][vc_row_inner][vc_column_inner width=\u00a0\u00bb1\/2&Prime;][vc_btn title=\u00a0\u00bbESSAYEZ LA SUITE LOGICIELLE GRATUITEMENT\u00a0\u00bb style=\u00a0\u00bbflat\u00a0\u00bb color=\u00a0\u00bbprimary\u00a0\u00bb align=\u00a0\u00bbright\u00a0\u00bb link=\u00a0\u00bburl:https%3A%2F%2Fwww.scopserv.com%2Ffr%2Fessayez-le%2F|||\u00a0\u00bb][\/vc_column_inner][vc_column_inner width=\u00a0\u00bb1\/2&Prime;][vc_btn title=\u00a0\u00bbD\u00c9COUVREZ TOUS LES PRODUITS SCOPTEL\u00a0\u00bb style=\u00a0\u00bboutline\u00a0\u00bb color=\u00a0\u00bbwhite\u00a0\u00bb align=\u00a0\u00bbleft\u00a0\u00bb link=\u00a0\u00bburl:https%3A%2F%2Fwww.scopserv.com%2Ffr%2Fproduits%2Fdocumentations%2F|||\u00a0\u00bb][\/vc_column_inner][\/vc_row_inner][\/vc_column][\/vc_row][vc_row full_width=\u00a0\u00bbstretch_row_content\u00a0\u00bb gap=\u00a0\u00bb35&Prime; equal_height=\u00a0\u00bbyes\u00a0\u00bb content_placement=\u00a0\u00bbmiddle\u00a0\u00bb css=\u00a0\u00bb.vc_custom_1588789280416{background-color: #ffffff !important;}\u00a0\u00bb][vc_column width=\u00a0\u00bb1\/2&Prime; css=\u00a0\u00bb.vc_custom_1588811436690{padding-top: 50px !important;padding-bottom: 50px !important;background-color: #e26752 !important;}\u00a0\u00bb][vc_custom_heading text=\u00a0\u00bbVERSION ENTREPRISE\u00a0\u00bb font_container=\u00a0\u00bbtag:h2|font_size:30|text_align:center|color:%23ffffff\u00a0\u00bb use_theme_fonts=\u00a0\u00bbyes\u00a0\u00bb css=\u00a0\u00bb.vc_custom_1588790936526{padding-right: 25px !important;padding-left: 25px !important;}\u00a0\u00bb][vc_separator color=\u00a0\u00bbcustom\u00a0\u00bb border_width=\u00a0\u00bb2&Prime; el_width=\u00a0\u00bb20&Prime; accent_color=\u00a0\u00bb#ffffff\u00a0\u00bb css=\u00a0\u00bb.vc_custom_1588811602109{margin-bottom: 15px !important;}\u00a0\u00bb][vc_column_text css=\u00a0\u00bb.vc_custom_1588790947470{padding-right: 25px !important;padding-left: 25px !important;}\u00a0\u00bb]<\/p>\n<p style=\"text-align: center;\"><span style=\"font-size: 20px; color: #ffffff;\">Ensemble complet de fonctionnalit\u00e9s \u00e9volu\u00e9es pour IPBX d\u2019entreprise.<\/span><\/p>\n<p>[\/vc_column_text][vc_empty_space][vc_btn title=\u00a0\u00bbD\u00c9COUVRIR LE PRODUIT\u00a0\u00bb style=\u00a0\u00bboutline\u00a0\u00bb color=\u00a0\u00bbwhite\u00a0\u00bb size=\u00a0\u00bbsm\u00a0\u00bb align=\u00a0\u00bbcenter\u00a0\u00bb link=\u00a0\u00bburl:https%3A%2F%2Fwww.scopserv.com%2Fwp-content%2Fuploads%2F2019%2F11%2FSCOPTEL_FR_versionfinale.pdf|||\u00a0\u00bb][\/vc_column][vc_column width=\u00a0\u00bb1\/2&Prime; css=\u00a0\u00bb.vc_custom_1588811539576{border-top-width: 2px !important;border-right-width: 2px !important;border-bottom-width: 2px !important;border-left-width: 2px !important;padding-top: 50px !important;padding-bottom: 50px !important;border-left-color: #e26752 !important;border-left-style: solid !important;border-right-color: #e26752 !important;border-right-style: solid !important;border-top-color: #e26752 !important;border-top-style: solid !important;border-bottom-color: #e26752 !important;border-bottom-style: solid !important;}\u00a0\u00bb][vc_custom_heading text=\u00a0\u00bbVERSION ENTREPRENEUR\u00a0\u00bb font_container=\u00a0\u00bbtag:h2|font_size:30|text_align:center|color:%23e26752&Prime; use_theme_fonts=\u00a0\u00bbyes\u00a0\u00bb css=\u00a0\u00bb.vc_custom_1588811461470{padding-right: 25px !important;padding-left: 25px !important;}\u00a0\u00bb][vc_separator color=\u00a0\u00bbcustom\u00a0\u00bb border_width=\u00a0\u00bb2&Prime; el_width=\u00a0\u00bb20&Prime; accent_color=\u00a0\u00bb#e26752&Prime; css=\u00a0\u00bb.vc_custom_1588811573446{margin-bottom: 15px !important;}\u00a0\u00bb][vc_column_text css=\u00a0\u00bb.vc_custom_1588811559721{padding-right: 25px !important;padding-left: 25px !important;}\u00a0\u00bb]<\/p>\n<p style=\"text-align: center;\"><span style=\"color: #e26752; font-size: 20px;\">IPBX MULTISOCI\u00c9T\u00c9S complet de t\u00e9l\u00e9phonie d\u2019affaires pour revente en mode infonuagique SaaS.<\/span><\/p>\n<p>[\/vc_column_text][vc_empty_space][vc_column_text css=\u00a0\u00bb.vc_custom_1588864791203{padding-right: 25px !important;padding-left: 25px !important;}\u00a0\u00bb]<\/p>\n<p style=\"text-align: center;\"><span style=\"color: #e26752; font-family: arial, helvetica, sans-serif;\">&#8211; APPELEZ-NOUS AU 866 722 3292-<\/span><\/p>\n<p>[\/vc_column_text][\/vc_column][\/vc_row][vc_row css=\u00a0\u00bb.vc_custom_1588704705048{background-color: #ffffff !important;}\u00a0\u00bb][vc_column][vc_custom_heading text=\u00a0\u00bbLA SOLUTION TOUT-EN-UN !\u00a0\u00bb font_container=\u00a0\u00bbtag:h3|font_size:55|text_align:center|color:%2300939e\u00a0\u00bb google_fonts=\u00a0\u00bbfont_family:Lato%3A100%2C100italic%2C300%2C300italic%2Cregular%2Citalic%2C700%2C700italic%2C900%2C900italic|font_style:400%20regular%3A400%3Anormal\u00a0\u00bb][vc_empty_space][vc_column_text css=\u00a0\u00bb.vc_custom_1588796405928{padding-right: 35px !important;padding-left: 35px !important;}\u00a0\u00bb]<\/p>\n<p style=\"text-align: center;\"><span style=\"font-family: arial, helvetica, sans-serif; font-size: 20px; color: #00939e;\">Compar\u00e9e aux autres grands acteurs de l\u2019industrie des communications d\u2019entreprise, la solution VoIP SCOPTEL IPBX est reconnue comme l\u2019alternative la plus robuste et \u00e9conomique \u00e0 la t\u00e9l\u00e9phonie traditionnelle ou propri\u00e9taire. <\/span><\/p>\n<p>[\/vc_column_text][\/vc_column][\/vc_row][vc_row full_width=\u00a0\u00bbstretch_row_content\u00a0\u00bb gap=\u00a0\u00bb35&Prime; equal_height=\u00a0\u00bbyes\u00a0\u00bb css=\u00a0\u00bb.vc_custom_1588703838513{background-color: #ffffff !important;}\u00a0\u00bb][vc_column css_animation=\u00a0\u00bbfadeInDownBig\u00a0\u00bb width=\u00a0\u00bb1\/3&Prime; css=\u00a0\u00bb.vc_custom_1588811496985{background-color: #00939e !important;}\u00a0\u00bb][vc_custom_heading text=\u00a0\u00bbINTERFACE GRAPHIQUE (GUI)\u00a0\u00bb font_container=\u00a0\u00bbtag:h4|text_align:center|color:%23ffffff\u00a0\u00bb use_theme_fonts=\u00a0\u00bbyes\u00a0\u00bb css=\u00a0\u00bb.vc_custom_1588789080331{padding-right: 35px !important;padding-left: 35px !important;}\u00a0\u00bb][vc_empty_space][vc_column_text css=\u00a0\u00bb.vc_custom_1588789115845{padding-right: 35px !important;padding-left: 35px !important;}\u00a0\u00bb]<\/p>\n<p style=\"text-align: center;\"><span style=\"font-family: arial, helvetica, sans-serif; color: #ffffff;\">GUI unique et multilingue, riche en fonctionnalit\u00e9s t\u00e9l\u00e9phoniques pour ADMINISTRATEUR et acc\u00e8s contingent\u00e9 pour sous-administrateur multiple.<\/span><\/p>\n<p>[\/vc_column_text][\/vc_column][vc_column css_animation=\u00a0\u00bbfadeInUpBig\u00a0\u00bb width=\u00a0\u00bb1\/3&Prime; css=\u00a0\u00bb.vc_custom_1588811515775{background-color: #00939e !important;}\u00a0\u00bb][vc_custom_heading text=\u00a0\u00bbPORTAIL WEB USAGER MODULABLE\u00a0\u00bb font_container=\u00a0\u00bbtag:h4|text_align:center|color:%23ffffff\u00a0\u00bb use_theme_fonts=\u00a0\u00bbyes\u00a0\u00bb css=\u00a0\u00bb.vc_custom_1588789000286{padding-right: 35px !important;padding-left: 35px !important;}\u00a0\u00bb][vc_empty_space][vc_column_text css=\u00a0\u00bb.vc_custom_1588787939328{padding-right: 35px !important;padding-left: 35px !important;}\u00a0\u00bb]<\/p>\n<p style=\"text-align: center;\"><span style=\"font-family: arial, helvetica, sans-serif; color: #ffffff;\">Fonctionnalit\u00e9s t\u00e9l\u00e9phoniques accessibles \u00e0 partir d\u2019un ordinateur, d\u2019un t\u00e9l\u00e9phone intelligent ou d\u2019une tablette pour chaque usager. <\/span><\/p>\n<p>[\/vc_column_text][\/vc_column][vc_column css_animation=\u00a0\u00bbfadeInDownBig\u00a0\u00bb width=\u00a0\u00bb1\/3&Prime; css=\u00a0\u00bb.vc_custom_1588811526792{background-color: #00939e !important;}\u00a0\u00bb][vc_custom_heading text=\u00a0\u00bbINTEROP\u00c9RABILIT\u00c9\u00a0\u00bb font_container=\u00a0\u00bbtag:h4|text_align:center|color:%23ffffff\u00a0\u00bb use_theme_fonts=\u00a0\u00bbyes\u00a0\u00bb css=\u00a0\u00bb.vc_custom_1588787139346{padding-right: 35px !important;padding-left: 35px !important;}\u00a0\u00bb][vc_empty_space][vc_column_text css=\u00a0\u00bb.vc_custom_1588797005714{padding-right: 35px !important;padding-left: 35px !important;}\u00a0\u00bb]<\/p>\n<p style=\"text-align: center;\"><span style=\"font-family: arial, helvetica, sans-serif; color: #ffffff;\">\u00c9cosyst\u00e8me robuste permettant l&rsquo;ajout de technologies tiers.<\/span><\/p>\n<p>[\/vc_column_text][\/vc_column][\/vc_row][vc_row css=\u00a0\u00bb.vc_custom_1588806332262{background-color: #ffffff !important;background-position: center !important;background-repeat: no-repeat !important;background-size: cover !important;}\u00a0\u00bb][vc_column][vc_separator color=\u00a0\u00bbblack\u00a0\u00bb el_width=\u00a0\u00bb40&Prime;][vc_custom_heading text=\u00a0\u00bbD\u00c9COUVREZ LES PRODUITS INT\u00c9GR\u00c9S DU SCOPTEL IPBX\u00a0\u00bb font_container=\u00a0\u00bbtag:h1|text_align:center|color:%23343434&Prime; use_theme_fonts=\u00a0\u00bbyes\u00a0\u00bb][vc_empty_space][vc_separator color=\u00a0\u00bbblack\u00a0\u00bb el_width=\u00a0\u00bb40&Prime;][vc_row_inner content_placement=\u00a0\u00bbmiddle\u00a0\u00bb gap=\u00a0\u00bb35&Prime;][vc_column_inner width=\u00a0\u00bb1\/3&Prime;][vc_hoverbox image=\u00a0\u00bb15376&Prime; primary_title=\u00a0\u00bb\u00a0\u00bb hover_title=\u00a0\u00bb\u00a0\u00bb hover_btn_title=\u00a0\u00bbEn Savoir +\u00a0\u00bb hover_btn_color=\u00a0\u00bbblack\u00a0\u00bb hover_add_button=\u00a0\u00bbtrue\u00a0\u00bb hover_btn_link=\u00a0\u00bburl:https%3A%2F%2Fwww.scopserv.com%2Ffr%2Fproduits%2Flogiciel%2Fscopstats%2F|||\u00a0\u00bb]<\/p>\n<p style=\"text-align: center;\"><span style=\"font-size: 20px;\">Des rapports exhaustifs pour analyser rapidement les serveurs, les t\u00e9l\u00e9phones et les lignes avec des donn\u00e9es historiques et en temps r\u00e9el.<\/span><\/p>\n<p>[\/vc_hoverbox][\/vc_column_inner][vc_column_inner width=\u00a0\u00bb1\/3&Prime;][vc_hoverbox image=\u00a0\u00bb15374&Prime; primary_title=\u00a0\u00bb\u00a0\u00bb hover_title=\u00a0\u00bb\u00a0\u00bb hover_btn_title=\u00a0\u00bbEn Savoir +\u00a0\u00bb hover_btn_color=\u00a0\u00bbblack\u00a0\u00bb hover_add_button=\u00a0\u00bbtrue\u00a0\u00bb hover_btn_link=\u00a0\u00bburl:https%3A%2F%2Fwww.scopserv.com%2Ffr%2Fproduits%2Flogiciel%2Fscopswitch%2F|||\u00a0\u00bb]<\/p>\n<p style=\"text-align: center;\"><span style=\"font-size: 20px;\">Application Web de contr\u00f4le de l\u2019environnement t\u00e9l\u00e9phonique en temps r\u00e9el qui permet de cr\u00e9er plusieurs tableaux pour g\u00e9rer et visualiser les statuts du serveur.<\/span><\/p>\n<p>[\/vc_hoverbox][\/vc_column_inner][vc_column_inner width=\u00a0\u00bb1\/3&Prime;][vc_hoverbox image=\u00a0\u00bb15394&Prime; primary_title=\u00a0\u00bb\u00a0\u00bb hover_title=\u00a0\u00bb\u00a0\u00bb hover_btn_title=\u00a0\u00bbEn Savoir +\u00a0\u00bb hover_btn_color=\u00a0\u00bbblack\u00a0\u00bb hover_add_button=\u00a0\u00bbtrue\u00a0\u00bb hover_btn_link=\u00a0\u00bburl:https%3A%2F%2Fwww.scopserv.com%2Ffr%2Fproduits%2Flogiciel%2Fscopdev%2F|||\u00a0\u00bb]<\/p>\n<p style=\"text-align: center;\"><span style=\"font-size: 20px; font-family: arial, helvetica, sans-serif;\">Le kit expert d\u2019int\u00e9gration d\u2019API (Application Program Interface) pour activer des fonctions de t\u00e9l\u00e9phonie \u00e0 des logiciels tiers.<\/span><\/p>\n<p>[\/vc_hoverbox][\/vc_column_inner][\/vc_row_inner][\/vc_column][\/vc_row][vc_row css=\u00a0\u00bb.vc_custom_1588704705048{background-color: #ffffff !important;}\u00a0\u00bb][vc_column width=\u00a0\u00bb1\/6&Prime;][vc_icon type=\u00a0\u00bblinecons\u00a0\u00bb icon_linecons=\u00a0\u00bbvc_li vc_li-bubble\u00a0\u00bb color=\u00a0\u00bbcustom\u00a0\u00bb size=\u00a0\u00bbxl\u00a0\u00bb align=\u00a0\u00bbright\u00a0\u00bb custom_color=\u00a0\u00bb#193855&Prime;][vc_empty_space][\/vc_column][vc_column width=\u00a0\u00bb2\/3&Prime;][vc_custom_heading text=\u00a0\u00bbEN T\u00c9L\u00c9TRAVAIL OU EN D\u00c9PLACEMENT, RESTEZ \u00c0 L\u2019\u00c9COUTE DE VOS PARTENAIRES D\u2019AFFAIRES.\u00a0\u00bb font_container=\u00a0\u00bbtag:h4|text_align:center|color:%23343434|line_height:1&Prime; google_fonts=\u00a0\u00bbfont_family:Lato%3A100%2C100italic%2C300%2C300italic%2Cregular%2Citalic%2C700%2C700italic%2C900%2C900italic|font_style:400%20regular%3A400%3Anormal\u00a0\u00bb][\/vc_column][vc_column width=\u00a0\u00bb1\/6&Prime;][\/vc_column][\/vc_row][vc_row full_width=\u00a0\u00bbstretch_row_content\u00a0\u00bb css=\u00a0\u00bb.vc_custom_1580923807954{padding-top: 100px !important;padding-bottom: 100px !important;background-image: url(https:\/\/www.scopserv.com\/wp-content\/uploads\/2019\/12\/BANNIERE_SCOPCOMM_FRA_SITEWEB.png?id=13252) !important;background-position: center !important;background-repeat: no-repeat !important;background-size: cover !important;}\u00a0\u00bb][vc_column][vc_row_inner equal_height=\u00a0\u00bbyes\u00a0\u00bb content_placement=\u00a0\u00bbmiddle\u00a0\u00bb css=\u00a0\u00bb.vc_custom_1580916929979{padding-top: 50px !important;padding-right: 50px !important;padding-bottom: 50px !important;padding-left: 50px !important;background-color: rgba(242,242,242,0.14) !important;*background-color: rgb(242,242,242) !important;border-radius: 25px !important;}\u00a0\u00bb][vc_column_inner width=\u00a0\u00bb2\/3&Prime;][vc_custom_heading text=\u00a0\u00bbL&rsquo;APPLICATION VoIP\u00a0\u00bb font_container=\u00a0\u00bbtag:h1|font_size:50|text_align:left|color:%23343434&Prime; use_theme_fonts=\u00a0\u00bbyes\u00a0\u00bb css_animation=\u00a0\u00bbzoomIn\u00a0\u00bb link=\u00a0\u00bburl:https%3A%2F%2Fwww.scopserv.com%2Ffr%2Fproduits%2Flogiciel%2Fscopcomm%2F|||\u00a0\u00bb][vc_empty_space][vc_column_text css_animation=\u00a0\u00bbzoomIn\u00a0\u00bb]<span style=\"color: #343434; font-size: 20px;\">La t\u00e9l\u00e9phonie VoIP pour t\u00e9l\u00e9phone intelligent et ordinateur.<\/span>[\/vc_column_text][vc_empty_space][vc_btn title=\u00a0\u00bbLire sur le blogue\u00a0\u00bb style=\u00a0\u00bboutline\u00a0\u00bb color=\u00a0\u00bbblack\u00a0\u00bb css_animation=\u00a0\u00bbzoomIn\u00a0\u00bb link=\u00a0\u00bburl:https%3A%2F%2Fwww.scopserv.com%2Ffr%2F13362%2F|title:ScopComm%20sur%20notre%20blogue||\u00a0\u00bb][\/vc_column_inner][\/vc_row_inner][\/vc_column][\/vc_row][vc_row][vc_column css=\u00a0\u00bb.vc_custom_1588894972104{background-color: #00939e !important;}\u00a0\u00bb][vc_row_inner][vc_column_inner width=\u00a0\u00bb1\/2&Prime;][vc_custom_heading text=\u00a0\u00bbVOUS AVEZ DES QUESTIONS ? \u00c9CRIVEZ-NOUS !\u00a0\u00bb font_container=\u00a0\u00bbtag:h4|text_align:right|color:%23ffffff\u00a0\u00bb google_fonts=\u00a0\u00bbfont_family:Lato%3A100%2C100italic%2C300%2C300italic%2Cregular%2Citalic%2C700%2C700italic%2C900%2C900italic|font_style:400%20regular%3A400%3Anormal\u00a0\u00bb link=\u00a0\u00bburl:https%3A%2F%2Fwww.scopserv.com%2Ffr%2Fformulairedecontact%2F|||\u00a0\u00bb][\/vc_column_inner][vc_column_inner width=\u00a0\u00bb1\/2&Prime;][vc_icon icon_fontawesome=\u00a0\u00bbfas fa-paper-plane\u00a0\u00bb color=\u00a0\u00bbwhite\u00a0\u00bb size=\u00a0\u00bblg\u00a0\u00bb link=\u00a0\u00bburl:https%3A%2F%2Fwww.scopserv.com%2Ffr%2Fformulairedecontact%2F|||\u00a0\u00bb][\/vc_column_inner][\/vc_row_inner][\/vc_column][\/vc_row][vc_row css=\u00a0\u00bb.vc_custom_1588808992029{background-color: #ffffff !important;}\u00a0\u00bb][vc_column][vc_custom_heading text=\u00a0\u00bbSuivez-nous !\u00a0\u00bb font_container=\u00a0\u00bbtag:h3|text_align:center|color:%23545454&Prime; google_fonts=\u00a0\u00bbfont_family:Lato%3A100%2C100italic%2C300%2C300italic%2Cregular%2Citalic%2C700%2C700italic%2C900%2C900italic|font_style:400%20regular%3A400%3Anormal\u00a0\u00bb][vc_empty_space css=\u00a0\u00bb.vc_custom_1583181181020{background-color: #ffffff !important;}\u00a0\u00bb][\/vc_column][\/vc_row][vc_row content_placement=\u00a0\u00bbmiddle\u00a0\u00bb css=\u00a0\u00bb.vc_custom_1588810766753{background-color: #ffffff !important;}\u00a0\u00bb][vc_column width=\u00a0\u00bb1\/6&Prime; css=\u00a0\u00bb.vc_custom_1588810479667{padding-top: 50px !important;padding-bottom: 50px !important;background-position: center !important;background-repeat: no-repeat !important;background-size: cover !important;}\u00a0\u00bb][\/vc_column][vc_column width=\u00a0\u00bb1\/6&Prime; css=\u00a0\u00bb.vc_custom_1588810654954{padding-top: 50px !important;padding-bottom: 50px !important;background-position: center !important;background-repeat: no-repeat !important;background-size: cover !important;}\u00a0\u00bb][vc_icon icon_fontawesome=\u00a0\u00bbfab fa-facebook-square\u00a0\u00bb color=\u00a0\u00bbcustom\u00a0\u00bb size=\u00a0\u00bbxl\u00a0\u00bb align=\u00a0\u00bbcenter\u00a0\u00bb custom_color=\u00a0\u00bb#3b5998&Prime; link=\u00a0\u00bburl:https%3A%2F%2Fwww.facebook.com%2Fscopserv%2F|||\u00a0\u00bb][\/vc_column][vc_column width=\u00a0\u00bb1\/6&Prime; css=\u00a0\u00bb.vc_custom_1588810665176{padding-top: 50px !important;padding-bottom: 50px !important;background-position: center !important;background-repeat: no-repeat !important;background-size: cover !important;}\u00a0\u00bb][vc_icon icon_fontawesome=\u00a0\u00bbfab fa-linkedin\u00a0\u00bb color=\u00a0\u00bbcustom\u00a0\u00bb size=\u00a0\u00bbxl\u00a0\u00bb align=\u00a0\u00bbcenter\u00a0\u00bb custom_color=\u00a0\u00bb#0e76a8&Prime; link=\u00a0\u00bburl:https%3A%2F%2Fwww.linkedin.com%2Fcompany%2Fscopserv-inc.%2F%3FviewAsMember%3Dtrue|||\u00a0\u00bb][\/vc_column][vc_column width=\u00a0\u00bb1\/6&Prime; css=\u00a0\u00bb.vc_custom_1588810678955{background-position: center !important;background-repeat: no-repeat !important;background-size: cover !important;}\u00a0\u00bb][vc_icon icon_fontawesome=\u00a0\u00bbfab fa-twitter\u00a0\u00bb color=\u00a0\u00bbcustom\u00a0\u00bb size=\u00a0\u00bbxl\u00a0\u00bb align=\u00a0\u00bbcenter\u00a0\u00bb custom_color=\u00a0\u00bb#00acee\u00a0\u00bb link=\u00a0\u00bburl:https%3A%2F%2Ftwitter.com%2Fscopserv|||\u00a0\u00bb][\/vc_column][vc_column width=\u00a0\u00bb1\/6&Prime;][vc_icon icon_fontawesome=\u00a0\u00bbfas fa-rss-square\u00a0\u00bb color=\u00a0\u00bbcustom\u00a0\u00bb size=\u00a0\u00bbxl\u00a0\u00bb align=\u00a0\u00bbcenter\u00a0\u00bb custom_color=\u00a0\u00bb#0068a5&Prime; link=\u00a0\u00bburl:https%3A%2F%2Fwww.scopserv.com%2Ffr%2Fblogue%2F|||\u00a0\u00bb][\/vc_column][vc_column width=\u00a0\u00bb1\/6&Prime;][\/vc_column][\/vc_row][vc_row][vc_column][\/vc_column][\/vc_row]<\/p>\n","protected":false},"excerpt":{"rendered":"<p>[vc_row full_width=\u00a0\u00bbstretch_row\u00a0\u00bb parallax=\u00a0\u00bbcontent-moving\u00a0\u00bb css=\u00a0\u00bb.vc_custom_1583180774045{padding-top: 100px !important;padding-bottom: 100px !important;background: #5e5e5e url(https:\/\/www.scopserv.com\/wp-content\/uploads\/2020\/03\/scoptel-site-scaled.jpg?id=14723);background-position:center;background-repeat:-repeat;background-size:cover;}\u00a0\u00bb][vc_column][vc_row_inner][vc_column_inner width=\u00a0\u00bb1\/4&Prime;][vc_single_image image=\u00a0\u00bb15868&Prime; img_size=\u00a0\u00bbmedium\u00a0\u00bb alignment=\u00a0\u00bbright\u00a0\u00bb onclick=\u00a0\u00bbcustom_link\u00a0\u00bb img_link_target=\u00a0\u00bb_blank\u00a0\u00bb css_animation=\u00a0\u00bbbounceInLeft\u00a0\u00bb link=\u00a0\u00bbhttps:\/\/www.scopserv.com\/fr\/teletravail\/\u00a0\u00bb][\/vc_column_inner][vc_column_inner width=\u00a0\u00bb3\/4&Prime;][vc_single_image image=\u00a0\u00bb12842&Prime; img_size=\u00a0\u00bblarge\u00a0\u00bb alignment=\u00a0\u00bbcenter\u00a0\u00bb][\/vc_column_inner][\/vc_row_inner][vc_column_text css=\u00a0\u00bb.vc_custom_1588786892084{margin-bottom: 0px !important;}\u00a0\u00bb] LE GESTIONNAIRE LE PLUS COMPLET DE LA T\u00c9L\u00c9PHONIE D&rsquo;AFFAIRES. [\/vc_column_text][vc_empty_space][vc_row_inner][vc_column_inner width=\u00a0\u00bb1\/2&Prime;][vc_btn title=\u00a0\u00bbESSAYEZ LA SUITE LOGICIELLE GRATUITEMENT\u00a0\u00bb style=\u00a0\u00bbflat\u00a0\u00bb color=\u00a0\u00bbprimary\u00a0\u00bb align=\u00a0\u00bbright\u00a0\u00bb link=\u00a0\u00bburl:https%3A%2F%2Fwww.scopserv.com%2Ffr%2Fessayez-le%2F|||\u00a0\u00bb][\/vc_column_inner][vc_column_inner width=\u00a0\u00bb1\/2&Prime;][vc_btn title=\u00a0\u00bbD\u00c9COUVREZ TOUS LES PRODUITS SCOPTEL\u00a0\u00bb style=\u00a0\u00bboutline\u00a0\u00bb color=\u00a0\u00bbwhite\u00a0\u00bb align=\u00a0\u00bbleft\u00a0\u00bb link=\u00a0\u00bburl:https%3A%2F%2Fwww.scopserv.com%2Ffr%2Fproduits%2Fdocumentations%2F|||\u00a0\u00bb][\/vc_column_inner][\/vc_row_inner][\/vc_column][\/vc_row][vc_row [&#8230;]<\/p>\n","protected":false},"author":1,"featured_media":0,"parent":9254,"menu_order":0,"comment_status":"closed","ping_status":"closed","template":"page-front-page-revolution-fullwidth.php","meta":[],"aioseo_notices":[],"_links":{"self":[{"href":"https:\/\/www-old.scopserv.com\/fr\/wp-json\/wp\/v2\/pages\/134"}],"collection":[{"href":"https:\/\/www-old.scopserv.com\/fr\/wp-json\/wp\/v2\/pages"}],"about":[{"href":"https:\/\/www-old.scopserv.com\/fr\/wp-json\/wp\/v2\/types\/page"}],"author":[{"embeddable":true,"href":"https:\/\/www-old.scopserv.com\/fr\/wp-json\/wp\/v2\/users\/1"}],"replies":[{"embeddable":true,"href":"https:\/\/www-old.scopserv.com\/fr\/wp-json\/wp\/v2\/comments?post=134"}],"version-history":[{"count":176,"href":"https:\/\/www-old.scopserv.com\/fr\/wp-json\/wp\/v2\/pages\/134\/revisions"}],"predecessor-version":[{"id":15883,"href":"https:\/\/www-old.scopserv.com\/fr\/wp-json\/wp\/v2\/pages\/134\/revisions\/15883"}],"up":[{"embeddable":true,"href":"https:\/\/www-old.scopserv.com\/fr\/wp-json\/wp\/v2\/pages\/9254"}],"wp:attachment":[{"href":"https:\/\/www-old.scopserv.com\/fr\/wp-json\/wp\/v2\/media?parent=134"}],"curies":[{"name":"wp","href":"https:\/\/api.w.org\/{rel}","templated":true}]}}